{"id":1067,"date":"2025-05-12T03:35:58","date_gmt":"2025-05-12T03:35:58","guid":{"rendered":"https:\/\/jinzho.com\/?post_type=product&#038;p=1067"},"modified":"2025-06-16T08:44:51","modified_gmt":"2025-06-16T08:44:51","slug":"high-power-solar-square-lights-for-basketball-courts-and-football-fields","status":"publish","type":"product","link":"https:\/\/jinzho.com\/es\/product\/high-power-solar-square-lights-for-basketball-courts-and-football-fields\/","title":{"rendered":"Luces solares cuadradas de alta potencia para canchas de baloncesto y campos de f\u00fatbol"},"content":{"rendered":"<h3>Par\u00e1metros del producto:<\/h3>\n<p><strong>Nombre del producto:<\/strong> Proyector solar LED para exteriores\u00a0 \u00a0 \u00a0 \u00a0 \u00a0 \u00a0 \u00a0 <strong>Tipo de chip:<\/strong> Fuente de luz LED\u00a0 \u00a0 \u00a0 \u00a0 \u00a0 \u00a0 <strong>Material:<\/strong> Aluminio inyectado + vidrio templado<br \/>\n<strong>Especificaciones del producto:<\/strong> 300W\/400W\/500W\/600W\u00a0 \u00a0 \u00a0 \u00a0 \u00a0 \u00a0<strong> \u00a0 Grado de impermeabilidad:<\/strong> IP66\u00a0 \u00a0 \u00a0 \u00a0 \u00a0 \u00a0 \u00a0<strong>Origen:<\/strong> Zhongshan, Guangdong, China<br \/>\n<strong>Tipo de interruptor:<\/strong> mando a distancia\/control de luces\/control horario<\/p>\n<table width=\"1339\">\n<tbody>\n<tr>\n<td width=\"153\">Estilo<\/td>\n<td width=\"265\">Fotograf\u00eda<\/td>\n<td width=\"368\">Par\u00e1metro<\/td>\n<td width=\"137\">Peso<\/td>\n<td width=\"416\">Embalaje en caja de color\uff08mm\uff09<\/td>\n<\/tr>\n<tr>\n<td width=\"153\">300W<\/td>\n<td rowspan=\"3\"><img decoding=\"async\" class=\"wp-image-4446\" src=\"http:\/\/jinzho.com\/wp-content\/uploads\/2025\/05\/\u56fe\u72471-8.png\" alt=\"400W solar led lights\" width=\"180\" height=\"197\" title=\"\"><\/td>\n<td width=\"368\">N\u00famero de LED\uff1a126<br \/>\nTama\u00f1o de la carcasa\uff1a385*320*70mm<br \/>\nTama\u00f1o del panel fotovoltaico\uff1a670*450mm<br \/>\nPaneles solares\uff1a6V\/40W<br \/>\nBater\u00edas\uff1a40000mAh<\/td>\n<td>6.5KG<\/td>\n<td width=\"416\">Caja de la l\u00e1mpara\uff1a400*380*360mm(5 PCS)<br \/>\nCaja del panel solar\uff1a680*200*455mm\uff085 PCS\uff09<\/td>\n<\/tr>\n<tr>\n<td width=\"153\">400W<\/td>\n<td width=\"368\">N\u00famero de LED\uff1a126<br \/>\nTama\u00f1o de la carcasa\uff1a385*320*70mm<br \/>\nTama\u00f1o del panel fotovoltaico\uff1a670*530mm<br \/>\nPaneles solares\uff1a6V\/50W<br \/>\nBater\u00edas\uff1a55000mAh<\/td>\n<td>7.2KG<\/td>\n<td width=\"416\">Caja de la l\u00e1mpara\uff1a400*380*360mm(5 PCS)<br \/>\nCaja del panel solar\uff1a680*200*545mm\uff085 PCS\uff09<\/td>\n<\/tr>\n<tr>\n<td width=\"153\">500W<\/td>\n<td width=\"368\">N\u00famero de LED\uff1a126<br \/>\nTama\u00f1o de la carcasa\uff1a385*320*70mm<br \/>\nTama\u00f1o del panel fotovoltaico\uff1a670*640mm<br \/>\nPaneles solares\uff1a6V\/60W<br \/>\nBater\u00edas\uff1a66000mAh<\/td>\n<td>8.5KG<\/td>\n<td width=\"416\">Caja de la l\u00e1mpara\uff1a400*380*360mm(5 PCS)<br \/>\nCaja del panel solar\uff1a680*200*650mm\uff085 PCS\uff09<\/td>\n<\/tr>\n<\/tbody>\n<\/table>\n<p>&nbsp;<\/p>\n<h3>Proceso de personalizaci\u00f3n del producto\uff1a<\/h3>\n<h4>Comunicar necesidades \u2192 Personalizar soluciones \u2192 Firmar contratos \u2192 Cooperaci\u00f3n satisfactoria \u2192 Inspecci\u00f3n de calidad y entrega \u2192 Procesamiento y producci\u00f3n<\/h4>\n<p><img fetchpriority=\"high\" decoding=\"async\" class=\"alignnone  wp-image-4448\" src=\"http:\/\/jinzho.com\/wp-content\/uploads\/2025\/05\/3-35-300x212.png\" alt=\"\" width=\"325\" height=\"230\" title=\"\" srcset=\"https:\/\/jinzho.com\/wp-content\/uploads\/2025\/05\/3-35-300x212.png 300w, https:\/\/jinzho.com\/wp-content\/uploads\/2025\/05\/3-35-600x425.png 600w, https:\/\/jinzho.com\/wp-content\/uploads\/2025\/05\/3-35.png 637w\" sizes=\"(max-width: 325px) 100vw, 325px\" \/><\/p>","protected":false},"excerpt":{"rendered":"<p>Las luces LED solares para jard\u00edn de 100W a 300W son dispositivos de iluminaci\u00f3n inteligente multipotencia dise\u00f1ados para escenarios exteriores como patios y jardines. Integran paneles solares de alta eficiencia y sistemas adaptativos con sensor de luz, admiten regulaci\u00f3n autom\u00e1tica de intensidad y control remoto, y son adecuadas para necesidades de decoraci\u00f3n energ\u00e9ticamente eficiente y seguridad en diferentes \u00e1reas. El producto adopta un dise\u00f1o modular multipotencia para adaptarse flexiblemente a escenas de jard\u00edn peque\u00f1as o grandes.<\/p>\n<p>Cantidad m\u00ednima de pedido: 500<br \/>\nPlazo de entrega: 15-25 d\u00edas<br \/>\nUbicaci\u00f3n de la f\u00e1brica: Zhongshan, Guangdong, China<\/p>","protected":false},"featured_media":4445,"comment_status":"closed","ping_status":"closed","template":"","meta":[],"product_brand":[],"product_cat":[2763],"product_tag":[170,176,177,178,179],"class_list":{"0":"post-1067","1":"product","2":"type-product","3":"status-publish","4":"has-post-thumbnail","6":"product_cat-solar-lamp","7":"product_tag-solar-led-garden-lights","8":"product_tag-100w-solar-led-lights","9":"product_tag-150w-solar-led-lights","10":"product_tag-200w-solar-led-lights","11":"product_tag-300w-solar-led-lights","13":"first","14":"instock","15":"shipping-taxable","16":"product-type-simple"},"_links":{"self":[{"href":"https:\/\/jinzho.com\/es\/wp-json\/wp\/v2\/product\/1067","targetHints":{"allow":["GET"]}}],"collection":[{"href":"https:\/\/jinzho.com\/es\/wp-json\/wp\/v2\/product"}],"about":[{"href":"https:\/\/jinzho.com\/es\/wp-json\/wp\/v2\/types\/product"}],"replies":[{"embeddable":true,"href":"https:\/\/jinzho.com\/es\/wp-json\/wp\/v2\/comments?post=1067"}],"wp:featuredmedia":[{"embeddable":true,"href":"https:\/\/jinzho.com\/es\/wp-json\/wp\/v2\/media\/4445"}],"wp:attachment":[{"href":"https:\/\/jinzho.com\/es\/wp-json\/wp\/v2\/media?parent=1067"}],"wp:term":[{"taxonomy":"product_brand","embeddable":true,"href":"https:\/\/jinzho.com\/es\/wp-json\/wp\/v2\/product_brand?post=1067"},{"taxonomy":"product_cat","embeddable":true,"href":"https:\/\/jinzho.com\/es\/wp-json\/wp\/v2\/product_cat?post=1067"},{"taxonomy":"product_tag","embeddable":true,"href":"https:\/\/jinzho.com\/es\/wp-json\/wp\/v2\/product_tag?post=1067"}],"curies":[{"name":"wp","href":"https:\/\/api.w.org\/{rel}","templated":true}]}}