{"id":1066,"date":"2025-05-12T03:35:58","date_gmt":"2025-05-12T03:35:58","guid":{"rendered":"https:\/\/jinzho.com\/?post_type=product&#038;p=1066"},"modified":"2025-06-16T07:41:24","modified_gmt":"2025-06-16T07:41:24","slug":"luces-led-solares-para-jardin","status":"publish","type":"product","link":"https:\/\/jinzho.com\/es\/product\/solar-led-lights-for-garden\/","title":{"rendered":"Luces LED solares para jard\u00edn"},"content":{"rendered":"<p>Estas l\u00e1mparas LED solares para jard\u00edn pueden cargarse r\u00e1pidamente incluso en d\u00edas lluviosos. La luz de arco con \u00e1ngulo amplio permite iluminaci\u00f3n durante todo el a\u00f1o y larga duraci\u00f3n de la bater\u00eda. La carcasa incluye tornillos de acero inoxidable, ajustables mediante destornillador, y el soporte giratorio permite modificar el rango del \u00e1ngulo de irradiaci\u00f3n. Es robusto y estable, con buen rendimiento y f\u00e1cil desmontaje. El panel solar y el cuerpo de la l\u00e1mpara cuentan con conectores de conversi\u00f3n de doble orificio de alta calidad. Su capacidad de corriente es superior a la de enchufes DC convencionales, lo que reduce p\u00e9rdidas de transmisi\u00f3n y es m\u00e1s seguro.<\/p>\n<table width=\"1339\">\n<tbody>\n<tr>\n<td width=\"153\">Estilo<\/td>\n<td width=\"265\">Fotograf\u00eda<\/td>\n<td width=\"368\">Par\u00e1metro<\/td>\n<td width=\"137\">Peso<\/td>\n<td width=\"416\">Embalaje en caja de color\uff08mm\uff09<\/td>\n<\/tr>\n<tr>\n<td width=\"153\">Tiangong 100W<\/td>\n<td rowspan=\"4\"><img decoding=\"async\" class=\"wp-image-4443 aligncenter\" src=\"http:\/\/jinzho.com\/wp-content\/uploads\/2025\/05\/0003-300x275.jpg\" alt=\"\" width=\"205\" height=\"187\" title=\"\" srcset=\"https:\/\/jinzho.com\/wp-content\/uploads\/2025\/05\/0003-300x275.jpg 300w, https:\/\/jinzho.com\/wp-content\/uploads\/2025\/05\/0003.jpg 545w\" sizes=\"(max-width: 205px) 100vw, 205px\" \/><\/td>\n<td width=\"368\">N\u00famero de LEDs\uff1a66<br \/>\nTama\u00f1o de la carcasa de la l\u00e1mpara\uff1a232*185*53mm<br \/>\nTama\u00f1o del panel fotovoltaico\uff1a350*290mm<br \/>\nPaneles solares\uff1a6V\/12W<br \/>\nBater\u00edas\uff1a12000mAh<\/td>\n<td>7.5KG<\/td>\n<td width=\"416\">CAJA DE L\u00c1MPARAS\uff1a395*320*250mm(10PCS)<br \/>\nCaja de paneles solares\uff1a405*310*330mm\uff0810PCS\uff09<\/td>\n<\/tr>\n<tr>\n<td width=\"153\">Tiangong 150W<\/td>\n<td width=\"368\">N\u00famero de LEDs\uff1a104<br \/>\nTama\u00f1o de la carcasa de la l\u00e1mpara\uff1a256*208*65mm<br \/>\nTama\u00f1o del panel fotovoltaico\uff1a350*350mm<br \/>\nPaneles solares\uff1a6V\/15W<br \/>\nBater\u00edas\uff1a18000mAh<\/td>\n<td>10KG<\/td>\n<td width=\"416\">CAJA DE L\u00c1MPARAS\uff1a440*370*275mm(10PCS)<br \/>\nCaja de paneles solares\uff1a380*300*380mm\uff0810PCS\uff09<\/td>\n<\/tr>\n<tr>\n<td width=\"153\">Tiangong 200W<\/td>\n<td width=\"368\">N\u00famero de LED\uff1a150<br \/>\nTama\u00f1o de la carcasa de la l\u00e1mpara\uff1a305*250*75mm<br \/>\nTama\u00f1o del panel fotovoltaico\uff1a450*530mm<br \/>\nPaneles solares\uff1a6V\/20W<br \/>\nBater\u00edas\uff1a24000mAh<\/td>\n<td>15KG<\/td>\n<td width=\"416\">CAJA DE L\u00c1MPARAS\uff1a420*302*530mm(10PCS)<br \/>\nCaja de paneles solares\uff1a485*300*375mm\uff0810PCS\uff09<\/td>\n<\/tr>\n<tr>\n<td width=\"153\">Tiangong 300W<\/td>\n<td width=\"368\">N\u00famero de LEDs\uff1a644<br \/>\nTama\u00f1o de la carcasa de la l\u00e1mpara\uff1a357*276*80mm<br \/>\nTama\u00f1o del panel fotovoltaico\uff1a450*630mm<br \/>\nPaneles solares\uff1a6V\/30W<br \/>\nBater\u00edas\uff1a30000mAh<\/td>\n<td>20.5KG<\/td>\n<td width=\"416\">CAJA DE L\u00c1MPARAS\uff1a450*370*580mm(10PCS)<br \/>\nCaja de paneles solares\uff1a665*30*375mm\uff0810PCS\uff09<\/td>\n<\/tr>\n<\/tbody>\n<\/table>","protected":false},"excerpt":{"rendered":"<p>Las l\u00e1mparas LED solares para jard\u00edn utilizan suministro de energ\u00eda fotovoltaica y tecnolog\u00eda de control de luz inteligente, admiten encendido nocturno por detecci\u00f3n autom\u00e1tica y cambio de efectos de iluminaci\u00f3n ambiental, el sistema de fotodetecci\u00f3n inteligente opera con consumo energ\u00e9tico cero, emplea materiales ecol\u00f3gicos y LEDs de larga duraci\u00f3n para reducir costos de mantenimiento.<\/p>\n<p>Cantidad m\u00ednima de pedido: 500<br \/>\nPlazo de entrega: 15-25 d\u00edas<br \/>\nUbicaci\u00f3n de la f\u00e1brica: Zhongshan, Guangdong, China<\/p>","protected":false},"featured_media":4441,"comment_status":"closed","ping_status":"closed","template":"","meta":[],"product_brand":[],"product_cat":[2763],"product_tag":[168,169,170,183,194],"class_list":{"0":"post-1066","1":"product","2":"type-product","3":"status-publish","4":"has-post-thumbnail","6":"product_cat-solar-lamp","7":"product_tag-solar-led-lights","8":"product_tag-led-solar-powered-lighting","9":"product_tag-solar-led-garden-lights","10":"product_tag-outdoor-solar-flood-light-fixtures","11":"product_tag-solar-parking-lot-lights","13":"first","14":"instock","15":"shipping-taxable","16":"product-type-simple"},"_links":{"self":[{"href":"https:\/\/jinzho.com\/es\/wp-json\/wp\/v2\/product\/1066","targetHints":{"allow":["GET"]}}],"collection":[{"href":"https:\/\/jinzho.com\/es\/wp-json\/wp\/v2\/product"}],"about":[{"href":"https:\/\/jinzho.com\/es\/wp-json\/wp\/v2\/types\/product"}],"replies":[{"embeddable":true,"href":"https:\/\/jinzho.com\/es\/wp-json\/wp\/v2\/comments?post=1066"}],"wp:featuredmedia":[{"embeddable":true,"href":"https:\/\/jinzho.com\/es\/wp-json\/wp\/v2\/media\/4441"}],"wp:attachment":[{"href":"https:\/\/jinzho.com\/es\/wp-json\/wp\/v2\/media?parent=1066"}],"wp:term":[{"taxonomy":"product_brand","embeddable":true,"href":"https:\/\/jinzho.com\/es\/wp-json\/wp\/v2\/product_brand?post=1066"},{"taxonomy":"product_cat","embeddable":true,"href":"https:\/\/jinzho.com\/es\/wp-json\/wp\/v2\/product_cat?post=1066"},{"taxonomy":"product_tag","embeddable":true,"href":"https:\/\/jinzho.com\/es\/wp-json\/wp\/v2\/product_tag?post=1066"}],"curies":[{"name":"wp","href":"https:\/\/api.w.org\/{rel}","templated":true}]}}