{"id":1062,"date":"2025-05-12T03:35:57","date_gmt":"2025-05-12T03:35:57","guid":{"rendered":"https:\/\/jinzho.com\/?post_type=product&#038;p=1062"},"modified":"2025-06-14T04:21:41","modified_gmt":"2025-06-14T04:21:41","slug":"luces-led-solares-con-control-remoto","status":"publish","type":"product","link":"https:\/\/jinzho.com\/es\/product\/remote-control-solar-led-lights\/","title":{"rendered":"Luces LED solares con control remoto"},"content":{"rendered":"<h3><strong>Caracter\u00edsticas<\/strong><\/h3>\n<p>Esta luminaria solar LED de 100W, 150W, 200W, 300W (adecuada para iluminaci\u00f3n de carreteras, estacionamientos y patios) es un producto avanzado de iluminaci\u00f3n solar, energ\u00e9ticamente eficiente, de alto rendimiento e independiente de la red el\u00e9ctrica, dise\u00f1ado para escenarios exteriores.<\/p>\n<p>\u2014\u2013Utiliza un panel solar dividido con mayor eficiencia de conversi\u00f3n de energ\u00eda, que puede acortar efectivamente el tiempo de carga de la bater\u00eda incluso en d\u00edas lluviosos; con un dise\u00f1o de cabezal ajustable, puede maximizar el uso de los recursos de luz solar diurna.<\/p>\n<p>\u2014\u2013El producto soporta operaci\u00f3n completamente autom\u00e1tica, con un sistema especial de control de luz incorporado que puede iniciar y detenerse autom\u00e1ticamente seg\u00fan la luz ambiental: enciende autom\u00e1ticamente la iluminaci\u00f3n en entornos oscuros y se apaga autom\u00e1ticamente durante el d\u00eda o en condiciones de luz intensa.<\/p>\n<p>\u2014\u2013El control remoto incluido est\u00e1 equipado con un bot\u00f3n de encendido\/apagado, soporta operaci\u00f3n a larga distancia y tiene un rango flexible de ajuste de brillo: el ajuste m\u00ednimo puede ser 30% del efecto de iluminaci\u00f3n del modo de ahorro de energ\u00eda, y el brillo m\u00e1ximo puede alcanzar 60%-100%.<\/p>\n<p>\u2014\u2013El cuerpo est\u00e1 fabricado con una carcasa duradera de aluminio fundido y vidrio templado, con dise\u00f1o impermeable y resistente al calor, nivel de protecci\u00f3n hasta IP65, y puede hacer frente a entornos exteriores complejos como viento y lluvia.<\/p>\n<p>\u2014\u2013El producto es f\u00e1cil de instalar, configurar y operar, y est\u00e1 equipado con un soporte universal para montaje en pared para satisfacer los requisitos de instalaci\u00f3n mural.<\/p>\n<p>\u2014\u2013Adem\u00e1s, la luminaria no requiere mantenimiento adicional ni pago de facturas el\u00e9ctricas, y su dise\u00f1o amigable para el usuario elimina las complicaciones del cableado y puede ponerse en uso sin instalaci\u00f3n profesional.<\/p>\n<table style=\"border-collapse: collapse; width: 673.22pt;\" border=\"0\" width=\"1122\" cellspacing=\"0\" cellpadding=\"0\">\n<tbody>\n<tr style=\"height: 67.00pt;\">\n<td class=\"et2\" style=\"height: 67.00pt; width: 48.00pt;\" width=\"80\" height=\"111\">Estilo<\/td>\n<td class=\"et3\" style=\"width: 173.40pt;\" width=\"289\">Fotograf\u00eda<\/td>\n<td class=\"et3\" style=\"width: 165.60pt;\" width=\"276\">Par\u00e1metro<\/td>\n<td class=\"et3\" style=\"width: 286.20pt;\" width=\"477\">Embalaje en caja de color\uff08mm\uff09<\/td>\n<\/tr>\n<tr style=\"height: 31.20pt;\">\n<td class=\"et4\" style=\"height: 31.20pt; width: 48.00pt;\" width=\"80\" height=\"52\">100W<\/td>\n<td class=\"et5\" rowspan=\"4\"><img decoding=\"async\" class=\"wp-image-4187 aligncenter\" src=\"http:\/\/jinzho.com\/wp-content\/uploads\/2025\/05\/2-197-300x215.jpg\" alt=\"\" width=\"205\" height=\"147\" title=\"\" srcset=\"https:\/\/jinzho.com\/wp-content\/uploads\/2025\/05\/2-197-300x215.jpg 300w, https:\/\/jinzho.com\/wp-content\/uploads\/2025\/05\/2-197.jpg 306w\" sizes=\"(max-width: 205px) 100vw, 205px\" \/><\/td>\n<td class=\"et6\" style=\"width: 165.60pt;\" width=\"276\">(Paneles Solares\uff1a5V\u300120W)<br \/>\n(Bater\u00edas\uff1a8000mAh)<\/td>\n<td class=\"et7\" style=\"width: 286.20pt;\" width=\"477\">Embalaje exterior: 540*235*520 mm<\/td>\n<\/tr>\n<tr style=\"height: 31.20pt;\">\n<td class=\"et4\" style=\"height: 31.20pt; width: 48.00pt;\" width=\"80\" height=\"52\">150W<\/td>\n<td class=\"et6\" style=\"width: 165.60pt;\" width=\"276\">(Paneles Solares\uff1a5V\u300130W)<br \/>\n(Bater\u00edas\uff1a12000mAh)<\/td>\n<td class=\"et7\" style=\"width: 286.20pt;\" width=\"477\">Embalaje exterior: 540*235*520 mm<\/td>\n<\/tr>\n<tr style=\"height: 31.20pt;\">\n<td class=\"et4\" style=\"height: 31.20pt; width: 48.00pt;\" width=\"80\" height=\"52\">200W<\/td>\n<td class=\"et6\" style=\"width: 165.60pt;\" width=\"276\">(Paneles Solares\uff1a5V\u300140W)<br \/>\n(Bater\u00edas\uff1a15000mAh)<\/td>\n<td class=\"et7\" style=\"width: 286.20pt;\" width=\"477\">Embalaje exterior: 540*235*520 mm<\/td>\n<\/tr>\n<tr style=\"height: 31.20pt;\">\n<td class=\"et4\" style=\"height: 31.20pt; width: 48.00pt;\" width=\"80\" height=\"52\">300W<\/td>\n<td class=\"et6\" style=\"width: 165.60pt;\" width=\"276\">(Paneles solares\uff1a5V\u300145W)<br \/>\n(Bater\u00edas\uff1a20000mAh)<\/td>\n<td class=\"et7\" style=\"width: 286.20pt;\" width=\"477\">Embalaje exterior: 540*235*520 mm<\/td>\n<\/tr>\n<\/tbody>\n<\/table>\n<h3>PREGUNTAS FRECUENTES<\/h3>\n<p>1. \u00bfVenden directamente desde f\u00e1brica?<br \/>\nS\u00ed, contamos con una base de producci\u00f3n independiente, y todos los productos se suministran directamente desde nuestra propia f\u00e1brica para garantizar el control de calidad y ofrecer precios de f\u00e1brica competitivos en el mercado. Controlamos de forma independiente todo el proceso desde I+D hasta la producci\u00f3n de productos, y apoyamos necesidades personalizadas.<\/p>\n<p>2. \u00bfTienen precios y servicios especiales para mayoristas?<br \/>\nOfrecemos pol\u00edticas preferenciales especiales para clientes mayoristas, que incluyen precios escalonados, servicios OEM\/ODM y soporte log\u00edstico exclusivo. Las compras al por mayor pueden disfrutar de precios unitarios m\u00e1s bajos, y las especificaciones del producto y dise\u00f1os de embalaje se pueden personalizar seg\u00fan las necesidades del cliente.<\/p>\n<p>3. \u00bfQu\u00e9 m\u00e9todos de pago puedo utilizar? \u00bfEs seguro mi pago?<br \/>\nSoportamos una variedad de m\u00e9todos de pago internacionales como Visa, MasterCard, PayPal, transferencia bancaria y Western Union. Todas las transacciones se procesan a trav\u00e9s de canales encriptados, cumplen con los est\u00e1ndares de seguridad PCI-DSS y garantizan la seguridad del flujo de capital.<\/p>\n<p>4. \u00bfCu\u00e1nto tiempo tarda en enviarse mi pedido? \u00bfCu\u00e1nto tardar\u00e9 en recibir la mercanc\u00eda?<br \/>\nDespu\u00e9s de negociar el pedido y realizar el pago, la mercanc\u00eda generalmente se prepara y env\u00eda dentro de 7-15 d\u00edas laborables. Suele tardar 15-30 d\u00edas en entregarse en China continental a trav\u00e9s de log\u00edstica transfronteriza, y puede extenderse a 45 d\u00edas en \u00e1reas remotas. El tiempo espec\u00edfico se puede consultar en tiempo real a trav\u00e9s del n\u00famero de pedido log\u00edstico.<\/p>\n<p>5. \u00bfC\u00f3mo es la garant\u00eda?<br \/>\nOfrecemos una garant\u00eda de 1 a\u00f1o. Todos los productos son probados estrictamente durante 72 horas y verificados para impermeabilidad IP65 por nuestros inspectores de calidad experimentados antes del env\u00edo.<br \/>\n6. \u00bfC\u00f3mo es el servicio postventa?<br \/>\nLa satisfacci\u00f3n del cliente es siempre nuestra m\u00e1xima prioridad. Si tiene alguna pregunta o problema sobre nuestros productos o pol\u00edticas, por favor cont\u00e1ctenos.<\/p>","protected":false},"excerpt":{"rendered":"<p>Las luces LED solares con control remoto utilizan suministro de energ\u00eda fotovoltaica y tecnolog\u00eda de control remoto inal\u00e1mbrico para satisfacer las necesidades de iluminaci\u00f3n energ\u00e9ticamente eficiente en escenarios exteriores como patios y jardines. La tecnolog\u00eda de detecci\u00f3n de luz adaptativa logra una operaci\u00f3n de consumo energ\u00e9tico cero, y la estructura completamente sellada e impermeable resiste condiciones clim\u00e1ticas extremas.<\/p>\n<p>Cantidad m\u00ednima de pedido: 500<br \/>\nPlazo de entrega: 15-25 d\u00edas<br \/>\nUbicaci\u00f3n de la f\u00e1brica: Zhongshan, Guangdong, China<\/p>","protected":false},"featured_media":4183,"comment_status":"closed","ping_status":"closed","template":"","meta":[],"product_brand":[],"product_cat":[2763],"product_tag":[168,173,174,182,193],"class_list":{"0":"post-1062","1":"product","2":"type-product","3":"status-publish","4":"has-post-thumbnail","6":"product_cat-solar-lamp","7":"product_tag-solar-led-lights","8":"product_tag-solar-led-strip-lights","9":"product_tag-solar-led-strip-lights-waterproof","10":"product_tag-led-light-strips-solar","11":"product_tag-solar-pool-lights","13":"first","14":"instock","15":"shipping-taxable","16":"product-type-simple"},"_links":{"self":[{"href":"https:\/\/jinzho.com\/es\/wp-json\/wp\/v2\/product\/1062","targetHints":{"allow":["GET"]}}],"collection":[{"href":"https:\/\/jinzho.com\/es\/wp-json\/wp\/v2\/product"}],"about":[{"href":"https:\/\/jinzho.com\/es\/wp-json\/wp\/v2\/types\/product"}],"replies":[{"embeddable":true,"href":"https:\/\/jinzho.com\/es\/wp-json\/wp\/v2\/comments?post=1062"}],"wp:featuredmedia":[{"embeddable":true,"href":"https:\/\/jinzho.com\/es\/wp-json\/wp\/v2\/media\/4183"}],"wp:attachment":[{"href":"https:\/\/jinzho.com\/es\/wp-json\/wp\/v2\/media?parent=1062"}],"wp:term":[{"taxonomy":"product_brand","embeddable":true,"href":"https:\/\/jinzho.com\/es\/wp-json\/wp\/v2\/product_brand?post=1062"},{"taxonomy":"product_cat","embeddable":true,"href":"https:\/\/jinzho.com\/es\/wp-json\/wp\/v2\/product_cat?post=1062"},{"taxonomy":"product_tag","embeddable":true,"href":"https:\/\/jinzho.com\/es\/wp-json\/wp\/v2\/product_tag?post=1062"}],"curies":[{"name":"wp","href":"https:\/\/api.w.org\/{rel}","templated":true}]}}