{"id":1061,"date":"2025-05-12T03:35:57","date_gmt":"2025-05-12T03:35:57","guid":{"rendered":"https:\/\/jinzho.com\/?post_type=product&#038;p=1061"},"modified":"2025-06-14T03:41:57","modified_gmt":"2025-06-14T03:41:57","slug":"waterproof-solar-remote-control-street-light","status":"publish","type":"product","link":"https:\/\/jinzho.com\/es\/product\/waterproof-solar-remote-control-street-light\/","title":{"rendered":"Farola solar impermeable con control remoto"},"content":{"rendered":"<h3>Calidad detallada:<\/h3>\n<p><strong>1) Panel solar de grado A<\/strong><br \/>\nPanel solar de grado A para exportaci\u00f3n (certificaci\u00f3n CE), tasa de conversi\u00f3n fotovoltaica de hasta 98%, vida \u00fatil de m\u00e1s de 20 a\u00f1os, sin necesidad de tender cables, energ\u00eda gratuita.<\/p>\n<p><strong>2) Cubierta de vidrio templado<\/strong><br \/>\nIncorpora cubierta de vidrio templado, alta dureza, gran resistencia a impactos, alta transmitancia luminosa.<\/p>\n<p><strong>3) Cuerpo de l\u00e1mpara con carcasa totalmente de aluminio<\/strong><br \/>\nCarcasa de l\u00e1mpara con estructura integrada de alta calidad para disipaci\u00f3n de calor, excelente efecto de disipaci\u00f3n, dise\u00f1o aerodin\u00e1mico moldeado por inyecci\u00f3n de aluminio.<\/p>\n<p><strong>4) Conector macho-hembra impermeable<\/strong><br \/>\nUtiliza conector macho-hembra impermeable para garantizar eficazmente la conexi\u00f3n segura entre el cuerpo de la l\u00e1mpara y el panel solar.<\/p>\n<p><strong>5) Perlas LED s\u00faper brillantes<\/strong><br \/>\nEmplea perlas LED de blanco puro de alta luminosidad, perlas con lente de alta luminosidad y buena transmitancia, fuerte concentraci\u00f3n de luz, incremento del brillo en 300%, decaimiento luminoso inferior al 3%, rendimiento estable, alta luminosidad, larga vida \u00fatil, duraderas, distribuci\u00f3n secundaria de luz mediante lente, disipador de calor de aleaci\u00f3n de aluminio.<\/p>\n<p><img decoding=\"async\" class=\"alignnone wp-image-4176\" src=\"http:\/\/jinzho.com\/wp-content\/uploads\/2025\/05\/4-188-300x202.jpg\" alt=\"\" width=\"235\" height=\"158\" title=\"\" srcset=\"https:\/\/jinzho.com\/wp-content\/uploads\/2025\/05\/4-188-300x202.jpg 300w, https:\/\/jinzho.com\/wp-content\/uploads\/2025\/05\/4-188.jpg 504w\" sizes=\"(max-width: 235px) 100vw, 235px\" \/>\u00a0 \u00a0 \u00a0\u00a0 <img decoding=\"async\" class=\"alignnone wp-image-4177\" src=\"http:\/\/jinzho.com\/wp-content\/uploads\/2025\/05\/5-41-300x205.jpg\" alt=\"\" width=\"233\" height=\"159\" title=\"\" srcset=\"https:\/\/jinzho.com\/wp-content\/uploads\/2025\/05\/5-41-300x205.jpg 300w, https:\/\/jinzho.com\/wp-content\/uploads\/2025\/05\/5-41.jpg 486w\" sizes=\"(max-width: 233px) 100vw, 233px\" \/>\u00a0 \u00a0 <img decoding=\"async\" class=\"alignnone wp-image-4180\" src=\"http:\/\/jinzho.com\/wp-content\/uploads\/2025\/05\/8-4-300x222.jpg\" alt=\"\" width=\"214\" height=\"158\" title=\"\" srcset=\"https:\/\/jinzho.com\/wp-content\/uploads\/2025\/05\/8-4-300x222.jpg 300w, https:\/\/jinzho.com\/wp-content\/uploads\/2025\/05\/8-4-768x569.jpg 768w, https:\/\/jinzho.com\/wp-content\/uploads\/2025\/05\/8-4-600x444.jpg 600w, https:\/\/jinzho.com\/wp-content\/uploads\/2025\/05\/8-4.jpg 829w\" sizes=\"(max-width: 214px) 100vw, 214px\" \/>\u00a0 <img loading=\"lazy\" decoding=\"async\" class=\"alignnone wp-image-4178\" src=\"http:\/\/jinzho.com\/wp-content\/uploads\/2025\/05\/6-4-300x239.jpg\" alt=\"\" width=\"200\" height=\"159\" title=\"\" srcset=\"https:\/\/jinzho.com\/wp-content\/uploads\/2025\/05\/6-4-300x239.jpg 300w, https:\/\/jinzho.com\/wp-content\/uploads\/2025\/05\/6-4.jpg 401w\" sizes=\"(max-width: 200px) 100vw, 200px\" \/>\u00a0 \u00a0 \u00a0\u00a0 <img loading=\"lazy\" decoding=\"async\" class=\"alignnone wp-image-4179\" src=\"http:\/\/jinzho.com\/wp-content\/uploads\/2025\/05\/7-3-213x300.jpg\" alt=\"\" width=\"113\" height=\"159\" title=\"\" srcset=\"https:\/\/jinzho.com\/wp-content\/uploads\/2025\/05\/7-3-213x300.jpg 213w, https:\/\/jinzho.com\/wp-content\/uploads\/2025\/05\/7-3.jpg 350w\" sizes=\"(max-width: 113px) 100vw, 113px\" \/><\/p>\n<p>&nbsp;<\/p>\n<table style=\"border-collapse: collapse; width: 589.83pt;\" border=\"0\" width=\"983\" cellspacing=\"0\" cellpadding=\"0\">\n<tbody>\n<tr style=\"height: 67.00pt;\">\n<td class=\"et2\" style=\"height: 67.00pt; width: 48.00pt;\" width=\"80\" height=\"111\">Estilo<\/td>\n<td class=\"et3\" style=\"width: 173.40pt;\" width=\"289\">Fotograf\u00eda<\/td>\n<td class=\"et3\" style=\"width: 165.60pt;\" width=\"276\">Par\u00e1metro<\/td>\n<td class=\"et3\" style=\"width: 202.80pt;\" width=\"338\">Embalaje en caja de color\uff08mm\uff09<\/td>\n<\/tr>\n<tr style=\"height: 31.20pt;\">\n<td class=\"et4\" style=\"height: 31.20pt; width: 48.00pt;\" width=\"80\" height=\"52\">100W<\/td>\n<td class=\"et5\" rowspan=\"4\"><img loading=\"lazy\" decoding=\"async\" class=\"wp-image-4181 aligncenter\" src=\"http:\/\/jinzho.com\/wp-content\/uploads\/2025\/05\/1-56-300x300.png\" alt=\"\" width=\"159\" height=\"159\" title=\"\" srcset=\"https:\/\/jinzho.com\/wp-content\/uploads\/2025\/05\/1-56-300x300.png 300w, https:\/\/jinzho.com\/wp-content\/uploads\/2025\/05\/1-56-150x150.png 150w, https:\/\/jinzho.com\/wp-content\/uploads\/2025\/05\/1-56-100x100.png 100w, https:\/\/jinzho.com\/wp-content\/uploads\/2025\/05\/1-56.png 600w\" sizes=\"(max-width: 159px) 100vw, 159px\" \/><\/td>\n<td class=\"et6\" style=\"width: 165.60pt;\" width=\"276\">(Paneles Solares\uff1a5V\u300120W)<br \/>\n(Bater\u00edas\uff1a8000mAh)<\/td>\n<td class=\"et7\" style=\"width: 202.80pt;\" width=\"338\">Embalaje exterior: 540*235*520 mm<\/td>\n<\/tr>\n<tr style=\"height: 31.20pt;\">\n<td class=\"et4\" style=\"height: 31.20pt; width: 48.00pt;\" width=\"80\" height=\"52\">150W<\/td>\n<td class=\"et6\" style=\"width: 165.60pt;\" width=\"276\">(Paneles Solares\uff1a5V\u300130W)<br \/>\n(Bater\u00edas\uff1a12000mAh)<\/td>\n<td class=\"et7\" style=\"width: 202.80pt;\" width=\"338\">Embalaje exterior: 540*235*520 mm<\/td>\n<\/tr>\n<tr style=\"height: 31.20pt;\">\n<td class=\"et4\" style=\"height: 31.20pt; width: 48.00pt;\" width=\"80\" height=\"52\">200W<\/td>\n<td class=\"et6\" style=\"width: 165.60pt;\" width=\"276\">(Paneles Solares\uff1a5V\u300140W)<br \/>\n(Bater\u00edas\uff1a15000mAh)<\/td>\n<td class=\"et7\" style=\"width: 202.80pt;\" width=\"338\">Embalaje exterior: 540*235*520 mm<\/td>\n<\/tr>\n<tr style=\"height: 31.20pt;\">\n<td class=\"et4\" style=\"height: 31.20pt; width: 48.00pt;\" width=\"80\" height=\"52\">300W<\/td>\n<td class=\"et6\" style=\"width: 165.60pt;\" width=\"276\">(Paneles solares\uff1a5V\u300145W)<br \/>\n(Bater\u00edas\uff1a20000mAh)<\/td>\n<td class=\"et7\" style=\"width: 202.80pt;\" width=\"338\">Embalaje exterior: 540*235*520 mm<\/td>\n<\/tr>\n<\/tbody>\n<\/table>","protected":false},"excerpt":{"rendered":"<p>La l\u00e1mpara solar de calle con control remoto impermeable es un dispositivo de iluminaci\u00f3n exterior que integra generaci\u00f3n fotovoltaica y sistema de control remoto inteligente, adecuado para necesidades de iluminaci\u00f3n energ\u00e9ticamente eficiente en escenarios como carreteras y plazas. El control remoto inal\u00e1mbrico permite un control preciso a larga distancia, el sensor de luz adaptativo optimiza din\u00e1micamente el consumo energ\u00e9tico, y los soportes ajustables se adaptan a instalaciones en terrenos complejos.<\/p>\n<p>Cantidad m\u00ednima de pedido: 500<br \/>\nPlazo de entrega: 15-25 d\u00edas<br \/>\nUbicaci\u00f3n de la f\u00e1brica: Zhongshan, Guangdong, China<\/p>","protected":false},"featured_media":4171,"comment_status":"closed","ping_status":"closed","template":"","meta":[],"product_brand":[],"product_cat":[2763],"product_tag":[168,173,174,193,194],"class_list":{"0":"post-1061","1":"product","2":"type-product","3":"status-publish","4":"has-post-thumbnail","6":"product_cat-solar-lamp","7":"product_tag-solar-led-lights","8":"product_tag-solar-led-strip-lights","9":"product_tag-solar-led-strip-lights-waterproof","10":"product_tag-solar-pool-lights","11":"product_tag-solar-parking-lot-lights","13":"first","14":"instock","15":"shipping-taxable","16":"product-type-simple"},"_links":{"self":[{"href":"https:\/\/jinzho.com\/es\/wp-json\/wp\/v2\/product\/1061","targetHints":{"allow":["GET"]}}],"collection":[{"href":"https:\/\/jinzho.com\/es\/wp-json\/wp\/v2\/product"}],"about":[{"href":"https:\/\/jinzho.com\/es\/wp-json\/wp\/v2\/types\/product"}],"replies":[{"embeddable":true,"href":"https:\/\/jinzho.com\/es\/wp-json\/wp\/v2\/comments?post=1061"}],"wp:featuredmedia":[{"embeddable":true,"href":"https:\/\/jinzho.com\/es\/wp-json\/wp\/v2\/media\/4171"}],"wp:attachment":[{"href":"https:\/\/jinzho.com\/es\/wp-json\/wp\/v2\/media?parent=1061"}],"wp:term":[{"taxonomy":"product_brand","embeddable":true,"href":"https:\/\/jinzho.com\/es\/wp-json\/wp\/v2\/product_brand?post=1061"},{"taxonomy":"product_cat","embeddable":true,"href":"https:\/\/jinzho.com\/es\/wp-json\/wp\/v2\/product_cat?post=1061"},{"taxonomy":"product_tag","embeddable":true,"href":"https:\/\/jinzho.com\/es\/wp-json\/wp\/v2\/product_tag?post=1061"}],"curies":[{"name":"wp","href":"https:\/\/api.w.org\/{rel}","templated":true}]}}