{"id":1059,"date":"2025-05-12T03:35:57","date_gmt":"2025-05-12T03:35:57","guid":{"rendered":"https:\/\/jinzho.com\/?post_type=product&#038;p=1059"},"modified":"2025-06-13T08:38:29","modified_gmt":"2025-06-13T08:38:29","slug":"sistema-de-alumbrado-publico-solar","status":"publish","type":"product","link":"https:\/\/jinzho.com\/es\/product\/solar-street-lighting-system\/","title":{"rendered":"Sistema de alumbrado p\u00fablico solar"},"content":{"rendered":"<h3>Caracter\u00edsticas:<\/h3>\n<p>1) Chip LED de alta luminosidad:<br \/>\nInstala m\u00faltiples perlas de l\u00e1mpara LED para mejorar considerablemente el efecto de enfoque de esta l\u00e1mpara.<\/p>\n<p>2) Carcasa ABS integrada:<br \/>\nFundici\u00f3n a presi\u00f3n integrada, s\u00f3lida y gruesa, resistente a altas temperaturas, a la corrosi\u00f3n y a impactos.<\/p>\n<p>3) Esfera de sensor radar sensible:<br \/>\nPermite que una persona encienda y apague las luces en el \u00e1rea de detecci\u00f3n de manera c\u00f3moda y r\u00e1pida.<\/p>\n<p>4) Panel fotovoltaico de silicio monocristalino de alta conversi\u00f3n y tama\u00f1o ampliado:<br \/>\nVelocidad de carga r\u00e1pida, vidrio templado 95% con alta transmitancia, mayor conversi\u00f3n fotovoltaica, y capacidad de carga normal con luz ambiental.<\/p>\n<table style=\"border-collapse: collapse; width: 639.62pt;\" border=\"0\" width=\"1066\" cellspacing=\"0\" cellpadding=\"0\">\n<tbody>\n<tr style=\"height: 67.00pt;\">\n<td class=\"et2\" style=\"height: 67.00pt; width: 48.00pt;\" width=\"80\" height=\"111\">Estilo<\/td>\n<td class=\"et3\" style=\"width: 193.20pt;\" width=\"322\">Fotograf\u00eda<\/td>\n<td class=\"et3\" style=\"width: 219.00pt;\" width=\"365\">Par\u00e1metro<\/td>\n<td class=\"et3\" style=\"width: 179.40pt;\" width=\"299\">peso<\/td>\n<\/tr>\n<tr style=\"height: 62.40pt;\">\n<td class=\"et4\" style=\"height: 62.40pt; width: 48.00pt;\" width=\"80\" height=\"104\">100W<\/td>\n<td class=\"et5\"><img decoding=\"async\" class=\"alignnone wp-image-4083\" src=\"http:\/\/jinzho.com\/wp-content\/uploads\/2025\/05\/5-15-300x300.png\" alt=\"\" width=\"125\" height=\"125\" title=\"\" srcset=\"https:\/\/jinzho.com\/wp-content\/uploads\/2025\/05\/5-15-300x300.png 300w, https:\/\/jinzho.com\/wp-content\/uploads\/2025\/05\/5-15-150x150.png 150w, https:\/\/jinzho.com\/wp-content\/uploads\/2025\/05\/5-15-100x100.png 100w, https:\/\/jinzho.com\/wp-content\/uploads\/2025\/05\/5-15.png 600w\" sizes=\"(max-width: 125px) 100vw, 125px\" \/><\/td>\n<td class=\"et6\" style=\"width: 219.00pt;\" width=\"365\">(N\u00famero de LEDs: 480)<br \/>\n(Dimensiones de la carcasa de la l\u00e1mpara: 350*80*450 mm)<br \/>\n(Paneles Solares: 6V, 15W)<br \/>\n(Bater\u00edas\uff1a10000mAh)<\/td>\n<td class=\"et7\">2.39 kg<\/td>\n<\/tr>\n<tr style=\"height: 62.40pt;\">\n<td class=\"et4\" style=\"height: 62.40pt; width: 48.00pt;\" width=\"80\" height=\"104\">150W<\/td>\n<td class=\"et5\"><img decoding=\"async\" class=\"alignnone wp-image-4084\" src=\"http:\/\/jinzho.com\/wp-content\/uploads\/2025\/05\/1-53-300x300.png\" alt=\"\" width=\"128\" height=\"128\" title=\"\" srcset=\"https:\/\/jinzho.com\/wp-content\/uploads\/2025\/05\/1-53-300x300.png 300w, https:\/\/jinzho.com\/wp-content\/uploads\/2025\/05\/1-53-150x150.png 150w, https:\/\/jinzho.com\/wp-content\/uploads\/2025\/05\/1-53-100x100.png 100w, https:\/\/jinzho.com\/wp-content\/uploads\/2025\/05\/1-53.png 600w\" sizes=\"(max-width: 128px) 100vw, 128px\" \/><\/td>\n<td class=\"et6\" style=\"width: 219.00pt;\" width=\"365\">(N\u00famero de LEDs: 640)<br \/>\n(Dimensiones de la carcasa de la l\u00e1mpara: 350*80*600 mm)<br \/>\n(Paneles Solares\uff1a6V\u300120W)<br \/>\n(Bater\u00edas\uff1a15000mAh)<\/td>\n<td class=\"et7\">3.25 kg<\/td>\n<\/tr>\n<tr style=\"height: 62.40pt;\">\n<td class=\"et4\" style=\"height: 62.40pt; width: 48.00pt;\" width=\"80\" height=\"104\">200W<\/td>\n<td class=\"et5\"><img decoding=\"async\" class=\"alignnone wp-image-4085\" src=\"http:\/\/jinzho.com\/wp-content\/uploads\/2025\/05\/2-45-300x300.png\" alt=\"\" width=\"136\" height=\"136\" title=\"\" srcset=\"https:\/\/jinzho.com\/wp-content\/uploads\/2025\/05\/2-45-300x300.png 300w, https:\/\/jinzho.com\/wp-content\/uploads\/2025\/05\/2-45-150x150.png 150w, https:\/\/jinzho.com\/wp-content\/uploads\/2025\/05\/2-45-100x100.png 100w, https:\/\/jinzho.com\/wp-content\/uploads\/2025\/05\/2-45.png 600w\" sizes=\"(max-width: 136px) 100vw, 136px\" \/><\/td>\n<td class=\"et6\" style=\"width: 219.00pt;\" width=\"365\">(N\u00famero de LEDs: 800)<br \/>\n(Dimensiones de la carcasa de la l\u00e1mpara: 350*80*680 mm)<br \/>\n(Paneles solares\uff1a6V\u300125W)<br \/>\n(Bater\u00edas\uff1a20000mAh)<\/td>\n<td class=\"et7\">3.9 kg<\/td>\n<\/tr>\n<tr style=\"height: 62.40pt;\">\n<td class=\"et4\" style=\"height: 62.40pt; width: 48.00pt;\" width=\"80\" height=\"104\">300w<\/td>\n<td class=\"et5\"><img loading=\"lazy\" decoding=\"async\" class=\"alignnone wp-image-4086\" src=\"http:\/\/jinzho.com\/wp-content\/uploads\/2025\/05\/3-34-300x300.png\" alt=\"\" width=\"143\" height=\"143\" title=\"\" srcset=\"https:\/\/jinzho.com\/wp-content\/uploads\/2025\/05\/3-34-300x300.png 300w, https:\/\/jinzho.com\/wp-content\/uploads\/2025\/05\/3-34-150x150.png 150w, https:\/\/jinzho.com\/wp-content\/uploads\/2025\/05\/3-34-100x100.png 100w, https:\/\/jinzho.com\/wp-content\/uploads\/2025\/05\/3-34.png 600w\" sizes=\"(max-width: 143px) 100vw, 143px\" \/><\/td>\n<td class=\"et6\" style=\"width: 219.00pt;\" width=\"365\">(N\u00famero de LEDs: 960)<br \/>\n(Dimensiones de la carcasa de la l\u00e1mpara: 350*80*760 mm)<br \/>\n(Paneles Solares: 6V, 30W)<br \/>\n(Bater\u00edas\uff1a25000mAh)<\/td>\n<td class=\"et7\">5 kg<\/td>\n<\/tr>\n<tr style=\"height: 62.40pt;\">\n<td class=\"et4\" style=\"height: 62.40pt; width: 48.00pt;\" width=\"80\" height=\"104\">300w<\/td>\n<td class=\"et5\"><img loading=\"lazy\" decoding=\"async\" class=\"alignnone wp-image-4087\" src=\"http:\/\/jinzho.com\/wp-content\/uploads\/2025\/05\/4-29-300x300.png\" alt=\"\" width=\"143\" height=\"143\" title=\"\" srcset=\"https:\/\/jinzho.com\/wp-content\/uploads\/2025\/05\/4-29-300x300.png 300w, https:\/\/jinzho.com\/wp-content\/uploads\/2025\/05\/4-29-150x150.png 150w, https:\/\/jinzho.com\/wp-content\/uploads\/2025\/05\/4-29-100x100.png 100w, https:\/\/jinzho.com\/wp-content\/uploads\/2025\/05\/4-29.png 600w\" sizes=\"(max-width: 143px) 100vw, 143px\" \/><\/td>\n<td class=\"et6\" style=\"width: 219.00pt;\" width=\"365\">(N\u00famero de LEDs: 1152)<br \/>\n(Dimensiones de la carcasa de la l\u00e1mpara: 350*80*680 mm)<br \/>\n(Paneles solares\uff1a6V\u300125W)<br \/>\n(Bater\u00edas\uff1a20000mAh)<\/td>\n<td class=\"et7\">5 kg<\/td>\n<\/tr>\n<\/tbody>\n<\/table>\n<p>Entorno de oficina de f\u00e1brica, buen ambiente laboral, un equipo unido, requisitos estrictos para el proceso de producci\u00f3n y una inspecci\u00f3n de calidad rigurosa.<\/p>\n<p><img loading=\"lazy\" decoding=\"async\" class=\"alignnone wp-image-4091\" src=\"http:\/\/jinzho.com\/wp-content\/uploads\/2025\/05\/IMG20250426112935-300x225.jpg\" alt=\"\" width=\"224\" height=\"168\" title=\"\" srcset=\"https:\/\/jinzho.com\/wp-content\/uploads\/2025\/05\/IMG20250426112935-300x225.jpg 300w, https:\/\/jinzho.com\/wp-content\/uploads\/2025\/05\/IMG20250426112935-768x576.jpg 768w, https:\/\/jinzho.com\/wp-content\/uploads\/2025\/05\/IMG20250426112935-600x450.jpg 600w, https:\/\/jinzho.com\/wp-content\/uploads\/2025\/05\/IMG20250426112935.jpg 800w\" sizes=\"(max-width: 224px) 100vw, 224px\" \/>\u00a0\u00a0<img loading=\"lazy\" decoding=\"async\" class=\"alignnone wp-image-4088\" src=\"http:\/\/jinzho.com\/wp-content\/uploads\/2025\/05\/0001-1-244x300.jpg\" alt=\"\" width=\"136\" height=\"168\" title=\"\" srcset=\"https:\/\/jinzho.com\/wp-content\/uploads\/2025\/05\/0001-1-244x300.jpg 244w, https:\/\/jinzho.com\/wp-content\/uploads\/2025\/05\/0001-1.jpg 590w\" sizes=\"(max-width: 136px) 100vw, 136px\" \/> \u00a0<img loading=\"lazy\" decoding=\"async\" class=\"alignnone  wp-image-4092\" src=\"http:\/\/jinzho.com\/wp-content\/uploads\/2025\/05\/IMG20250426104325-300x225.jpg\" alt=\"\" width=\"224\" height=\"168\" title=\"\" srcset=\"https:\/\/jinzho.com\/wp-content\/uploads\/2025\/05\/IMG20250426104325-300x225.jpg 300w, https:\/\/jinzho.com\/wp-content\/uploads\/2025\/05\/IMG20250426104325-768x576.jpg 768w, https:\/\/jinzho.com\/wp-content\/uploads\/2025\/05\/IMG20250426104325-600x450.jpg 600w, https:\/\/jinzho.com\/wp-content\/uploads\/2025\/05\/IMG20250426104325.jpg 800w\" sizes=\"(max-width: 224px) 100vw, 224px\" \/>\u00a0<img loading=\"lazy\" decoding=\"async\" class=\"alignnone wp-image-4089\" src=\"http:\/\/jinzho.com\/wp-content\/uploads\/2025\/05\/IMG20250426104958-300x225.jpg\" alt=\"\" width=\"224\" height=\"168\" title=\"\" srcset=\"https:\/\/jinzho.com\/wp-content\/uploads\/2025\/05\/IMG20250426104958-300x225.jpg 300w, https:\/\/jinzho.com\/wp-content\/uploads\/2025\/05\/IMG20250426104958-768x576.jpg 768w, https:\/\/jinzho.com\/wp-content\/uploads\/2025\/05\/IMG20250426104958-600x450.jpg 600w, https:\/\/jinzho.com\/wp-content\/uploads\/2025\/05\/IMG20250426104958.jpg 800w\" sizes=\"(max-width: 224px) 100vw, 224px\" \/> \u00a0<img loading=\"lazy\" decoding=\"async\" class=\"alignnone wp-image-4090\" src=\"http:\/\/jinzho.com\/wp-content\/uploads\/2025\/05\/IMG20250426105554-300x225.jpg\" alt=\"\" width=\"223\" height=\"167\" title=\"\" srcset=\"https:\/\/jinzho.com\/wp-content\/uploads\/2025\/05\/IMG20250426105554-300x225.jpg 300w, https:\/\/jinzho.com\/wp-content\/uploads\/2025\/05\/IMG20250426105554-768x576.jpg 768w, https:\/\/jinzho.com\/wp-content\/uploads\/2025\/05\/IMG20250426105554-600x450.jpg 600w, https:\/\/jinzho.com\/wp-content\/uploads\/2025\/05\/IMG20250426105554.jpg 800w\" sizes=\"(max-width: 223px) 100vw, 223px\" \/><\/p>","protected":false},"excerpt":{"rendered":"<p>El sistema de alumbrado p\u00fablico solar convierte la energ\u00eda lum\u00ednica en energ\u00eda el\u00e9ctrica mediante paneles solares, y est\u00e1 equipado con un sistema de control de luz inteligente, siendo adecuado para iluminaci\u00f3n de bajo consumo en escenarios exteriores como carreteras y plazas. Los paneles solares son aptos para suministro el\u00e9ctrico estable en d\u00edas nublados; la estructura completamente sellada evita la erosi\u00f3n por lluvia, y el poste de luz ajustable es adecuado para instalaci\u00f3n en m\u00faltiples terrenos, logrando una iluminaci\u00f3n inteligente de bajo consumo durante todas las condiciones clim\u00e1ticas.<\/p>\n<p>Cantidad m\u00ednima de pedido: 500<br \/>\nPlazo de entrega: 15-25 d\u00edas<br \/>\nUbicaci\u00f3n de la f\u00e1brica: Zhongshan, Guangdong, China<\/p>","protected":false},"featured_media":2145,"comment_status":"closed","ping_status":"closed","template":"","meta":[],"product_brand":[],"product_cat":[2763],"product_tag":[181,183,189,191,192],"class_list":{"0":"post-1059","1":"product","2":"type-product","3":"status-publish","4":"has-post-thumbnail","6":"product_cat-solar-lamp","7":"product_tag-led-solar-street-light","8":"product_tag-outdoor-solar-flood-light-fixtures","9":"product_tag-street-solar-light","10":"product_tag-street-solar-led-lights","11":"product_tag-solar-led-street-light","13":"first","14":"instock","15":"shipping-taxable","16":"product-type-simple"},"_links":{"self":[{"href":"https:\/\/jinzho.com\/es\/wp-json\/wp\/v2\/product\/1059","targetHints":{"allow":["GET"]}}],"collection":[{"href":"https:\/\/jinzho.com\/es\/wp-json\/wp\/v2\/product"}],"about":[{"href":"https:\/\/jinzho.com\/es\/wp-json\/wp\/v2\/types\/product"}],"replies":[{"embeddable":true,"href":"https:\/\/jinzho.com\/es\/wp-json\/wp\/v2\/comments?post=1059"}],"wp:featuredmedia":[{"embeddable":true,"href":"https:\/\/jinzho.com\/es\/wp-json\/wp\/v2\/media\/2145"}],"wp:attachment":[{"href":"https:\/\/jinzho.com\/es\/wp-json\/wp\/v2\/media?parent=1059"}],"wp:term":[{"taxonomy":"product_brand","embeddable":true,"href":"https:\/\/jinzho.com\/es\/wp-json\/wp\/v2\/product_brand?post=1059"},{"taxonomy":"product_cat","embeddable":true,"href":"https:\/\/jinzho.com\/es\/wp-json\/wp\/v2\/product_cat?post=1059"},{"taxonomy":"product_tag","embeddable":true,"href":"https:\/\/jinzho.com\/es\/wp-json\/wp\/v2\/product_tag?post=1059"}],"curies":[{"name":"wp","href":"https:\/\/api.w.org\/{rel}","templated":true}]}}