{"id":1058,"date":"2025-05-12T03:35:57","date_gmt":"2025-05-12T03:35:57","guid":{"rendered":"https:\/\/jinzho.com\/?post_type=product&#038;p=1058"},"modified":"2025-06-13T07:30:28","modified_gmt":"2025-06-13T07:30:28","slug":"lampara-solar-led-para-exteriores","status":"publish","type":"product","link":"https:\/\/jinzho.com\/es\/product\/outdoor-solar-led-street-light\/","title":{"rendered":"Farola solar led de exterior"},"content":{"rendered":"<h3>Detalles del producto:<\/h3>\n<p>No requiere cableado\u00a0 \u00a0 \u00a0 \u00a0 \u00a0 \u00a0 \u00a0 LED de alta luminosidad\u00a0 \u00a0 \u00a0 \u00a0 \u00a0 \u00a0 \u00a0 Carga r\u00e1pida\u00a0 \u00a0 \u00a0 \u00a0 \u00a0 \u00a0 Control lum\u00ednico inteligente\u00a0 \u00a0 \u00a0 \u00a0 \u00a0 \u00a0 \u00a0 \u00a0Detecci\u00f3n inteligente<\/p>\n<p><img decoding=\"async\" class=\"alignnone wp-image-4071\" src=\"http:\/\/jinzho.com\/wp-content\/uploads\/2025\/05\/11.jpg\" alt=\"\" width=\"85\" height=\"85\" title=\"\">\u00a0 \u00a0 \u00a0 \u00a0 \u00a0 \u00a0 \u00a0 \u00a0 \u00a0 \u00a0 \u00a0 \u00a0 \u00a0 \u00a0 <img decoding=\"async\" class=\"alignnone size-medium wp-image-4072\" src=\"http:\/\/jinzho.com\/wp-content\/uploads\/2025\/05\/12.jpg\" alt=\"\" width=\"85\" height=\"85\" title=\"\">\u00a0 \u00a0 \u00a0 \u00a0 \u00a0 \u00a0 \u00a0 \u00a0 \u00a0 \u00a0 \u00a0 \u00a0 \u00a0 \u00a0 \u00a0<img decoding=\"async\" class=\"alignnone wp-image-4073\" src=\"http:\/\/jinzho.com\/wp-content\/uploads\/2025\/05\/13.jpg\" alt=\"\" width=\"101\" height=\"85\" title=\"\">\u00a0 \u00a0 \u00a0 \u00a0 \u00a0 \u00a0 \u00a0 \u00a0 \u00a0 \u00a0 \u00a0 \u00a0<img loading=\"lazy\" decoding=\"async\" class=\"alignnone wp-image-4074\" src=\"http:\/\/jinzho.com\/wp-content\/uploads\/2025\/05\/14.jpg\" alt=\"\" width=\"85\" height=\"85\" title=\"\">\u00a0 \u00a0 \u00a0 \u00a0 \u00a0 \u00a0 \u00a0 \u00a0 \u00a0 \u00a0 \u00a0 \u00a0 \u00a0 \u00a0 \u00a0 \u00a0 \u00a0 <img loading=\"lazy\" decoding=\"async\" class=\"alignnone wp-image-4075\" src=\"http:\/\/jinzho.com\/wp-content\/uploads\/2025\/05\/15.jpg\" alt=\"\" width=\"85\" height=\"85\" title=\"\" srcset=\"https:\/\/jinzho.com\/wp-content\/uploads\/2025\/05\/15.jpg 126w, https:\/\/jinzho.com\/wp-content\/uploads\/2025\/05\/15-100x100.jpg 100w\" sizes=\"(max-width: 85px) 100vw, 85px\" \/><\/p>\n<p>Recargable en d\u00edas lluviosos\u00a0 \u00a0 \u00a0 \u00a0 \u00a0 \u00a0 \u00a0 \u00a0 Impermeable y con protecci\u00f3n contra rayos\u00a0 \u00a0 \u00a0 \u00a0 \u00a0 \u00a0 \u00a0 Bater\u00eda de litio de gran capacidad\u00a0 \u00a0 \u00a0 \u00a0 \u00a0 \u00a0 F\u00e1cil instalaci\u00f3n<\/p>\n<p><img loading=\"lazy\" decoding=\"async\" class=\"alignnone wp-image-4076\" src=\"http:\/\/jinzho.com\/wp-content\/uploads\/2025\/05\/16.jpg\" alt=\"\" width=\"85\" height=\"85\" title=\"\" srcset=\"https:\/\/jinzho.com\/wp-content\/uploads\/2025\/05\/16.jpg 114w, https:\/\/jinzho.com\/wp-content\/uploads\/2025\/05\/16-100x100.jpg 100w\" sizes=\"(max-width: 85px) 100vw, 85px\" \/>\u00a0 \u00a0 \u00a0 \u00a0 \u00a0 \u00a0 \u00a0 \u00a0 \u00a0 \u00a0 \u00a0 \u00a0 \u00a0 \u00a0 \u00a0 \u00a0 \u00a0 \u00a0 \u00a0 \u00a0 \u00a0 \u00a0 \u00a0 \u00a0<img loading=\"lazy\" decoding=\"async\" class=\"alignnone wp-image-4077\" src=\"http:\/\/jinzho.com\/wp-content\/uploads\/2025\/05\/17.jpg\" alt=\"\" width=\"85\" height=\"85\" title=\"\">\u00a0 \u00a0 \u00a0 \u00a0 \u00a0 \u00a0 \u00a0 \u00a0 \u00a0 \u00a0 \u00a0 \u00a0 \u00a0 \u00a0 \u00a0 \u00a0 \u00a0 \u00a0 \u00a0 \u00a0 \u00a0 \u00a0 \u00a0 \u00a0 \u00a0 \u00a0<img loading=\"lazy\" decoding=\"async\" class=\"alignnone wp-image-4078\" src=\"http:\/\/jinzho.com\/wp-content\/uploads\/2025\/05\/18.jpg\" alt=\"\" width=\"85\" height=\"85\" title=\"\" srcset=\"https:\/\/jinzho.com\/wp-content\/uploads\/2025\/05\/18.jpg 102w, https:\/\/jinzho.com\/wp-content\/uploads\/2025\/05\/18-100x100.jpg 100w\" sizes=\"(max-width: 85px) 100vw, 85px\" \/>\u00a0 \u00a0 \u00a0 \u00a0 \u00a0 \u00a0 \u00a0 \u00a0 \u00a0 \u00a0 \u00a0 \u00a0 \u00a0 \u00a0 \u00a0 \u00a0 \u00a0 \u00a0 <img loading=\"lazy\" decoding=\"async\" class=\"alignnone wp-image-4079\" src=\"http:\/\/jinzho.com\/wp-content\/uploads\/2025\/05\/19.jpg\" alt=\"\" width=\"85\" height=\"85\" title=\"\"><\/p>\n<table style=\"border-collapse: collapse; width: 749px; height: 581px;\" border=\"0\" width=\"798\" cellspacing=\"0\" cellpadding=\"0\">\n<tbody>\n<tr style=\"height: 109.20pt;\">\n<td class=\"et2\" style=\"height: 109.20pt; width: 286.20pt;\" width=\"477\" height=\"182\">\n<h3>\u00a0 \u00a0 \u00a0 \u00a0 \u00a0 \u00a0 \u00a0 \u00a0 \u00a0 \u00a0 \u00a0N\u00facleo de l\u00e1mpara LED<\/h3>\n<p>fuente de luz de alta luminosidad, bajo consumo energ\u00e9tico,<br \/>\nbaja atenuaci\u00f3n lum\u00ednica, luz suave, iluminaci\u00f3n uniforme.<\/td>\n<td style=\"width: 192.60pt;\" width=\"321\"><img loading=\"lazy\" decoding=\"async\" class=\"wp-image-4067 aligncenter\" src=\"http:\/\/jinzho.com\/wp-content\/uploads\/2025\/05\/8-3-300x272.jpg\" alt=\"\" width=\"174\" height=\"158\" title=\"\" srcset=\"https:\/\/jinzho.com\/wp-content\/uploads\/2025\/05\/8-3-300x272.jpg 300w, https:\/\/jinzho.com\/wp-content\/uploads\/2025\/05\/8-3.jpg 492w\" sizes=\"(max-width: 174px) 100vw, 174px\" \/><\/td>\n<\/tr>\n<tr style=\"height: 109.20pt;\">\n<td class=\"et2\" style=\"height: 109.20pt; width: 286.20pt;\" width=\"477\" height=\"182\">\n<h3>\u00a0 \u00a0 \u00a0 \u00a0 \u00a0 \u00a0 \u00a0 \u00a0 \u00a0 \u00a0 \u00a0 \u00a0Sonda de sensor<\/h3>\n<p>sonda de sensor sensible se enciende al detectar presencia<br \/>\ny se apaga cuando la persona se aleja.<\/td>\n<td><img loading=\"lazy\" decoding=\"async\" class=\"wp-image-4068 aligncenter\" src=\"http:\/\/jinzho.com\/wp-content\/uploads\/2025\/05\/9-1-300x263.jpg\" alt=\"\" width=\"177\" height=\"155\" title=\"\" srcset=\"https:\/\/jinzho.com\/wp-content\/uploads\/2025\/05\/9-1-300x263.jpg 300w, https:\/\/jinzho.com\/wp-content\/uploads\/2025\/05\/9-1.jpg 491w\" sizes=\"(max-width: 177px) 100vw, 177px\" \/><\/td>\n<\/tr>\n<tr style=\"height: 109.20pt;\">\n<td class=\"et2\" style=\"height: 109.20pt; width: 286.20pt;\" width=\"477\" height=\"182\">\n<h3>\u00a0 \u00a0 \u00a0 \u00a0 \u00a0 \u00a0 \u00a0 \u00a0 \u00a0 \u00a0 \u00a0 Cuerpo de l\u00e1mpara de ABS<\/h3>\n<p>tecnolog\u00eda de disipaci\u00f3n de calor por convecci\u00f3n de aire dispersa<br \/>\nel calor del chip LED para estabilizar su temperatura.<\/td>\n<td><img loading=\"lazy\" decoding=\"async\" class=\"wp-image-4069 aligncenter\" src=\"http:\/\/jinzho.com\/wp-content\/uploads\/2025\/05\/10-300x279.jpg\" alt=\"\" width=\"180\" height=\"167\" title=\"\" srcset=\"https:\/\/jinzho.com\/wp-content\/uploads\/2025\/05\/10-300x279.jpg 300w, https:\/\/jinzho.com\/wp-content\/uploads\/2025\/05\/10.jpg 489w\" sizes=\"(max-width: 180px) 100vw, 180px\" \/><\/td>\n<\/tr>\n<\/tbody>\n<\/table>\n<p>&nbsp;<\/p>\n<h3>Atributos del producto:<\/h3>\n<table style=\"border-collapse: collapse; width: 595.23pt;\" border=\"0\" width=\"992\" cellspacing=\"0\" cellpadding=\"0\">\n<tbody>\n<tr style=\"height: 67.00pt;\">\n<td class=\"et2\" style=\"height: 67.00pt; width: 48.00pt;\" width=\"80\" height=\"111\">Estilo<\/td>\n<td class=\"et3\" style=\"width: 193.20pt;\" width=\"322\">Fotograf\u00eda<\/td>\n<td class=\"et3\" style=\"width: 174.60pt;\" width=\"291\">Par\u00e1metro<\/td>\n<td class=\"et3\" style=\"width: 179.40pt;\" width=\"299\">Embalaje en caja de color\uff08mm\uff09<\/td>\n<\/tr>\n<tr style=\"height: 62.40pt;\">\n<td class=\"et4\" style=\"height: 62.40pt; width: 48.00pt;\" width=\"80\" height=\"104\">50W<\/td>\n<td class=\"et5\" rowspan=\"5\"><img loading=\"lazy\" decoding=\"async\" class=\"alignnone size-medium wp-image-4070\" src=\"http:\/\/jinzho.com\/wp-content\/uploads\/2025\/05\/1-52-300x300.png\" alt=\"\" width=\"300\" height=\"300\" title=\"\" srcset=\"https:\/\/jinzho.com\/wp-content\/uploads\/2025\/05\/1-52-300x300.png 300w, https:\/\/jinzho.com\/wp-content\/uploads\/2025\/05\/1-52-150x150.png 150w, https:\/\/jinzho.com\/wp-content\/uploads\/2025\/05\/1-52-100x100.png 100w, https:\/\/jinzho.com\/wp-content\/uploads\/2025\/05\/1-52.png 600w\" sizes=\"(max-width: 300px) 100vw, 300px\" \/><\/td>\n<td class=\"et6\" style=\"width: 174.60pt;\" width=\"291\">Cantidad de LEDs\uff1a80<br \/>\nTama\u00f1o de campana\uff1a197*388mm<br \/>\nPaneles solares\uff1a6V\u30016W<br \/>\nBater\u00edas\uff1a3000mAh<\/td>\n<td class=\"et7\" style=\"width: 179.40pt;\" width=\"299\">61*22*41.5cm<br \/>\n\uff0810 unidades\uff09<\/td>\n<\/tr>\n<tr style=\"height: 62.40pt;\">\n<td class=\"et4\" style=\"height: 62.40pt; width: 48.00pt;\" width=\"80\" height=\"104\">100W<\/td>\n<td class=\"et6\" style=\"width: 174.60pt;\" width=\"291\">Cantidad de LEDs\uff1a160<br \/>\nTama\u00f1o de campana\uff1a218*484mm<br \/>\nPaneles solares\uff1a6V\u30018W<br \/>\nBater\u00edas\uff1a5000mAh<\/td>\n<td class=\"et7\" style=\"width: 179.40pt;\" width=\"299\">73*24*52cm<br \/>\n\uff0810 unidades\uff09<\/td>\n<\/tr>\n<tr style=\"height: 62.40pt;\">\n<td class=\"et4\" style=\"height: 62.40pt; width: 48.00pt;\" width=\"80\" height=\"104\">150W<\/td>\n<td class=\"et6\" style=\"width: 174.60pt;\" width=\"291\">N\u00famero de LED\uff1a240<br \/>\nTama\u00f1o de campana\uff1a238*620mm<br \/>\nPaneles solares\uff1a6V\u300112W<br \/>\nBater\u00edas\uff1a8000mAh<\/td>\n<td class=\"et7\" style=\"width: 179.40pt;\" width=\"299\">64.5*32.5*25.5cm<br \/>\n\uff085 unidades\uff09<\/td>\n<\/tr>\n<tr style=\"height: 62.40pt;\">\n<td class=\"et4\" style=\"height: 62.40pt; width: 48.00pt;\" width=\"80\" height=\"104\">200W<\/td>\n<td class=\"et6\" style=\"width: 174.60pt;\" width=\"291\">Cantidad de LEDs\uff1a320<br \/>\nTama\u00f1o de campana\uff1a240*720mm<br \/>\nPaneles solares\uff1a6V\u300115W<br \/>\nBater\u00edas\uff1a10000mAh<\/td>\n<td class=\"et7\" style=\"width: 179.40pt;\" width=\"299\">74.5*37*26cm<br \/>\n\uff085 unidades\uff09<\/td>\n<\/tr>\n<tr style=\"height: 62.40pt;\">\n<td class=\"et4\" style=\"height: 62.40pt; width: 48.00pt;\" width=\"80\" height=\"104\">250w<\/td>\n<td class=\"et6\" style=\"width: 174.60pt;\" width=\"291\">Cantidad de LEDs\uff1a400<br \/>\nTama\u00f1o de campana\uff1a240*820mm<br \/>\nPaneles solares\uff1a6V\u300118W<br \/>\nBater\u00edas\uff1a12000mAh<\/td>\n<td class=\"et7\" style=\"width: 179.40pt;\" width=\"299\">84.5*34.5*26cm<br \/>\n\uff085 unidades\uff09<\/td>\n<\/tr>\n<\/tbody>\n<\/table>","protected":false},"excerpt":{"rendered":"<p>La luminaria solar LED para exteriores es un dispositivo de iluminaci\u00f3n inteligente basado en generaci\u00f3n fotovoltaica. Integra fuente de luz LED y sistema adaptativo de detecci\u00f3n lum\u00ednica para satisfacer las necesidades de iluminaci\u00f3n energ\u00e9ticamente eficiente en escenarios exteriores como carreteras y plazas. Los componentes fotovoltaicos de alta eficiencia garantizan suministro el\u00e9ctrico estable, y la fuente de luz LED resistente a la intemperie prolonga la vida \u00fatil; la estructura completamente sellada se adapta a condiciones clim\u00e1ticas severas, el soporte ajustable permite instalaci\u00f3n flexible, y el sistema de detecci\u00f3n lum\u00ednica optimiza autom\u00e1ticamente el brillo.<\/p>\n<p>Cantidad m\u00ednima de pedido: 500<br \/>\nPlazo de entrega: 15-25 d\u00edas<br \/>\nUbicaci\u00f3n de la f\u00e1brica: Zhongshan, Guangdong, China<\/p>","protected":false},"featured_media":4064,"comment_status":"closed","ping_status":"closed","template":"","meta":[],"product_brand":[],"product_cat":[2763],"product_tag":[169,182,187,189,190],"class_list":{"0":"post-1058","1":"product","2":"type-product","3":"status-publish","4":"has-post-thumbnail","6":"product_cat-solar-lamp","7":"product_tag-led-solar-powered-lighting","8":"product_tag-led-light-strips-solar","9":"product_tag-outdoor-led-strip-lights-solar-powered","10":"product_tag-street-solar-light","11":"product_tag-solar-energy-street-light","13":"first","14":"instock","15":"shipping-taxable","16":"product-type-simple"},"_links":{"self":[{"href":"https:\/\/jinzho.com\/es\/wp-json\/wp\/v2\/product\/1058","targetHints":{"allow":["GET"]}}],"collection":[{"href":"https:\/\/jinzho.com\/es\/wp-json\/wp\/v2\/product"}],"about":[{"href":"https:\/\/jinzho.com\/es\/wp-json\/wp\/v2\/types\/product"}],"replies":[{"embeddable":true,"href":"https:\/\/jinzho.com\/es\/wp-json\/wp\/v2\/comments?post=1058"}],"wp:featuredmedia":[{"embeddable":true,"href":"https:\/\/jinzho.com\/es\/wp-json\/wp\/v2\/media\/4064"}],"wp:attachment":[{"href":"https:\/\/jinzho.com\/es\/wp-json\/wp\/v2\/media?parent=1058"}],"wp:term":[{"taxonomy":"product_brand","embeddable":true,"href":"https:\/\/jinzho.com\/es\/wp-json\/wp\/v2\/product_brand?post=1058"},{"taxonomy":"product_cat","embeddable":true,"href":"https:\/\/jinzho.com\/es\/wp-json\/wp\/v2\/product_cat?post=1058"},{"taxonomy":"product_tag","embeddable":true,"href":"https:\/\/jinzho.com\/es\/wp-json\/wp\/v2\/product_tag?post=1058"}],"curies":[{"name":"wp","href":"https:\/\/api.w.org\/{rel}","templated":true}]}}