{"id":1056,"date":"2025-05-12T03:35:57","date_gmt":"2025-05-12T03:35:57","guid":{"rendered":"https:\/\/jinzho.com\/?post_type=product&#038;p=1056"},"modified":"2025-06-12T09:12:20","modified_gmt":"2025-06-12T09:12:20","slug":"solar-emergency-light-with-power-bank","status":"publish","type":"product","link":"https:\/\/jinzho.com\/es\/product\/solar-emergency-light-with-power-bank\/","title":{"rendered":"Luz de emergencia solar con banco de energ\u00eda"},"content":{"rendered":"<h3>Par\u00e1metros del producto\uff1a<\/h3>\n<p><strong>Nombre del producto:<\/strong> Reflector solar<br \/>\n<strong>Voltaje de operaci\u00f3n:<\/strong> DC5-6V<br \/>\n<strong>Modo de iluminaci\u00f3n:<\/strong> luz blanca\/luz c\u00e1lida\/luz neutra\/destello de colores<br \/>\n<strong>Material del producto:<\/strong> ABS<br \/>\n<strong>Tiempo de iluminaci\u00f3n:<\/strong> 3-4H<br \/>\n<strong>Modelo de cuenta de l\u00e1mpara:<\/strong> 5730<br \/>\n<strong>\u00c1mbito de uso:<\/strong> puestos, campamentos, pesca nocturna, emergencias por cortes de energ\u00eda, construcci\u00f3n exterior, etc.<\/p>\n<p><span style=\"color: #3366ff;\"><strong>Luz de advertencia de emergencia\u00a0 \u00a0 \u00a0 \u00a0 \u00a0 \u00a0 \u00a0 Pantalla de luz natural\u00a0 \u00a0 \u00a0 \u00a0 \u00a0 \u00a0 \u00a0 \u00a0 \u00a0 Pantalla de luz blanca c\u00e1lida\u00a0 \u00a0 \u00a0 \u00a0 \u00a0 \u00a0 \u00a0 \u00a0 Pantalla de luz neutra<\/strong><\/span><\/p>\n<p><img decoding=\"async\" class=\"alignnone  wp-image-4024\" src=\"http:\/\/jinzho.com\/wp-content\/uploads\/2025\/05\/5-38-300x300.jpg\" alt=\"\" width=\"194\" height=\"194\" title=\"\" srcset=\"https:\/\/jinzho.com\/wp-content\/uploads\/2025\/05\/5-38-300x300.jpg 300w, https:\/\/jinzho.com\/wp-content\/uploads\/2025\/05\/5-38-150x150.jpg 150w, https:\/\/jinzho.com\/wp-content\/uploads\/2025\/05\/5-38-100x100.jpg 100w, https:\/\/jinzho.com\/wp-content\/uploads\/2025\/05\/5-38.jpg 420w\" sizes=\"(max-width: 194px) 100vw, 194px\" \/>\u00a0 \u00a0 \u00a0 \u00a0 \u00a0 \u00a0 \u00a0 \u00a0<img decoding=\"async\" class=\"alignnone  wp-image-4025\" src=\"http:\/\/jinzho.com\/wp-content\/uploads\/2025\/05\/6-3-300x300.jpg\" alt=\"\" width=\"193\" height=\"193\" title=\"\" srcset=\"https:\/\/jinzho.com\/wp-content\/uploads\/2025\/05\/6-3-300x300.jpg 300w, https:\/\/jinzho.com\/wp-content\/uploads\/2025\/05\/6-3-150x150.jpg 150w, https:\/\/jinzho.com\/wp-content\/uploads\/2025\/05\/6-3-100x100.jpg 100w, https:\/\/jinzho.com\/wp-content\/uploads\/2025\/05\/6-3.jpg 325w\" sizes=\"(max-width: 193px) 100vw, 193px\" \/>\u00a0 \u00a0 \u00a0 \u00a0 \u00a0 \u00a0 \u00a0 \u00a0 \u00a0<img decoding=\"async\" class=\"alignnone  wp-image-4026\" src=\"http:\/\/jinzho.com\/wp-content\/uploads\/2025\/05\/7-2-300x300.jpg\" alt=\"\" width=\"192\" height=\"192\" title=\"\" srcset=\"https:\/\/jinzho.com\/wp-content\/uploads\/2025\/05\/7-2-300x300.jpg 300w, https:\/\/jinzho.com\/wp-content\/uploads\/2025\/05\/7-2-150x150.jpg 150w, https:\/\/jinzho.com\/wp-content\/uploads\/2025\/05\/7-2-100x100.jpg 100w, https:\/\/jinzho.com\/wp-content\/uploads\/2025\/05\/7-2.jpg 325w\" sizes=\"(max-width: 192px) 100vw, 192px\" \/>\u00a0 \u00a0 \u00a0 \u00a0 \u00a0 \u00a0 \u00a0 \u00a0 \u00a0<img loading=\"lazy\" decoding=\"async\" class=\"alignnone  wp-image-4027\" src=\"http:\/\/jinzho.com\/wp-content\/uploads\/2025\/05\/8-2-300x300.jpg\" alt=\"\" width=\"191\" height=\"191\" title=\"\" srcset=\"https:\/\/jinzho.com\/wp-content\/uploads\/2025\/05\/8-2-300x300.jpg 300w, https:\/\/jinzho.com\/wp-content\/uploads\/2025\/05\/8-2-150x150.jpg 150w, https:\/\/jinzho.com\/wp-content\/uploads\/2025\/05\/8-2-100x100.jpg 100w, https:\/\/jinzho.com\/wp-content\/uploads\/2025\/05\/8-2.jpg 325w\" sizes=\"(max-width: 191px) 100vw, 191px\" \/><\/p>\n<h2><strong>Atributos del producto\uff1a<\/strong><\/h2>\n<table style=\"border-collapse: collapse; width: 672.02pt;\" border=\"0\" width=\"1120\" cellspacing=\"0\" cellpadding=\"0\">\n<tbody>\n<tr style=\"height: 48.00pt;\">\n<td class=\"et2\" style=\"height: 48.00pt; width: 48.00pt;\" width=\"80\" height=\"80\">Estilo<\/td>\n<td class=\"et3\" style=\"width: 150.60pt;\" width=\"251\">Fotograf\u00eda<\/td>\n<td class=\"et3\" style=\"width: 211.80pt;\" width=\"353\">Par\u00e1metro<\/td>\n<td class=\"et3\" style=\"width: 83.40pt;\" width=\"139\">peso<\/td>\n<td class=\"et3\" style=\"width: 178.20pt;\" width=\"297\">Embalaje en caja de color\uff08mm\uff09<\/td>\n<\/tr>\n<tr style=\"height: 109.20pt;\">\n<td class=\"et4\" style=\"height: 109.20pt; width: 48.00pt;\" width=\"80\" height=\"182\">100W<\/td>\n<td class=\"et5\"><img loading=\"lazy\" decoding=\"async\" class=\"wp-image-4022\" src=\"http:\/\/jinzho.com\/wp-content\/uploads\/2025\/05\/4-184-300x300.jpg\" alt=\"Panel solar y luz\" width=\"191\" height=\"191\" title=\"\" srcset=\"https:\/\/jinzho.com\/wp-content\/uploads\/2025\/05\/4-184-300x300.jpg 300w, https:\/\/jinzho.com\/wp-content\/uploads\/2025\/05\/4-184-150x150.jpg 150w, https:\/\/jinzho.com\/wp-content\/uploads\/2025\/05\/4-184-100x100.jpg 100w, https:\/\/jinzho.com\/wp-content\/uploads\/2025\/05\/4-184.jpg 490w\" sizes=\"(max-width: 191px) 100vw, 191px\" \/><\/td>\n<td class=\"et6\" style=\"width: 211.80pt;\" width=\"353\">(N\u00famero de LED\uff1a264)<\/p>\n<p>(Tama\u00f1o de la tapa de la l\u00e1mpara\uff1a170*150*55mm)<\/p>\n<p>(Paneles Solares\uff1a6V\u30011.5W)<\/p>\n<p>(Bater\u00edas\uff1a2400mAh)<\/td>\n<td class=\"et7\" style=\"width: 83.40pt;\" width=\"139\">0.6kg<\/td>\n<td class=\"et7\" style=\"width: 178.20pt;\" width=\"297\">Caja exterior\uff1a60*29*35cm<br \/>\n\uff0830PCS\uff09<\/td>\n<\/tr>\n<tr style=\"height: 109.20pt;\">\n<td class=\"et4\" style=\"height: 109.20pt; width: 48.00pt;\" width=\"80\" height=\"182\">200W<\/td>\n<td class=\"et5\"><img loading=\"lazy\" decoding=\"async\" class=\"wp-image-4022\" src=\"http:\/\/jinzho.com\/wp-content\/uploads\/2025\/05\/4-184-300x300.jpg\" alt=\"Panel solar y luz\" width=\"192\" height=\"192\" title=\"\" srcset=\"https:\/\/jinzho.com\/wp-content\/uploads\/2025\/05\/4-184-300x300.jpg 300w, https:\/\/jinzho.com\/wp-content\/uploads\/2025\/05\/4-184-150x150.jpg 150w, https:\/\/jinzho.com\/wp-content\/uploads\/2025\/05\/4-184-100x100.jpg 100w, https:\/\/jinzho.com\/wp-content\/uploads\/2025\/05\/4-184.jpg 490w\" sizes=\"(max-width: 192px) 100vw, 192px\" \/><\/td>\n<td class=\"et6\" style=\"width: 211.80pt;\" width=\"353\">(N\u00famero de LED\uff1a288)<\/p>\n<p>(Tama\u00f1o de la tapa de la l\u00e1mpara\uff1a180*215*55mm)<\/p>\n<p>(Paneles Solares\uff1a6V\u30013W)<\/p>\n<p>(Bater\u00edas\uff1a3600mAh)<\/td>\n<td class=\"et7\" style=\"width: 83.40pt;\" width=\"139\">0.85KG<\/td>\n<td class=\"et7\" style=\"width: 178.20pt;\" width=\"297\">Caja exterior\uff1a49.5*30.5*40cm<br \/>\n\uff0820PCS\uff09<\/td>\n<\/tr>\n<tr style=\"height: 109.20pt;\">\n<td class=\"et4\" style=\"height: 109.20pt; width: 48.00pt;\" width=\"80\" height=\"182\">300w<\/td>\n<td class=\"et5\"><img loading=\"lazy\" decoding=\"async\" class=\"wp-image-4022\" src=\"http:\/\/jinzho.com\/wp-content\/uploads\/2025\/05\/4-184-300x300.jpg\" alt=\"Panel solar y luz\" width=\"191\" height=\"191\" title=\"\" srcset=\"https:\/\/jinzho.com\/wp-content\/uploads\/2025\/05\/4-184-300x300.jpg 300w, https:\/\/jinzho.com\/wp-content\/uploads\/2025\/05\/4-184-150x150.jpg 150w, https:\/\/jinzho.com\/wp-content\/uploads\/2025\/05\/4-184-100x100.jpg 100w, https:\/\/jinzho.com\/wp-content\/uploads\/2025\/05\/4-184.jpg 490w\" sizes=\"(max-width: 191px) 100vw, 191px\" \/><\/td>\n<td class=\"et6\" style=\"width: 211.80pt;\" width=\"353\">(N\u00famero de LED\uff1a180)<\/p>\n<p>(Tama\u00f1o de la tapa de la l\u00e1mpara\uff1a180*215*55mm)<\/p>\n<p>(Paneles Solares\uff1a6V\u30013W)<\/p>\n<p>(Bater\u00edas\uff1a3600mAh)<\/td>\n<td class=\"et7\" style=\"width: 83.40pt;\" width=\"139\">0.85KG<\/td>\n<td class=\"et7\" style=\"width: 178.20pt;\" width=\"297\">Caja exterior\uff1a49.5*30.5*40cm<br \/>\n\uff0820 PCS\uff09<\/td>\n<\/tr>\n<tr style=\"height: 109.20pt;\">\n<td class=\"et4\" style=\"height: 109.20pt; width: 48.00pt;\" width=\"80\" height=\"182\">400w<\/td>\n<td class=\"et5\"><img loading=\"lazy\" decoding=\"async\" class=\"wp-image-4022\" src=\"http:\/\/jinzho.com\/wp-content\/uploads\/2025\/05\/4-184-300x300.jpg\" alt=\"Panel solar y luz\" width=\"190\" height=\"190\" title=\"\" srcset=\"https:\/\/jinzho.com\/wp-content\/uploads\/2025\/05\/4-184-300x300.jpg 300w, https:\/\/jinzho.com\/wp-content\/uploads\/2025\/05\/4-184-150x150.jpg 150w, https:\/\/jinzho.com\/wp-content\/uploads\/2025\/05\/4-184-100x100.jpg 100w, https:\/\/jinzho.com\/wp-content\/uploads\/2025\/05\/4-184.jpg 490w\" sizes=\"(max-width: 190px) 100vw, 190px\" \/><\/td>\n<td class=\"et6\" style=\"width: 211.80pt;\" width=\"353\">(N\u00famero de LED\uff1a189)<\/p>\n<p>(Tama\u00f1o de la tapa de la l\u00e1mpara\uff1a180*215*55mm)<\/p>\n<p>(Paneles Solares\uff1a6V\u30013W)<\/p>\n<p>(Bater\u00edas\uff1a3600mAh)<\/td>\n<td class=\"et7\" style=\"width: 83.40pt;\" width=\"139\">0.85KG<\/td>\n<td class=\"et7\" style=\"width: 178.20pt;\" width=\"297\">Caja exterior\uff1a49.5*30.5*40cm<br \/>\n\uff0820 PCS\uff09<\/td>\n<\/tr>\n<tr style=\"height: 109.20pt;\">\n<td class=\"et4\" style=\"height: 109.20pt; width: 48.00pt;\" width=\"80\" height=\"182\">500w<\/td>\n<td class=\"et5\"><img loading=\"lazy\" decoding=\"async\" class=\"wp-image-4022\" src=\"http:\/\/jinzho.com\/wp-content\/uploads\/2025\/05\/4-184-300x300.jpg\" alt=\"Panel solar y luz\" width=\"188\" height=\"188\" title=\"\" srcset=\"https:\/\/jinzho.com\/wp-content\/uploads\/2025\/05\/4-184-300x300.jpg 300w, https:\/\/jinzho.com\/wp-content\/uploads\/2025\/05\/4-184-150x150.jpg 150w, https:\/\/jinzho.com\/wp-content\/uploads\/2025\/05\/4-184-100x100.jpg 100w, https:\/\/jinzho.com\/wp-content\/uploads\/2025\/05\/4-184.jpg 490w\" sizes=\"(max-width: 188px) 100vw, 188px\" \/><\/td>\n<td class=\"et6\" style=\"width: 211.80pt;\" width=\"353\">(N\u00famero de LED\uff1a189)<\/p>\n<p>(Tama\u00f1o de la tapa de la l\u00e1mpara\uff1a180*215*55mm)<\/p>\n<p>(Paneles Solares\uff1a6V\u30013W)<\/p>\n<p>(Bater\u00edas\uff1a3600mAh)<\/td>\n<td class=\"et7\" style=\"width: 83.40pt;\" width=\"139\">0,8KG<\/td>\n<td class=\"et7\" style=\"width: 178.20pt;\" width=\"297\">Caja exterior\uff1a49.5*30.5*40cm<br \/>\n\uff0820 PCS\uff09<\/td>\n<\/tr>\n<\/tbody>\n<\/table>","protected":false},"excerpt":{"rendered":"<p>La l\u00e1mpara de carga de emergencia solar integra paneles fotovoltaicos y un banco de energ\u00eda port\u00e1til de gran capacidad de 20000mAh, soporta generaci\u00f3n de energ\u00eda manual y carga r\u00e1pida Type-C, y est\u00e1 equipada con fuentes de luz duales (luz constante\/intermitente), adecuada para iluminaci\u00f3n y suministro de energ\u00eda de equipos en escenarios sin red el\u00e9ctrica como campamentos al aire libre y emergencias por desastres.<\/p>\n<p>Cantidad m\u00ednima de pedido: 500<br \/>\nPlazo de entrega: 15-25 d\u00edas<br \/>\nUbicaci\u00f3n de la f\u00e1brica: Zhongshan, Guangdong, China<\/p>","protected":false},"featured_media":4021,"comment_status":"closed","ping_status":"closed","template":"","meta":[],"product_brand":[],"product_cat":[2763],"product_tag":[168,183,184,186],"class_list":{"0":"post-1056","1":"product","2":"type-product","3":"status-publish","4":"has-post-thumbnail","6":"product_cat-solar-lamp","7":"product_tag-solar-led-lights","8":"product_tag-outdoor-solar-flood-light-fixtures","9":"product_tag-solar-panel-and-light","10":"product_tag-solar-led-light-string-or-rope-with-18650-battery","12":"first","13":"instock","14":"shipping-taxable","15":"product-type-simple"},"_links":{"self":[{"href":"https:\/\/jinzho.com\/es\/wp-json\/wp\/v2\/product\/1056","targetHints":{"allow":["GET"]}}],"collection":[{"href":"https:\/\/jinzho.com\/es\/wp-json\/wp\/v2\/product"}],"about":[{"href":"https:\/\/jinzho.com\/es\/wp-json\/wp\/v2\/types\/product"}],"replies":[{"embeddable":true,"href":"https:\/\/jinzho.com\/es\/wp-json\/wp\/v2\/comments?post=1056"}],"wp:featuredmedia":[{"embeddable":true,"href":"https:\/\/jinzho.com\/es\/wp-json\/wp\/v2\/media\/4021"}],"wp:attachment":[{"href":"https:\/\/jinzho.com\/es\/wp-json\/wp\/v2\/media?parent=1056"}],"wp:term":[{"taxonomy":"product_brand","embeddable":true,"href":"https:\/\/jinzho.com\/es\/wp-json\/wp\/v2\/product_brand?post=1056"},{"taxonomy":"product_cat","embeddable":true,"href":"https:\/\/jinzho.com\/es\/wp-json\/wp\/v2\/product_cat?post=1056"},{"taxonomy":"product_tag","embeddable":true,"href":"https:\/\/jinzho.com\/es\/wp-json\/wp\/v2\/product_tag?post=1056"}],"curies":[{"name":"wp","href":"https:\/\/api.w.org\/{rel}","templated":true}]}}