{"id":1043,"date":"2025-05-12T03:35:39","date_gmt":"2025-05-12T03:35:39","guid":{"rendered":"https:\/\/jinzho.com\/?post_type=product&#038;p=1043"},"modified":"2025-06-11T15:00:31","modified_gmt":"2025-06-11T15:00:31","slug":"caldera-de-almacenamiento-termico","status":"publish","type":"product","link":"https:\/\/jinzho.com\/es\/product\/thermal-storage-boiler\/","title":{"rendered":"Caldera de almacenamiento t\u00e9rmico"},"content":{"rendered":"<h3>1. Descripci\u00f3n del producto<\/h3>\n<p>Nuestra Caldera de Almacenamiento de Calor es un sistema de almacenamiento de energ\u00eda t\u00e9rmica de alta capacidad dise\u00f1ado para aplicaciones de calefacci\u00f3n a gran escala, que integra un almacenamiento de calor eficiente y un control preciso de temperatura. Aprovechando tecnolog\u00eda avanzada de almacenamiento t\u00e9rmico, se carga durante periodos de electricidad fuera de punta (utilizando tarifas por tiempo de uso) y libera el calor almacenado durante la demanda m\u00e1xima, optimizando los costos energ\u00e9ticos mientras garantiza calidez continua. Con una estructura robusta de acero y un sistema de intercambio de calor optimizado, ofrece un rendimiento estable y de alta eficiencia. Disponible en dos modelos (series SL-0301\/SL-0302), satisface diversas necesidades de calefacci\u00f3n industrial o comercial, adapt\u00e1ndose a \u00e1reas de calefacci\u00f3n que van desde 1.558 m\u00b2 hasta 4.000 m\u00b2. Las caracter\u00edsticas clave incluyen una calificaci\u00f3n de eficiencia t\u00e9rmica 98%+, temperaturas de calefacci\u00f3n ajustables (25\u201390\u00b0C) y un dise\u00f1o compacto pero espacioso para una f\u00e1cil instalaci\u00f3n.<\/p>\n<h3>2. Par\u00e1metros clave (Referencia)<\/h3>\n<div class=\"hyc-common-markdown__table-wrapper\">\n<table>\n<thead>\n<tr>\n<th>Modelo<\/th>\n<th>Potencia nominal (W)<\/th>\n<th>Tensi\u00f3n nominal (V)<\/th>\n<th>Corriente nominal (A)<\/th>\n<th>Eficiencia T\u00e9rmica (%)<\/th>\n<th>Temperatura M\u00e1xima de Salida de Agua (\u00b0C)<\/th>\n<th>Di\u00e1metro de Tuber\u00eda de Entrada\/Salida (DN)<\/th>\n<th>Dimensiones (mm)<\/th>\n<th>Superficie de calefacci\u00f3n (m\u00b2)<\/th>\n<th>Temperatura de Calefacci\u00f3n (\u00b0C)<\/th>\n<th>Peso del Producto (Kg)<\/th>\n<\/tr>\n<\/thead>\n<tbody>\n<tr>\n<td>SL-0301-100000<\/td>\n<td>100,000<\/td>\n<td>380<\/td>\n<td>150<\/td>\n<td>98<\/td>\n<td>95<\/td>\n<td>50<\/td>\n<td>1490\u00d71220\u00d72200<\/td>\n<td>1.558\u20133.000<\/td>\n<td>25\u201390<\/td>\n<td>850<\/td>\n<\/tr>\n<tr>\n<td>SL-0302-200000<\/td>\n<td>200,000<\/td>\n<td>380<\/td>\n<td>300<\/td>\n<td>98<\/td>\n<td>95<\/td>\n<td>65<\/td>\n<td>1590\u00d71220\u00d72400<\/td>\n<td>2.858\u20134.000<\/td>\n<td>25\u201390<\/td>\n<td>900<\/td>\n<\/tr>\n<\/tbody>\n<\/table>\n<\/div>\n<h3>3. Ventajas principales<\/h3>\n<ul>\n<li>\u200b<strong>\u200bAlmacenamiento de Energ\u00eda de Alta Eficiencia\u200b<\/strong>\u200b: La eficiencia t\u00e9rmica 98%+ minimiza el desperdicio de energ\u00eda; ideal para tarifas el\u00e9ctricas por tiempo de uso.<\/li>\n<li>\u200b<strong>\u200bCapacidad de Calefacci\u00f3n a Gran Escala\u200b<\/strong>\u200b: Cubre 1.558\u20134.000 m\u00b2, adecuado para parques industriales, complejos comerciales o grandes \u00e1reas residenciales.<\/li>\n<li>\u200b<strong>\u200bControl Flexible de Temperatura\u200b<\/strong>\u200b: Rango de calefacci\u00f3n ajustable (25\u201390\u00b0C) se adapta a diversos entornos (ej. talleres, almacenes).<\/li>\n<li>\u200b<strong>Dise\u00f1o duradero<\/strong>\u200b: Construcci\u00f3n robusta con larga vida \u00fatil; bajo mantenimiento en operaci\u00f3n continua.<\/li>\n<li>\u200b<strong>\u200bOperaci\u00f3n Rentable\u200b<\/strong>\u200b: Bajo consumo de energ\u00eda en horas punta reduce los costos el\u00e9ctricos al aprovechar tarifas fuera de punta.<\/li>\n<\/ul>\n<p><img fetchpriority=\"high\" decoding=\"async\" class=\"aligncenter size-full wp-image-3644\" src=\"http:\/\/jinzho.com\/wp-content\/uploads\/2025\/05\/heating-element-factory-10-1.jpg\" alt=\"\" width=\"1254\" height=\"600\" title=\"\" srcset=\"https:\/\/jinzho.com\/wp-content\/uploads\/2025\/05\/heating-element-factory-10-1.jpg 1254w, https:\/\/jinzho.com\/wp-content\/uploads\/2025\/05\/heating-element-factory-10-1-300x144.jpg 300w, https:\/\/jinzho.com\/wp-content\/uploads\/2025\/05\/heating-element-factory-10-1-1024x490.jpg 1024w, https:\/\/jinzho.com\/wp-content\/uploads\/2025\/05\/heating-element-factory-10-1-768x367.jpg 768w, https:\/\/jinzho.com\/wp-content\/uploads\/2025\/05\/heating-element-factory-10-1-600x287.jpg 600w\" sizes=\"(max-width: 1254px) 100vw, 1254px\" \/><\/p>","protected":false},"excerpt":{"rendered":"<p>La caldera el\u00e9ctrica de almacenamiento t\u00e9rmico es un m\u00e9todo de calefacci\u00f3n que utiliza electricidad para calentar el cuerpo de almacenamiento t\u00e9rmico a una temperatura determinada durante la noche en temporada baja, satisfaciendo simult\u00e1neamente la carga de calefacci\u00f3n del edificio en ese periodo. Se basa en el calor residual despu\u00e9s de calentar el cuerpo de almacenamiento para proporcionar calefacci\u00f3n durante la temporada media y los periodos de consumo el\u00e9ctrico punta.<\/p>\n<p>Cantidad m\u00ednima de pedido: 100<br \/>\nPlazo de entrega: 15-25 d\u00edas<br \/>\nUbicaci\u00f3n de la f\u00e1brica: Wuhu, Anhui, China<\/p>","protected":false},"featured_media":3230,"comment_status":"closed","ping_status":"closed","template":"","meta":[],"product_brand":[],"product_cat":[2761],"product_tag":[144,146,147,149,150],"class_list":{"0":"post-1043","1":"product","2":"type-product","3":"status-publish","4":"has-post-thumbnail","6":"product_cat-electrical-heating-products","7":"product_tag-industrial-heaters","8":"product_tag-big-industrial-heaters","9":"product_tag-electric-thermal-storage-heater","10":"product_tag-indoor-industrial-heaters","11":"product_tag-storage-boiler","13":"first","14":"instock","15":"shipping-taxable","16":"product-type-simple"},"_links":{"self":[{"href":"https:\/\/jinzho.com\/es\/wp-json\/wp\/v2\/product\/1043","targetHints":{"allow":["GET"]}}],"collection":[{"href":"https:\/\/jinzho.com\/es\/wp-json\/wp\/v2\/product"}],"about":[{"href":"https:\/\/jinzho.com\/es\/wp-json\/wp\/v2\/types\/product"}],"replies":[{"embeddable":true,"href":"https:\/\/jinzho.com\/es\/wp-json\/wp\/v2\/comments?post=1043"}],"wp:featuredmedia":[{"embeddable":true,"href":"https:\/\/jinzho.com\/es\/wp-json\/wp\/v2\/media\/3230"}],"wp:attachment":[{"href":"https:\/\/jinzho.com\/es\/wp-json\/wp\/v2\/media?parent=1043"}],"wp:term":[{"taxonomy":"product_brand","embeddable":true,"href":"https:\/\/jinzho.com\/es\/wp-json\/wp\/v2\/product_brand?post=1043"},{"taxonomy":"product_cat","embeddable":true,"href":"https:\/\/jinzho.com\/es\/wp-json\/wp\/v2\/product_cat?post=1043"},{"taxonomy":"product_tag","embeddable":true,"href":"https:\/\/jinzho.com\/es\/wp-json\/wp\/v2\/product_tag?post=1043"}],"curies":[{"name":"wp","href":"https:\/\/api.w.org\/{rel}","templated":true}]}}