{"id":1036,"date":"2025-05-12T03:35:39","date_gmt":"2025-05-12T03:35:39","guid":{"rendered":"https:\/\/jinzho.com\/?post_type=product&#038;p=1036"},"modified":"2025-06-11T14:30:49","modified_gmt":"2025-06-11T14:30:49","slug":"olla-electrica-cuerpo-de-acero-inoxidable","status":"publish","type":"product","link":"https:\/\/jinzho.com\/es\/product\/electric-pot-stainless-steel-body\/","title":{"rendered":"olla el\u00e9ctrica cuerpo de acero inoxidable"},"content":{"rendered":"<h3>1. Descripci\u00f3n general de la aplicaci\u00f3n del producto<\/h3>\n<p>Nuestro cuerpo de acero inoxidable para ollas el\u00e9ctricas es el componente estructural principal de las ollas el\u00e9ctricas, y sirve como carcasa principal y marco de soporte interno. Soporta el calentamiento a altas temperaturas, resiste la corrosi\u00f3n y protege los elementos calefactores internos, garantizando un funcionamiento seguro, estable y duradero en la preparaci\u00f3n diaria de agua caliente.<\/p>\n<h3>2. Caracter\u00edsticas del producto (alineado con el mercado y basado en la f\u00e1brica)<\/h3>\n<p>Los cuerpos de acero inoxidable de las ollas el\u00e9ctricas est\u00e1ndar del mercado dan prioridad a la seguridad alimentaria (por ejemplo, acero inoxidable 304), la solidez estructural y la resistencia a la corrosi\u00f3n. Nuestra f\u00e1brica utiliza Acero inoxidable 304 conforme a GB 4806.9 (normas sobre materiales en contacto con alimentos); procesos internos de estampado, soldadura y pulido para garantizar la precisi\u00f3n; y productos certificados CE y RoHS para el cumplimiento de las normas de seguridad. Se pueden personalizar las dimensiones, los dise\u00f1os de interfaz o los patrones de orificios para adaptarlos a modelos de olla espec\u00edficos.<\/p>\n<h3>3. Ventajas clave<\/h3>\n<ul>\n<li>\u200b<strong>Producci\u00f3n integrada<\/strong>: Talleres propios de estampaci\u00f3n, soldadura y pulido para el control de calidad de principio a fin.<\/li>\n<li>\u200b<strong>Material apto para uso alimentario<\/strong>\u200b: Utiliza acero inoxidable 304 que cumple con los est\u00e1ndares de seguridad de electrodom\u00e9sticos (GB 4806.9).<\/li>\n<li>\u200b<strong>Dise\u00f1o personalizable<\/strong>: Dimensiones, interfaces o disposici\u00f3n de los orificios ajustables para adaptarse a diferentes modelos de macetas.<\/li>\n<li>\u200b<strong>Capacidad estable<\/strong>: Producci\u00f3n por lotes de carrocer\u00edas est\u00e1ndar (m\u00e1s de 7.000 unidades al mes) con entregas fiables.<\/li>\n<li>\u200b<strong>Control de calidad riguroso<\/strong>: Estrictas inspecciones de pureza del material, integridad de la soldadura y precisi\u00f3n dimensional.<\/li>\n<\/ul>\n<p><img fetchpriority=\"high\" decoding=\"async\" class=\"aligncenter size-full wp-image-3642\" src=\"http:\/\/jinzho.com\/wp-content\/uploads\/2025\/05\/heating-element-factory-8-1.jpg\" alt=\"\" width=\"1254\" height=\"600\" title=\"\" srcset=\"https:\/\/jinzho.com\/wp-content\/uploads\/2025\/05\/heating-element-factory-8-1.jpg 1254w, https:\/\/jinzho.com\/wp-content\/uploads\/2025\/05\/heating-element-factory-8-1-300x144.jpg 300w, https:\/\/jinzho.com\/wp-content\/uploads\/2025\/05\/heating-element-factory-8-1-1024x490.jpg 1024w, https:\/\/jinzho.com\/wp-content\/uploads\/2025\/05\/heating-element-factory-8-1-768x367.jpg 768w, https:\/\/jinzho.com\/wp-content\/uploads\/2025\/05\/heating-element-factory-8-1-600x287.jpg 600w\" sizes=\"(max-width: 1254px) 100vw, 1254px\" \/><\/p>","protected":false},"excerpt":{"rendered":"<p>El cuerpo de la cocina el\u00e9ctrica de acero inoxidable est\u00e1 dise\u00f1ado para uso dom\u00e9stico y comercial. Es de acero inoxidable 304\/316L apto para uso alimentario y se fabrica mediante procesos de estampaci\u00f3n de precisi\u00f3n o fundici\u00f3n a presi\u00f3n. La superficie est\u00e1 tratada con revestimiento nanocer\u00e1mico o anodizado. Tiene resistencia a altas temperaturas (80\u2103-350\u2103), resistencia a la corrosi\u00f3n, antiquemaduras en seco y rendimiento impermeable IPX7. La estructura de disipaci\u00f3n de calor integrada optimiza la eficiencia de conducci\u00f3n del calor, se adapta a escenarios de cocci\u00f3n continua de alta frecuencia, cumple con la certificaci\u00f3n CE de la UE y satisface los requisitos de alta estabilidad y larga vida \u00fatil.<\/p>\n<p>Cantidad m\u00ednima de pedido: 1000<br \/>\nPlazo de entrega: 15-25 d\u00edas<br \/>\nUbicaci\u00f3n de la f\u00e1brica: Zhongshan, Guangdong, China<\/p>","protected":false},"featured_media":1858,"comment_status":"closed","ping_status":"closed","template":"","meta":[],"product_brand":[],"product_cat":[2760],"product_tag":[72,77,103,141,142],"class_list":{"0":"post-1036","1":"product","2":"type-product","3":"status-publish","4":"has-post-thumbnail","6":"product_cat-stainless-steel-parts","7":"product_tag-stainless-steel-water-heater","8":"product_tag-stainless-steel-heat-exchanger","9":"product_tag-electric-water-heater-element","10":"product_tag-electric-heater-parts","11":"product_tag-electric-kettle-parts","13":"first","14":"instock","15":"shipping-taxable","16":"product-type-simple"},"_links":{"self":[{"href":"https:\/\/jinzho.com\/es\/wp-json\/wp\/v2\/product\/1036","targetHints":{"allow":["GET"]}}],"collection":[{"href":"https:\/\/jinzho.com\/es\/wp-json\/wp\/v2\/product"}],"about":[{"href":"https:\/\/jinzho.com\/es\/wp-json\/wp\/v2\/types\/product"}],"replies":[{"embeddable":true,"href":"https:\/\/jinzho.com\/es\/wp-json\/wp\/v2\/comments?post=1036"}],"wp:featuredmedia":[{"embeddable":true,"href":"https:\/\/jinzho.com\/es\/wp-json\/wp\/v2\/media\/1858"}],"wp:attachment":[{"href":"https:\/\/jinzho.com\/es\/wp-json\/wp\/v2\/media?parent=1036"}],"wp:term":[{"taxonomy":"product_brand","embeddable":true,"href":"https:\/\/jinzho.com\/es\/wp-json\/wp\/v2\/product_brand?post=1036"},{"taxonomy":"product_cat","embeddable":true,"href":"https:\/\/jinzho.com\/es\/wp-json\/wp\/v2\/product_cat?post=1036"},{"taxonomy":"product_tag","embeddable":true,"href":"https:\/\/jinzho.com\/es\/wp-json\/wp\/v2\/product_tag?post=1036"}],"curies":[{"name":"wp","href":"https:\/\/api.w.org\/{rel}","templated":true}]}}