{"id":1032,"date":"2025-05-12T03:35:38","date_gmt":"2025-05-12T03:35:38","guid":{"rendered":"https:\/\/jinzho.com\/?post_type=product&#038;p=1032"},"modified":"2025-06-11T12:05:16","modified_gmt":"2025-06-11T12:05:16","slug":"sistema-de-calefaccion-por-caldera-electrica","status":"publish","type":"product","link":"https:\/\/jinzho.com\/es\/product\/electric-boiler-heating-system\/","title":{"rendered":"sistema de calefacci\u00f3n por caldera el\u00e9ctrica"},"content":{"rendered":"<h2>1.Escenarios de aplicaci\u00f3n:<\/h2>\n<p>Calderas el\u00e9ctricas comerciales, calentadores de agua el\u00e9ctricos instant\u00e1neos, generadores de vapor (hoteles\/hospitales)<\/p>\n<h2>2. Descripci\u00f3n general de la aplicaci\u00f3n del producto<\/h2>\n<p>Los sistemas de calefacci\u00f3n por caldera el\u00e9ctrica son soluciones t\u00e9rmicas integradas dise\u00f1adas para generar vapor controlado para diversos electrodom\u00e9sticos basados en vapor en entornos residenciales, comerciales y de ligera industria. Se utilizan ampliamente en planchas de vapor (para planchado r\u00e1pido de prendas), m\u00e1quinas de espresso (para producir vapor de infusi\u00f3n), vaporeras el\u00e9ctricas (para cocinar\/cocci\u00f3n al vapor de alimentos), humidificadores (para mantener una humedad interior \u00f3ptima), generadores de vapor industriales (para calentamiento de procesos en fabricaci\u00f3n a peque\u00f1a escala), y sistemas instant\u00e1neos de vapor comerciales (para entornos de alta demanda como lavander\u00edas o servicios de catering). Estos sistemas garantizan una salida de vapor eficiente y estable para satisfacer los requisitos de uso final.<\/p>\n<h2>3. Par\u00e1metros del producto (realistas y personalizables)<\/h2>\n<p>Alineados con los est\u00e1ndares de la industria y nuestras capacidades de fabricaci\u00f3n, los par\u00e1metros clave para los sistemas de calefacci\u00f3n por caldera el\u00e9ctrica son los siguientes (personalizables seg\u00fan las especificaciones del cliente):<\/p>\n<div class=\"hyc-common-markdown__table-wrapper\">\n<table>\n<thead>\n<tr>\n<th>\u200b<strong>Par\u00e1metro<\/strong>\u200b<\/th>\n<th>\u200b<strong>Alcance t\u00edpico<\/strong>\u200b<\/th>\n<th>\u200b<strong>Opciones de personalizaci\u00f3n<\/strong>\u200b<\/th>\n<\/tr>\n<\/thead>\n<tbody>\n<tr>\n<td>Potencia nominal<\/td>\n<td>500W\u201330,000W<\/td>\n<td>Ajustable (ej., 300W para vaporeras mini; 40,000W para unidades industriales)<\/td>\n<\/tr>\n<tr>\n<td>Tensi\u00f3n de funcionamiento<\/td>\n<td>110V\/220V (monof\u00e1sico)<\/td>\n<td>Trif\u00e1sico (380 V) para sistemas comerciales pesados<\/td>\n<\/tr>\n<tr>\n<td>M\u00e1x. Temperatura de trabajo<\/td>\n<td>\u2264350\u2103 (continuo); \u2264450\u2103 (pico)<\/td>\n<td>Hasta 550\u2103 (con revestimiento de aleaci\u00f3n de Inconel)<\/td>\n<\/tr>\n<tr>\n<td>Material<\/td>\n<td>Acero inoxidable 316L (est\u00e1ndar)<\/td>\n<td>Acero inoxidable 321\/310S (alta corrosi\u00f3n\/alta temperatura)<\/td>\n<\/tr>\n<tr>\n<td>Tolerancia dimensional<\/td>\n<td>\u00b10,5mm (est\u00e1ndar)<\/td>\n<td>\u00b10.2mm (mecanizado de precisi\u00f3n para ajustes estrechos)<\/td>\n<\/tr>\n<tr>\n<td>Resistencia a la presi\u00f3n<\/td>\n<td>10 bar (continuo); 15 bar (pico)<\/td>\n<td>Hasta 35 bar (carcasa de aleaci\u00f3n de cobre espesada)<\/td>\n<\/tr>\n<\/tbody>\n<\/table>\n<\/div>\n<h2>4. Ventajas principales<\/h2>\n<ul>\n<li>\u200b<strong>Producci\u00f3n integrada<\/strong>\u200b: Instalaciones integrales (estampado, corte l\u00e1ser, soldadura TIG) garantizan calidad consistente y una producci\u00f3n mensual de m\u00e1s de 100,000 unidades.<\/li>\n<li>\u200b<strong>Pruebas rigurosas<\/strong>\u200b: Todos los sistemas se someten a pruebas de m\u00e1s de 10,000 ciclos de calentamiento y controles de corrosi\u00f3n por niebla salina de 72 horas para garantizar durabilidad en ambientes h\u00famedos.<\/li>\n<li>\u200b<strong>Personalizaci\u00f3n flexible<\/strong>\u200b: Prototipado r\u00e1pido (7-15 d\u00edas) para dimensiones \u00fanicas, potencias nominales o conectores espec\u00edficos (ej., rosca, brida, desconexi\u00f3n r\u00e1pida).<\/li>\n<li>\u200b<strong>Eficiencia de costes<\/strong>\u200b: La adquisici\u00f3n directa de acero inoxidable 316L reduce los costos de producci\u00f3n entre un 15-20%, manteniendo precios competitivos.<\/li>\n<li>\u200b<strong>Rendimiento Fiable<\/strong>\u200b: Validado en m\u00e1s de 300 aplicaciones de clientes, garantizando una salida de vapor estable tanto en configuraciones dom\u00e9sticas peque\u00f1as como en instalaciones industriales grandes.<\/li>\n<\/ul>\n<p><img fetchpriority=\"high\" decoding=\"async\" class=\"aligncenter size-full wp-image-3642\" src=\"http:\/\/jinzho.com\/wp-content\/uploads\/2025\/05\/heating-element-factory-8-1.jpg\" alt=\"\" width=\"1254\" height=\"600\" title=\"\" srcset=\"https:\/\/jinzho.com\/wp-content\/uploads\/2025\/05\/heating-element-factory-8-1.jpg 1254w, https:\/\/jinzho.com\/wp-content\/uploads\/2025\/05\/heating-element-factory-8-1-300x144.jpg 300w, https:\/\/jinzho.com\/wp-content\/uploads\/2025\/05\/heating-element-factory-8-1-1024x490.jpg 1024w, https:\/\/jinzho.com\/wp-content\/uploads\/2025\/05\/heating-element-factory-8-1-768x367.jpg 768w, https:\/\/jinzho.com\/wp-content\/uploads\/2025\/05\/heating-element-factory-8-1-600x287.jpg 600w\" sizes=\"(max-width: 1254px) 100vw, 1254px\" \/><\/p>","protected":false},"excerpt":{"rendered":"<p>El sistema de calefacci\u00f3n por caldera el\u00e9ctrica est\u00e1 dise\u00f1ado para una gesti\u00f3n eficiente de la energ\u00eda t\u00e9rmica. Utiliza un sustrato de acero inoxidable y tecnolog\u00eda de resistencias de pel\u00edcula gruesa, integra un m\u00f3dulo de control de temperatura PID y un sensor de temperatura NTC, logra calentamiento en 3 segundos, eficiencia energ\u00e9tica \u2265 96%, un rango de temperatura de operaci\u00f3n de 80\u2103\u2013350\u2103, y soporta alta presi\u00f3n (100kPa\u2013300kPa) y ajuste de potencia multietapa (500W\u20135000W). El sistema est\u00e1 equipado con protecci\u00f3n contra agua, contra quemado en seco y contra incrustaciones, y el tratamiento de anodizado de la superficie mejora la resistencia a la corrosi\u00f3n. Su vida \u00fatil supera las 30.000 horas, es adecuado para escenarios de operaci\u00f3n continua de grado industrial, cumple con la certificaci\u00f3n CE de la UE, y satisface los altos requisitos de estabilidad y ahorro energ\u00e9tico.<\/p>\n<p>Cantidad m\u00ednima de pedido: 1000<br \/>\nPlazo de entrega: 15-25 d\u00edas<br \/>\nUbicaci\u00f3n de la f\u00e1brica: Zhongshan, Guangdong, China<\/p>","protected":false},"featured_media":1851,"comment_status":"closed","ping_status":"closed","template":"","meta":[],"product_brand":[],"product_cat":[2759],"product_tag":[53,57,83,87,138],"class_list":{"0":"post-1032","1":"product","2":"type-product","3":"status-publish","4":"has-post-thumbnail","6":"product_cat-electric-boiler-heater","7":"product_tag-electric-heating-element","8":"product_tag-hot-water-heating-element","9":"product_tag-electric-heating-kit","10":"product_tag-hot-tub-elements-heater","11":"product_tag-electric-boiler-heating-element","13":"first","14":"instock","15":"shipping-taxable","16":"product-type-simple"},"_links":{"self":[{"href":"https:\/\/jinzho.com\/es\/wp-json\/wp\/v2\/product\/1032","targetHints":{"allow":["GET"]}}],"collection":[{"href":"https:\/\/jinzho.com\/es\/wp-json\/wp\/v2\/product"}],"about":[{"href":"https:\/\/jinzho.com\/es\/wp-json\/wp\/v2\/types\/product"}],"replies":[{"embeddable":true,"href":"https:\/\/jinzho.com\/es\/wp-json\/wp\/v2\/comments?post=1032"}],"wp:featuredmedia":[{"embeddable":true,"href":"https:\/\/jinzho.com\/es\/wp-json\/wp\/v2\/media\/1851"}],"wp:attachment":[{"href":"https:\/\/jinzho.com\/es\/wp-json\/wp\/v2\/media?parent=1032"}],"wp:term":[{"taxonomy":"product_brand","embeddable":true,"href":"https:\/\/jinzho.com\/es\/wp-json\/wp\/v2\/product_brand?post=1032"},{"taxonomy":"product_cat","embeddable":true,"href":"https:\/\/jinzho.com\/es\/wp-json\/wp\/v2\/product_cat?post=1032"},{"taxonomy":"product_tag","embeddable":true,"href":"https:\/\/jinzho.com\/es\/wp-json\/wp\/v2\/product_tag?post=1032"}],"curies":[{"name":"wp","href":"https:\/\/api.w.org\/{rel}","templated":true}]}}