{"id":1031,"date":"2025-05-12T03:35:38","date_gmt":"2025-05-12T03:35:38","guid":{"rendered":"https:\/\/jinzho.com\/?post_type=product&#038;p=1031"},"modified":"2025-06-11T12:03:19","modified_gmt":"2025-06-11T12:03:19","slug":"caldera-electrica","status":"publish","type":"product","link":"https:\/\/jinzho.com\/es\/product\/electric-boiler-heater\/","title":{"rendered":"caldera el\u00e9ctrica"},"content":{"rendered":"<h2>1.Escenarios de aplicaci\u00f3n:<\/h2>\n<p>Calderas el\u00e9ctricas comerciales, calentadores de agua el\u00e9ctricos instant\u00e1neos, generadores de vapor (hoteles\/hospitales), calderas para cafeteras (modelos de c\u00e1psulas\/totalmente autom\u00e1ticos)<\/p>\n<h2>2. Descripci\u00f3n general de la aplicaci\u00f3n del producto<\/h2>\n<p>los calentadores el\u00e9ctricos de caldera son elementos calefactores especializados dise\u00f1ados para una conversi\u00f3n eficiente de la energ\u00eda t\u00e9rmica en aparatos generadores de vapor para usos residenciales, comerciales y de industria ligera. Se integran principalmente en planchas de vapor (para el planchado r\u00e1pido de prendas de vestir), cafeteras espresso (para producir vapor de infusi\u00f3n), vaporizadores el\u00e9ctricos (para cocinar\/vaporizar alimentos), humidificadores (para mantener una humedad interior \u00f3ptima), generadores de vapor industriales (para el calentamiento de procesos en la fabricaci\u00f3n a peque\u00f1a escala) y sistemas comerciales de vapor instant\u00e1neo (para entornos de demanda de alta frecuencia como lavander\u00edas o servicios de catering). Su robusto dise\u00f1o garantiza una producci\u00f3n de vapor constante en diversos contextos operativos.<\/p>\n<h2>3. Par\u00e1metros del producto (realistas y personalizables)<\/h2>\n<p>En consonancia con las normas del sector y nuestras capacidades de fabricaci\u00f3n, los par\u00e1metros clave del modelo 7002 son los siguientes (personalizables seg\u00fan las especificaciones del cliente):<\/p>\n<div class=\"hyc-common-markdown__table-wrapper\">\n<table>\n<thead>\n<tr>\n<th>\u200b<strong>Par\u00e1metro<\/strong>\u200b<\/th>\n<th>\u200b<strong>Alcance t\u00edpico<\/strong>\u200b<\/th>\n<th>\u200b<strong>Opciones de personalizaci\u00f3n<\/strong>\u200b<\/th>\n<\/tr>\n<\/thead>\n<tbody>\n<tr>\n<td>Potencia nominal<\/td>\n<td>800W-25.000W<\/td>\n<td>Ajustable (por ejemplo, 500 W para mini vaporizadores; 30.000 W para unidades industriales)<\/td>\n<\/tr>\n<tr>\n<td>Tensi\u00f3n de funcionamiento<\/td>\n<td>110V\/220V (monof\u00e1sico)<\/td>\n<td>Trif\u00e1sico (380 V) para sistemas comerciales pesados<\/td>\n<\/tr>\n<tr>\n<td>M\u00e1x. Temperatura de trabajo<\/td>\n<td>\u2264380\u2103 (continuo); \u2264480\u2103 (pico)<\/td>\n<td>Hasta 550\u2103 (con revestimiento de aleaci\u00f3n de Inconel)<\/td>\n<\/tr>\n<tr>\n<td>Material<\/td>\n<td>Acero inoxidable 316L (est\u00e1ndar)<\/td>\n<td>Acero inoxidable 321\/310S (alta corrosi\u00f3n\/alta temperatura)<\/td>\n<\/tr>\n<tr>\n<td>Tolerancia dimensional<\/td>\n<td>\u00b10,6 mm (est\u00e1ndar)<\/td>\n<td>\u00b10,3 mm (mecanizado de precisi\u00f3n para ajustes estrechos)<\/td>\n<\/tr>\n<tr>\n<td>Resistencia a la presi\u00f3n<\/td>\n<td>12 bar (continuo); 18 bar (pico)<\/td>\n<td>Hasta 35 bar (carcasa de aleaci\u00f3n de cobre espesada)<\/td>\n<\/tr>\n<\/tbody>\n<\/table>\n<\/div>\n<h2>4. Ventajas principales<\/h2>\n<ul>\n<li>\u200b<strong>Experiencia en dise\u00f1o vers\u00e1til<\/strong>: Optimizado tanto para peque\u00f1os dispositivos dom\u00e9sticos (por ejemplo, planchas de vapor) como para grandes sistemas comerciales e industriales, validado en m\u00e1s de 200 aplicaciones de clientes.<\/li>\n<li>\u200b<strong>Producci\u00f3n racionalizada<\/strong>: Las instalaciones integradas (estampaci\u00f3n, corte por l\u00e1ser, soldadura TIG) garantizan una producci\u00f3n mensual de m\u00e1s de 80.000 unidades con una calidad constante.<\/li>\n<li>\u200b<strong>Fiabilidad del material<\/strong>: Acero inoxidable 316L procedente de f\u00e1bricas con certificaci\u00f3n ISO; todos los elementos superan la prueba de corrosi\u00f3n por niebla salina de 72 horas para entornos h\u00famedos.<\/li>\n<li>\u200b<strong>Personalizaci\u00f3n \u00e1gil<\/strong>: Creaci\u00f3n r\u00e1pida de prototipos (5-10 d\u00edas) para dimensiones, potencias o tipos de conectores exclusivos (por ejemplo, dise\u00f1os de rosca, brida o desconexi\u00f3n r\u00e1pida).<\/li>\n<li>\u200b<strong>Precios competitivos<\/strong>: El control directo sobre la adquisici\u00f3n de materias primas reduce los costes en 18-25% frente a proveedores externos, manteniendo un rendimiento duradero.<\/li>\n<\/ul>\n<p><img fetchpriority=\"high\" decoding=\"async\" class=\"aligncenter size-full wp-image-3644\" src=\"http:\/\/jinzho.com\/wp-content\/uploads\/2025\/05\/heating-element-factory-10-1.jpg\" alt=\"\" width=\"1254\" height=\"600\" title=\"\" srcset=\"https:\/\/jinzho.com\/wp-content\/uploads\/2025\/05\/heating-element-factory-10-1.jpg 1254w, https:\/\/jinzho.com\/wp-content\/uploads\/2025\/05\/heating-element-factory-10-1-300x144.jpg 300w, https:\/\/jinzho.com\/wp-content\/uploads\/2025\/05\/heating-element-factory-10-1-1024x490.jpg 1024w, https:\/\/jinzho.com\/wp-content\/uploads\/2025\/05\/heating-element-factory-10-1-768x367.jpg 768w, https:\/\/jinzho.com\/wp-content\/uploads\/2025\/05\/heating-element-factory-10-1-600x287.jpg 600w\" sizes=\"(max-width: 1254px) 100vw, 1254px\" \/><\/p>","protected":false},"excerpt":{"rendered":"<p>El calentador el\u00e9ctrico de caldera est\u00e1 dise\u00f1ado para sistemas t\u00e9rmicos de alta eficiencia. Utiliza un sustrato de acero inoxidable y tecnolog\u00eda de resistencia de pel\u00edcula gruesa, integra un m\u00f3dulo de control de temperatura PID y un sensor de temperatura NTC, consigue un calentamiento de 3 segundos, una eficiencia energ\u00e9tica \u226596%, y un rango de temperatura de funcionamiento de 80\u2103-350\u2103. Admite una amplia personalizaci\u00f3n de potencia (500W-5000W) y compatibilidad con alto voltaje (100kPa-300kPa). El tratamiento de anodizado de la superficie mejora la resistencia a la corrosi\u00f3n. Es resistente al agua IPX7, antiquemaduras y antiescaldamiento. Su vida \u00fatil supera las 30.000 horas, y es adecuado para escenarios industriales y comerciales de calentamiento continuo de alta frecuencia. Cumple la certificaci\u00f3n CE de la UE y los requisitos de alta estabilidad.<\/p>\n<p>Cantidad m\u00ednima de pedido: 1000<br \/>\nPlazo de entrega: 15-25 d\u00edas<br \/>\nUbicaci\u00f3n de la f\u00e1brica: Zhongshan, Guangdong, China<\/p>","protected":false},"featured_media":1846,"comment_status":"closed","ping_status":"closed","template":"","meta":[],"product_brand":[],"product_cat":[2759],"product_tag":[53,57,83,87,138],"class_list":{"0":"post-1031","1":"product","2":"type-product","3":"status-publish","4":"has-post-thumbnail","6":"product_cat-electric-boiler-heater","7":"product_tag-electric-heating-element","8":"product_tag-hot-water-heating-element","9":"product_tag-electric-heating-kit","10":"product_tag-hot-tub-elements-heater","11":"product_tag-electric-boiler-heating-element","13":"first","14":"instock","15":"shipping-taxable","16":"product-type-simple"},"_links":{"self":[{"href":"https:\/\/jinzho.com\/es\/wp-json\/wp\/v2\/product\/1031","targetHints":{"allow":["GET"]}}],"collection":[{"href":"https:\/\/jinzho.com\/es\/wp-json\/wp\/v2\/product"}],"about":[{"href":"https:\/\/jinzho.com\/es\/wp-json\/wp\/v2\/types\/product"}],"replies":[{"embeddable":true,"href":"https:\/\/jinzho.com\/es\/wp-json\/wp\/v2\/comments?post=1031"}],"wp:featuredmedia":[{"embeddable":true,"href":"https:\/\/jinzho.com\/es\/wp-json\/wp\/v2\/media\/1846"}],"wp:attachment":[{"href":"https:\/\/jinzho.com\/es\/wp-json\/wp\/v2\/media?parent=1031"}],"wp:term":[{"taxonomy":"product_brand","embeddable":true,"href":"https:\/\/jinzho.com\/es\/wp-json\/wp\/v2\/product_brand?post=1031"},{"taxonomy":"product_cat","embeddable":true,"href":"https:\/\/jinzho.com\/es\/wp-json\/wp\/v2\/product_cat?post=1031"},{"taxonomy":"product_tag","embeddable":true,"href":"https:\/\/jinzho.com\/es\/wp-json\/wp\/v2\/product_tag?post=1031"}],"curies":[{"name":"wp","href":"https:\/\/api.w.org\/{rel}","templated":true}]}}