{"id":1022,"date":"2025-05-12T03:35:19","date_gmt":"2025-05-12T03:35:19","guid":{"rendered":"https:\/\/jinzho.com\/?post_type=product&#038;p=1022"},"modified":"2025-06-07T07:03:15","modified_gmt":"2025-06-07T07:03:15","slug":"carcasa-del-calentador-por-fundicion-a-presion","status":"publish","type":"product","link":"https:\/\/jinzho.com\/es\/product\/die-cast-heater-shell\/","title":{"rendered":"Carcasa del calentador de fundici\u00f3n a presi\u00f3n"},"content":{"rendered":"<h2>Aplicaciones del producto:<\/h2>\n<p>Carcasa del m\u00f3dulo de vapor de m\u00e1quinas de caf\u00e9, cavidad de calentamiento de calentadores de agua el\u00e9ctricos, carcasa de disipaci\u00f3n de calor de hornos industriales, carcasa del calentador de equipos de esterilizaci\u00f3n m\u00e9dica, carcasa de ba\u00f1o de agua a temperatura constante de laboratorio, carcasa de temperatura constante para m\u00f3dulos de bater\u00edas de nueva energ\u00eda, hornillo el\u00e9ctrico comercial para hoteles<\/p>\n<h2>Carcasas de Calentador de Fundici\u00f3n a Presi\u00f3n para Electrodom\u00e9sticos: Caracter\u00edsticas y Ventajas<\/h2>\n<p>Combinando una gran transferencia de calor con un dise\u00f1o ligero, la aleaci\u00f3n de aluminio de fundici\u00f3n a presi\u00f3n (A356\/6061) tiene una conductividad t\u00e9rmica superior a 200 W\/(m\u00b7K) y una densidad de 2.7 g\/cm\u00b3.<br \/>\nLas t\u00e9cnicas de fundici\u00f3n avanzadas garantizan tolerancias dimensionales de \u00b10.2 mm y acabados superficiales impecables (Ra \u22641.6 \u03bcm), permitiendo as\u00ed una integraci\u00f3n fluida del elemento calefactor.<br \/>\nCompatibilidad con m\u00faltiples dispositivos: Las dimensiones personalizables (longitud: 100-600 mm; anchura: 40-150 mm) y los dise\u00f1os de ranuras se adaptan a dispositivos principales como teteras el\u00e9ctricas, cafeteras y ollas el\u00e9ctricas.<br \/>\nDurabilidad T\u00e9rmica: Ideal para uso de alta frecuencia en licuadoras y fabricantes de leche de soja, las carcasas de aleaci\u00f3n de aluminio resisten ciclos repetidos de calentamiento-enfriamiento (hasta 8000-15000 horas) sin deformaci\u00f3n.<br \/>\nLas superficies anodizadas o recubiertas de cer\u00e1mica reducen la oxidaci\u00f3n y la adhesi\u00f3n de cal en un 40%, aumentando as\u00ed la vida \u00fatil en entornos h\u00famedos (por ejemplo, cocinas h\u00famedas).<br \/>\nEl dise\u00f1o estructural elimina los puntos fr\u00edos para garantizar una transferencia de calor consistente a los componentes de calentamiento (por ejemplo, n\u00facleos de n\u00edquel-cromo) y un rendimiento estable.<\/p>\n<p><img fetchpriority=\"high\" decoding=\"async\" class=\"aligncenter size-full wp-image-3430\" src=\"http:\/\/jinzho.com\/wp-content\/uploads\/2025\/05\/heating-element-factory-1-2.jpg\" alt=\"\" width=\"1254\" height=\"600\" title=\"\" srcset=\"https:\/\/jinzho.com\/wp-content\/uploads\/2025\/05\/heating-element-factory-1-2.jpg 1254w, https:\/\/jinzho.com\/wp-content\/uploads\/2025\/05\/heating-element-factory-1-2-300x144.jpg 300w, https:\/\/jinzho.com\/wp-content\/uploads\/2025\/05\/heating-element-factory-1-2-1024x490.jpg 1024w, https:\/\/jinzho.com\/wp-content\/uploads\/2025\/05\/heating-element-factory-1-2-768x367.jpg 768w, https:\/\/jinzho.com\/wp-content\/uploads\/2025\/05\/heating-element-factory-1-2-600x287.jpg 600w\" sizes=\"(max-width: 1254px) 100vw, 1254px\" \/><\/p>","protected":false},"excerpt":{"rendered":"<p>La carcasa del calentador de fundici\u00f3n a presi\u00f3n est\u00e1 fabricada con tecnolog\u00eda de aleaci\u00f3n de aluminio de fundici\u00f3n a presi\u00f3n de alta precisi\u00f3n. El tratamiento de anodizado superficial mejora la resistencia al desgaste y a la corrosi\u00f3n. Es adecuada para entornos de alta temperatura (50\u2103-300\u2103) y alta presi\u00f3n. La estructura integrada de aletas de disipaci\u00f3n optimiza la eficiencia de conducci\u00f3n t\u00e9rmica, soporta protecci\u00f3n contra agua y polvo IPX7 y protecci\u00f3n contra quemado en seco, cumple con los requisitos industriales de trabajo continuo de alta intensidad y alta frecuencia, y tiene una vida \u00fatil de m\u00e1s de 30.000 horas.<\/p>\n<p>Cantidad m\u00ednima de pedido: 1000<br \/>\nPlazo de entrega: 15-25 d\u00edas<br \/>\nUbicaci\u00f3n de la f\u00e1brica: Zhongshan, Guangdong, China<\/p>","protected":false},"featured_media":1820,"comment_status":"closed","ping_status":"closed","template":"","meta":[],"product_brand":[],"product_cat":[2755],"product_tag":[43,53,72,121,128,132],"class_list":{"0":"post-1022","1":"product","2":"type-product","3":"status-publish","4":"has-post-thumbnail","6":"product_cat-standard-die-casting-parts","7":"product_tag-water-heating-element","8":"product_tag-electric-heating-element","9":"product_tag-stainless-steel-water-heater","10":"product_tag-die-casting-heating-element","11":"product_tag-custom-heating-elements","12":"product_tag-custom-heating-coils","14":"first","15":"instock","16":"shipping-taxable","17":"product-type-simple"},"_links":{"self":[{"href":"https:\/\/jinzho.com\/es\/wp-json\/wp\/v2\/product\/1022","targetHints":{"allow":["GET"]}}],"collection":[{"href":"https:\/\/jinzho.com\/es\/wp-json\/wp\/v2\/product"}],"about":[{"href":"https:\/\/jinzho.com\/es\/wp-json\/wp\/v2\/types\/product"}],"replies":[{"embeddable":true,"href":"https:\/\/jinzho.com\/es\/wp-json\/wp\/v2\/comments?post=1022"}],"wp:featuredmedia":[{"embeddable":true,"href":"https:\/\/jinzho.com\/es\/wp-json\/wp\/v2\/media\/1820"}],"wp:attachment":[{"href":"https:\/\/jinzho.com\/es\/wp-json\/wp\/v2\/media?parent=1022"}],"wp:term":[{"taxonomy":"product_brand","embeddable":true,"href":"https:\/\/jinzho.com\/es\/wp-json\/wp\/v2\/product_brand?post=1022"},{"taxonomy":"product_cat","embeddable":true,"href":"https:\/\/jinzho.com\/es\/wp-json\/wp\/v2\/product_cat?post=1022"},{"taxonomy":"product_tag","embeddable":true,"href":"https:\/\/jinzho.com\/es\/wp-json\/wp\/v2\/product_tag?post=1022"}],"curies":[{"name":"wp","href":"https:\/\/api.w.org\/{rel}","templated":true}]}}