{"id":1016,"date":"2025-05-12T03:35:19","date_gmt":"2025-05-12T03:35:19","guid":{"rendered":"https:\/\/jinzho.com\/?post_type=product&#038;p=1016"},"modified":"2025-06-07T05:44:13","modified_gmt":"2025-06-07T05:44:13","slug":"placa-calefactora-de-aluminio-en-forma-de-anillo","status":"publish","type":"product","link":"https:\/\/jinzho.com\/es\/product\/ring-shaped-aluminum-heating-plate\/","title":{"rendered":"Placa calefactora de aluminio en forma de anillo"},"content":{"rendered":"<h2>Aplicaciones del producto<\/h2>\n<p>M\u00f3dulo de vapor de m\u00e1quina de caf\u00e9 en c\u00e1psulas, sistema de temperatura constante de horno el\u00e9ctrico, dispensador de agua caliente instant\u00e1nea, c\u00e1mara de reacci\u00f3n de temperatura constante de laboratorio, equipo de esterilizaci\u00f3n m\u00e9dica, calentamiento de moldes industriales, componente de temperatura constante de m\u00f3dulo de bater\u00eda de veh\u00edculo de nueva energ\u00eda, unidad de control de temperatura de dispositivo wearable inteligente, estufa de t\u00e9 el\u00e9ctrica comercial de hotel, electrodom\u00e9sticos<\/p>\n<h2>Especificaciones de la placa calefactora de aluminio en forma de anillo (Par\u00e1metros centrales)<\/h2>\n<div class=\"hyc-common-markdown__table-wrapper\">\n<table>\n<thead>\n<tr>\n<th>\u200b<strong>Par\u00e1metro<\/strong>\u200b<\/th>\n<th>\u200b<strong>Rango de especificaciones<\/strong>\u200b<\/th>\n<\/tr>\n<\/thead>\n<tbody>\n<tr>\n<td>Rango de potencia<\/td>\n<td>800W-4000W (cubre planchas de vapor, cafeteras y humidificadores: por ejemplo, 1000W para peque\u00f1as vaporeras, 3000W para cafeteras comerciales)<\/td>\n<\/tr>\n<tr>\n<td>Tensi\u00f3n de funcionamiento<\/td>\n<td>220 V (monof\u00e1sico, est\u00e1ndar dom\u00e9stico); 380 V (trif\u00e1sico, comercial opcional)<\/td>\n<\/tr>\n<tr>\n<td>Valor de resistencia<\/td>\n<td>3\u03a9-25\u03a9 (configuraci\u00f3n de uno o varios anillos, adaptada a los requisitos de potencia\/tensi\u00f3n)<\/td>\n<\/tr>\n<tr>\n<td>Temperatura de funcionamiento<\/td>\n<td>Superficie: 150\u2103-300\u2103 (funcionamiento normal); Resistencia m\u00e1xima: 350\u2103 (protecci\u00f3n contra sobrecarga de corta duraci\u00f3n).<\/td>\n<\/tr>\n<tr>\n<td>Material<\/td>\n<td>Elemento calefactor: Aleaci\u00f3n de n\u00edquel-cromo (Cr20Ni80, \u03a60,6mm-\u03a62,0mm, alta resistividad + conductividad t\u00e9rmica); Carcasa: Aleaci\u00f3n de aluminio fundido a presi\u00f3n (A356\/6061, resistente a la corrosi\u00f3n, grosor 1,2mm-3,0mm)<\/td>\n<\/tr>\n<tr>\n<td>Dimensiones<\/td>\n<td>Di\u00e1metro exterior: 100 mm-400 mm; di\u00e1metro interior: 40 mm-200 mm; grosor: 15 mm-50 mm (dise\u00f1o anular compatible con planchas de vapor, c\u00e1maras de infusi\u00f3n de cafeteras y ranuras de calentamiento de humidificadores).<\/td>\n<\/tr>\n<tr>\n<td>Vida \u00fatil<\/td>\n<td>8000 h-15000 h (uso normal, sin combusti\u00f3n en seco, acumulaci\u00f3n de cal ni corrosi\u00f3n en condiciones t\u00edpicas)<\/td>\n<\/tr>\n<\/tbody>\n<\/table>\n<\/div>\n<h2>\u00a0Caracter\u00edsticas del producto (caracter\u00edsticas principales)<\/h2>\n<ul>\n<li>\u200b<strong>Calentamiento circular uniforme<\/strong>: La estructura anular garantiza una distribuci\u00f3n uniforme del calor en 360\u00b0, eliminando los puntos fr\u00edos, algo fundamental para las planchas de vapor (salida de vapor uniforme), las cafeteras (temperatura de preparaci\u00f3n uniforme) y los humidificadores (generaci\u00f3n de humedad estable).<\/li>\n<li>\u200b<strong>Eficiencia de calentamiento r\u00e1pido<\/strong>: El n\u00facleo de aleaci\u00f3n de n\u00edquel-cromo de alta conductividad se calienta a 180\u2103 (temperatura \u00f3ptima del vapor para planchas) en \u22643 minutos en los modelos de 1500W, reduciendo el tiempo de espera en todos los aparatos. Para cafeteras, los modelos de 2000W alcanzan los 95\u2103 (temperatura ideal de extracci\u00f3n) en \u22644 minutos.<\/li>\n<li>\u200b<strong>Adaptabilidad multidispositivo<\/strong>: Los di\u00e1metros exteriores\/interiores personalizables (100-400 mm\/40-200 mm) y los grosores (15-50 mm) se adaptan a los aparatos corrientes:\n<ul>\n<li>Planchas de vapor: Ranuras anulares de instalaci\u00f3n directa para generar vapor a alta presi\u00f3n.<\/li>\n<li>M\u00e1quinas de caf\u00e9: Placas calefactoras de la c\u00e1mara de infusi\u00f3n para una temperatura constante del agua.<\/li>\n<li>Humidificadores: Elementos calefactores del dep\u00f3sito de agua para una producci\u00f3n eficiente de niebla.<\/li>\n<\/ul>\n<\/li>\n<li>\u200b<strong>Resistencia a la corrosi\u00f3n y a las incrustaciones<\/strong>: La carcasa de aluminio fundido a presi\u00f3n resiste la oxidaci\u00f3n y la corrosi\u00f3n por vapor; la superficie anodizada lisa minimiza la adherencia de cal (reduce la frecuencia de limpieza en 40% frente al aluminio sin recubrimiento). El n\u00facleo de aleaci\u00f3n de n\u00edquel-cromo resiste los dep\u00f3sitos minerales, prolongando la vida \u00fatil en entornos de alta humedad.<\/li>\n<li>\u200b<strong>Operaci\u00f3n segura y confiable<\/strong>: La carcasa de aluminio aislante evita fugas el\u00e9ctricas; la protecci\u00f3n contra sobrecalentamiento integrada (apagado autom\u00e1tico a &gt;350\u2103) protege contra la combusti\u00f3n en seco o el sobrecalentamiento. Las interfaces de sensor de temperatura opcionales permiten un control preciso de \u00b15\u2103 (por ejemplo, 40-60\u2103 para humidificadores, 90-105\u2103 para cafeteras).<\/li>\n<li>\u200b<strong>Dise\u00f1o ligero<\/strong>: La densidad de la aleaci\u00f3n de aluminio (2,7 g\/cm\u00b3) hace que la placa 30%-40% sea m\u00e1s ligera que las alternativas de acero inoxidable, ideal para aparatos sensibles al peso como planchas de vapor port\u00e1tiles o cafeteras compactas.<\/li>\n<li>\u200b<strong>Estabilidad a largo plazo<\/strong>: La adaptaci\u00f3n optimizada de la expansi\u00f3n t\u00e9rmica (el aluminio y el n\u00edquel-cromo tienen coeficientes similares) reduce la fatiga por tensi\u00f3n t\u00e9rmica. Mantiene un rendimiento estable durante m\u00e1s de 10.000 horas en condiciones de uso de alta frecuencia (por ejemplo, 2 horas de funcionamiento diario en humidificadores).<\/li>\n<\/ul>\n<p><img fetchpriority=\"high\" decoding=\"async\" class=\"aligncenter size-full wp-image-3346\" src=\"http:\/\/jinzho.com\/wp-content\/uploads\/2025\/05\/heating-element-factory-3-1.jpg\" alt=\"\" width=\"1254\" height=\"600\" title=\"\" srcset=\"https:\/\/jinzho.com\/wp-content\/uploads\/2025\/05\/heating-element-factory-3-1.jpg 1254w, https:\/\/jinzho.com\/wp-content\/uploads\/2025\/05\/heating-element-factory-3-1-300x144.jpg 300w, https:\/\/jinzho.com\/wp-content\/uploads\/2025\/05\/heating-element-factory-3-1-1024x490.jpg 1024w, https:\/\/jinzho.com\/wp-content\/uploads\/2025\/05\/heating-element-factory-3-1-768x367.jpg 768w, https:\/\/jinzho.com\/wp-content\/uploads\/2025\/05\/heating-element-factory-3-1-600x287.jpg 600w\" sizes=\"(max-width: 1254px) 100vw, 1254px\" \/><\/p>","protected":false},"excerpt":{"rendered":"<p>La placa calefactora de aluminio en forma de anillo adopta un sustrato de aleaci\u00f3n de aluminio fundido a presi\u00f3n y tecnolog\u00eda de resistencia de pel\u00edcula gruesa, m\u00f3dulo de control de temperatura PID integrado y sensor de temperatura NTC, consiguiendo un calentamiento r\u00e1pido de 3 segundos, eficiencia energ\u00e9tica \u2265 96%, rango de temperatura de trabajo 50\u2103-300\u2103, y admite personalizaci\u00f3n de potencia (500W-2000W). La estructura anular optimiza la uniformidad de la distribuci\u00f3n del calor, y el tratamiento de anodizado de la superficie mejora la resistencia a la corrosi\u00f3n. Tiene un rendimiento IPX7 a prueba de agua, anti-quemaduras en seco y anti-incrustaciones, con una vida \u00fatil de m\u00e1s de 30.000 horas, adecuado para escenarios de calentamiento continuo de alta frecuencia, y cumple con los requisitos de alta estabilidad de m\u00faltiples industrias.<\/p>\n<p>Cantidad m\u00ednima de pedido: 1000<br \/>\nPlazo de entrega: 15-25 d\u00edas<br \/>\nUbicaci\u00f3n de la f\u00e1brica: Zhongshan, Guangdong, China<\/p>","protected":false},"featured_media":2049,"comment_status":"closed","ping_status":"closed","template":"","meta":[],"product_brand":[],"product_cat":[2739],"product_tag":[43,53,66,106,128],"class_list":{"0":"post-1016","1":"product","2":"type-product","3":"status-publish","4":"has-post-thumbnail","6":"product_cat-heated-die-casting-parts","7":"product_tag-water-heating-element","8":"product_tag-electric-heating-element","9":"product_tag-hot-water-heater-heating-element","10":"product_tag-aluminum-heat-exchanger-2","11":"product_tag-custom-heating-elements","13":"first","14":"instock","15":"shipping-taxable","16":"product-type-simple"},"_links":{"self":[{"href":"https:\/\/jinzho.com\/es\/wp-json\/wp\/v2\/product\/1016","targetHints":{"allow":["GET"]}}],"collection":[{"href":"https:\/\/jinzho.com\/es\/wp-json\/wp\/v2\/product"}],"about":[{"href":"https:\/\/jinzho.com\/es\/wp-json\/wp\/v2\/types\/product"}],"replies":[{"embeddable":true,"href":"https:\/\/jinzho.com\/es\/wp-json\/wp\/v2\/comments?post=1016"}],"wp:featuredmedia":[{"embeddable":true,"href":"https:\/\/jinzho.com\/es\/wp-json\/wp\/v2\/media\/2049"}],"wp:attachment":[{"href":"https:\/\/jinzho.com\/es\/wp-json\/wp\/v2\/media?parent=1016"}],"wp:term":[{"taxonomy":"product_brand","embeddable":true,"href":"https:\/\/jinzho.com\/es\/wp-json\/wp\/v2\/product_brand?post=1016"},{"taxonomy":"product_cat","embeddable":true,"href":"https:\/\/jinzho.com\/es\/wp-json\/wp\/v2\/product_cat?post=1016"},{"taxonomy":"product_tag","embeddable":true,"href":"https:\/\/jinzho.com\/es\/wp-json\/wp\/v2\/product_tag?post=1016"}],"curies":[{"name":"wp","href":"https:\/\/api.w.org\/{rel}","templated":true}]}}