{"id":1002,"date":"2025-05-12T03:35:18","date_gmt":"2025-05-12T03:35:18","guid":{"rendered":"https:\/\/jinzho.com\/?post_type=product&#038;p=1002"},"modified":"2025-06-07T03:56:55","modified_gmt":"2025-06-07T03:56:55","slug":"heating-element-plate-for-power-cooker","status":"publish","type":"product","link":"https:\/\/jinzho.com\/es\/product\/heating-element-plate-for-power-cooker\/","title":{"rendered":"Placa de elemento calefactor para olla de presi\u00f3n el\u00e9ctrica"},"content":{"rendered":"<h2>Aplicaciones del producto:<\/h2>\n<p>Ollas de presi\u00f3n el\u00e9ctricas dom\u00e9sticas (como Midea\/Supor), esterilizadores a alta presi\u00f3n comerciales, ollas de presi\u00f3n el\u00e9ctricas inteligentes IH, m\u00f3dulos de calentamiento por vapor para licuadoras de alta potencia, equipos de cocci\u00f3n comerciales para hoteles, reactores de alta presi\u00f3n para laboratorio, cuerpos calefactores centrales para vaporeras el\u00e9ctricas\/ollas de cocci\u00f3n lenta el\u00e9ctricas, sistemas de cocci\u00f3n a alta presi\u00f3n para procesamiento industrial de alimentos.<\/p>\n<h2>Especificaciones de la Placa de Elemento Calefactor para Olla de Presi\u00f3n El\u00e9ctrica (Par\u00e1metros Principales)<\/h2>\n<div class=\"hyc-common-markdown__table-wrapper\">\n<table>\n<thead>\n<tr>\n<th>\u200b<strong>Par\u00e1metro<\/strong>\u200b<\/th>\n<th>\u200b<strong>Rango de especificaciones<\/strong>\u200b<\/th>\n<\/tr>\n<\/thead>\n<tbody>\n<tr>\n<td>Rango de potencia<\/td>\n<td>1000W-5000W (personalizable para ollas de presi\u00f3n de alta potencia)<\/td>\n<\/tr>\n<tr>\n<td>Tensi\u00f3n de funcionamiento<\/td>\n<td>220 V (monof\u00e1sico, est\u00e1ndar dom\u00e9stico); 380 V (trif\u00e1sico, comercial opcional)<\/td>\n<\/tr>\n<tr>\n<td>Valor de resistencia<\/td>\n<td>3\u03a9-20\u03a9 (combinaci\u00f3n de una sola unidad o m\u00faltiples unidades, adaptada a la potencia\/voltaje)<\/td>\n<\/tr>\n<tr>\n<td>Temperatura de funcionamiento<\/td>\n<td>Superficie: 150\u2103-300\u2103 (normal); M\u00e1x. soportada: 350\u2103 (cocci\u00f3n a alta presi\u00f3n a corto plazo)<\/td>\n<\/tr>\n<tr>\n<td>Material<\/td>\n<td>Elemento calefactor: Aleaci\u00f3n de n\u00edquel-cromo (Cr20Ni80, \u03a60.8mm-\u03a62.5mm); Carcasa: Acero inoxidable 304\/316 (grado alimenticio, resistente a la corrosi\u00f3n, espesor 1.5mm-3.0mm)<\/td>\n<\/tr>\n<tr>\n<td>Dimensiones<\/td>\n<td>Di\u00e1metro: 150mm-400mm; Espesor: 20mm-50mm (compatible con ranuras calefactoras circulares en ollas de presi\u00f3n, arroceras, etc.)<\/td>\n<\/tr>\n<tr>\n<td>Vida \u00fatil<\/td>\n<td>5000h-12000h (uso normal, sin incrustaciones\/corrosi\u00f3n\/quemado en seco bajo condiciones de alta presi\u00f3n)<\/td>\n<\/tr>\n<\/tbody>\n<\/table>\n<\/div>\n<h2>Caracter\u00edsticas del producto (caracter\u00edsticas principales)<\/h2>\n<ul>\n<li>\u200b<strong>Calentamiento R\u00e1pido a Alta Presi\u00f3n<\/strong>: El n\u00facleo de aleaci\u00f3n de n\u00edquel-cromo de alta conductividad permite una r\u00e1pida transferencia de calor, reduciendo el tiempo de precalentamiento a 3-5 minutos para que 1.5L de agua alcance el punto de ebullici\u00f3n (100\u2103) y genere presi\u00f3n.<\/li>\n<li>\u200b<strong>\u200bDistribuci\u00f3n Uniforme del Calor\u200b<\/strong>: El dise\u00f1o circular de la placa con disipaci\u00f3n de calor optimizada asegura una temperatura uniforme en toda la c\u00e1mara de cocci\u00f3n, evitando sobrecalentamientos localizados (cr\u00edtico para ablandar carne o cocinar arroz).<\/li>\n<li>\u200b<strong>Seguridad de grado alimenticio<\/strong>: La carcasa de acero inoxidable 304\/316 cumple con los est\u00e1ndares de contacto alimentario FDA\/GB, evitando la lixiviaci\u00f3n de sustancias nocivas (segura para contacto directo con sopas, guisos o comida para beb\u00e9s).<\/li>\n<li>\u200b<strong>Resistencia a Alta Temperatura y Presi\u00f3n<\/strong>: La temperatura de operaci\u00f3n superficial (150-300\u2103) y la m\u00e1xima soportada (350\u2103) se alinean con los requisitos de las ollas de presi\u00f3n (100-120kPa), asegurando estabilidad bajo cocci\u00f3n a alta presi\u00f3n.<\/li>\n<li>\u200b<strong>Adaptabilidad a m\u00faltiples electrodom\u00e9sticos<\/strong>: El rango de potencia (1000W-5000W) se adapta no solo a ollas de presi\u00f3n, sino tambi\u00e9n a hervidores el\u00e9ctricos (ebullici\u00f3n), arroceras (cocci\u00f3n lenta) y fabricantes de leche de soja (molienda\/calentamiento).<\/li>\n<li>\u200b<strong>Anti-Corrosi\u00f3n Duradero<\/strong>: La carcasa de aleaci\u00f3n de aluminio + recubrimiento anti-incrustaciones reduce el desgaste por residuos de agua\/alimentos, extendiendo la vida \u00fatil en uso de alta frecuencia (ej., cocina familiar diaria).<\/li>\n<li>\u200b<strong>Ajuste personalizado<\/strong>: Di\u00e1metro y espesor configurables para adaptarse a ranuras calefactoras no est\u00e1ndar de ollas de presi\u00f3n (ej., marcas antiguas o importadas).<\/li>\n<\/ul>\n<p><img fetchpriority=\"high\" decoding=\"async\" class=\"aligncenter size-full wp-image-3431\" src=\"http:\/\/jinzho.com\/wp-content\/uploads\/2025\/05\/heating-element-factory-2-3.jpg\" alt=\"\" width=\"1254\" height=\"600\" title=\"\" srcset=\"https:\/\/jinzho.com\/wp-content\/uploads\/2025\/05\/heating-element-factory-2-3.jpg 1254w, https:\/\/jinzho.com\/wp-content\/uploads\/2025\/05\/heating-element-factory-2-3-300x144.jpg 300w, https:\/\/jinzho.com\/wp-content\/uploads\/2025\/05\/heating-element-factory-2-3-1024x490.jpg 1024w, https:\/\/jinzho.com\/wp-content\/uploads\/2025\/05\/heating-element-factory-2-3-768x367.jpg 768w, https:\/\/jinzho.com\/wp-content\/uploads\/2025\/05\/heating-element-factory-2-3-600x287.jpg 600w\" sizes=\"(max-width: 1254px) 100vw, 1254px\" \/><\/p>","protected":false},"excerpt":{"rendered":"<p>La placa de elemento calefactor para olla de presi\u00f3n el\u00e9ctrica adopta un sustrato de aleaci\u00f3n de aluminio inyectada y tecnolog\u00eda de resistencias de pel\u00edcula gruesa, integrada con un m\u00f3dulo de control de temperatura PID, logra un calentamiento r\u00e1pido de 3 segundos, eficiencia energ\u00e9tica \u2265 96%, rango de temperatura de trabajo 80\u2103-200\u2103, soporta personalizaci\u00f3n de potencia (800W-3000W), tiene rendimiento de impermeabilidad IPX7, anti-quemado en seco y anti-corrosi\u00f3n por incrustaciones, se adapta a escenarios de ciclos de alta frecuencia a alta\/baja presi\u00f3n, y tiene una vida \u00fatil de m\u00e1s de 30,000 horas, satisfaciendo las necesidades de control de temperatura preciso y cocci\u00f3n de alta estabilidad.<\/p>\n<p>Cantidad m\u00ednima de pedido: 1000<br \/>\nPlazo de entrega: 15-25 d\u00edas<br \/>\nUbicaci\u00f3n de la f\u00e1brica: Zhongshan, Guangdong, China<\/p>","protected":false},"featured_media":1991,"comment_status":"closed","ping_status":"closed","template":"","meta":[],"product_brand":[],"product_cat":[2739],"product_tag":[53,57,88,99,108,132],"class_list":{"0":"post-1002","1":"product","2":"type-product","3":"status-publish","4":"has-post-thumbnail","6":"product_cat-heated-die-casting-parts","7":"product_tag-electric-heating-element","8":"product_tag-hot-water-heating-element","9":"product_tag-electric-heating-elements","10":"product_tag-heat-plate","11":"product_tag-electric-heating-element-with-plate","12":"product_tag-custom-heating-coils","14":"first","15":"instock","16":"shipping-taxable","17":"product-type-simple"},"_links":{"self":[{"href":"https:\/\/jinzho.com\/es\/wp-json\/wp\/v2\/product\/1002","targetHints":{"allow":["GET"]}}],"collection":[{"href":"https:\/\/jinzho.com\/es\/wp-json\/wp\/v2\/product"}],"about":[{"href":"https:\/\/jinzho.com\/es\/wp-json\/wp\/v2\/types\/product"}],"replies":[{"embeddable":true,"href":"https:\/\/jinzho.com\/es\/wp-json\/wp\/v2\/comments?post=1002"}],"wp:featuredmedia":[{"embeddable":true,"href":"https:\/\/jinzho.com\/es\/wp-json\/wp\/v2\/media\/1991"}],"wp:attachment":[{"href":"https:\/\/jinzho.com\/es\/wp-json\/wp\/v2\/media?parent=1002"}],"wp:term":[{"taxonomy":"product_brand","embeddable":true,"href":"https:\/\/jinzho.com\/es\/wp-json\/wp\/v2\/product_brand?post=1002"},{"taxonomy":"product_cat","embeddable":true,"href":"https:\/\/jinzho.com\/es\/wp-json\/wp\/v2\/product_cat?post=1002"},{"taxonomy":"product_tag","embeddable":true,"href":"https:\/\/jinzho.com\/es\/wp-json\/wp\/v2\/product_tag?post=1002"}],"curies":[{"name":"wp","href":"https:\/\/api.w.org\/{rel}","templated":true}]}}