{"id":998,"date":"2025-05-12T03:35:18","date_gmt":"2025-05-12T03:35:18","guid":{"rendered":"https:\/\/jinzho.com\/?post_type=product&#038;p=998"},"modified":"2025-06-07T03:41:08","modified_gmt":"2025-06-07T03:41:08","slug":"heizelement-des-elektrischen-warmwasserbereiters-aus-aluminiumdruckgusslegierung","status":"publish","type":"product","link":"https:\/\/jinzho.com\/de\/product\/heating-element-of-the-die-cast-aluminum-alloy-electric-water-heater\/","title":{"rendered":"Heizelement des elektrischen Warmwasserbereiters aus Aluminiumdruckgusslegierung"},"content":{"rendered":"<h2>Produktanwendungen:<\/h2>\n<p>Elektrische Warmwasserbereiter f\u00fcr den Haushalt, kommerzielle Durchlauferhitzer, kommerzielle elektrische Teekocher f\u00fcr Hotels, medizinische Sterilisationsger\u00e4te, Wasserger\u00e4te mit konstanter Temperatur f\u00fcr Labore, industrielle Getr\u00e4nkekocher, Heizk\u00f6rper f\u00fcr elektrische Wasserkocher, Zusatzheizmodule f\u00fcr Solarwarmwasserbereiter, Warmwassersysteme f\u00fcr intelligente Haushalte.<\/p>\n<h2>Elektrischer Warmwasserbereiter \u2013 Heizk\u00f6rper aus Aluminiumdruckguss \u2013 Spezifikationen und wichtige Parameter<\/h2>\n<div class=\"hyc-common-markdown__table-wrapper\">\n<table>\n<thead>\n<tr>\n<th>\u200b<strong>\u200bParameter\u200b<\/strong>\u200b<\/th>\n<th>\u200b<strong>\u200bSpezifikation\u200b<\/strong>\u200b<\/th>\n<\/tr>\n<\/thead>\n<tbody>\n<tr>\n<td>Heizelementtechnologie<\/td>\n<td>Substrat aus Aluminiumdruckgusslegierung + Dickschichtwiderstandstechnologie, integriert mit PID-Temperaturregelmodul.<\/td>\n<\/tr>\n<tr>\n<td>Schnelles Aufheizen<\/td>\n<td>3 Sekunden schnelles Aufheizen.<\/td>\n<\/tr>\n<tr>\n<td>Energie-Effizienz<\/td>\n<td>\u226596%.<\/td>\n<\/tr>\n<tr>\n<td>Betriebstemperaturbereich<\/td>\n<td>80 \u00b0C\u2013150 \u00b0C (normal).<\/td>\n<\/tr>\n<tr>\n<td>Leistungsbereich<\/td>\n<td>1500 W \u2013 6000 W (anpassbar).<\/td>\n<\/tr>\n<tr>\n<td>Wasserdichtigkeit<\/td>\n<td>IPX7.<\/td>\n<\/tr>\n<tr>\n<td>Schl\u00fcsselleistungen<\/td>\n<td>Zunder- und Korrosionsbest\u00e4ndigkeit, Trockenbrandschutz.<\/td>\n<\/tr>\n<tr>\n<td>Anwendungsszenarien<\/td>\n<td>Hochfrequente Dauererhitzungsszenarien.<\/td>\n<\/tr>\n<tr>\n<td>Lebensdauer<\/td>\n<td>\u226550.000 Stunden (normaler Gebrauch).<\/td>\n<\/tr>\n<\/tbody>\n<\/table>\n<\/div>\n<h2>\u00a0Produktvorteile<\/h2>\n<ul>\n<li>\u200b<strong>\u200bUltraschnelles Aufheizen\u200b<\/strong>\u200b: Die 3-Sekunden-Schnellheiztechnologie erf\u00fcllt den Bedarf an sofort hei\u00dfem Wasser.<\/li>\n<li>\u200b<strong>Hohe Energieeffizienz<\/strong>\u200b: \u226596% Energieeffizienz reduziert den Stromverbrauch.<\/li>\n<li>\u200b<strong>\u200bGro\u00dfer Temperaturbereich\u200b<\/strong>\u200b: Die Anpassungsf\u00e4higkeit von 80 \u00b0C bis 150 \u00b0C eignet sich f\u00fcr verschiedene Heizanforderungen (z. B. Baden, Sterilisation).<\/li>\n<li>\u200b<strong>\u200bFlexible Leistungsanpassung\u200b<\/strong>\u200b: 1500 W \u2013 6000 W, einstellbar, um den Anforderungen im Haushalt, Gewerbe oder in der Industrie gerecht zu werden.<\/li>\n<li>\u200b<strong>\u200bRobuster Schutz\u200b<\/strong>\u200b: IPX7-Wasserdichtigkeit, Zunder-\/Korrosionsbest\u00e4ndigkeit und Trockenbrandschutz gew\u00e4hrleisten langfristige Zuverl\u00e4ssigkeit.<\/li>\n<li>\u200b<strong>\u200bAnpassbarkeit an mehrere Szenen\u200b<\/strong>\u200b: Kompatibel mit Warmwasserbereitern f\u00fcr den Haushalt, gewerblichen Teekochern, medizinischen Ger\u00e4ten und Industriekesseln.<\/li>\n<li>\u200b<strong>Lange Lebensdauer<\/strong>\u200b: \u226550.000 Stunden stabiler Betrieb bei Hochfrequenznutzung.<\/li>\n<\/ul>\n<p><img fetchpriority=\"high\" decoding=\"async\" class=\"aligncenter size-full wp-image-3641\" src=\"http:\/\/jinzho.com\/wp-content\/uploads\/2025\/05\/heating-element-factory-7-1.jpg\" alt=\"\" width=\"1254\" height=\"600\" title=\"\" srcset=\"https:\/\/jinzho.com\/wp-content\/uploads\/2025\/05\/heating-element-factory-7-1.jpg 1254w, https:\/\/jinzho.com\/wp-content\/uploads\/2025\/05\/heating-element-factory-7-1-300x144.jpg 300w, https:\/\/jinzho.com\/wp-content\/uploads\/2025\/05\/heating-element-factory-7-1-1024x490.jpg 1024w, https:\/\/jinzho.com\/wp-content\/uploads\/2025\/05\/heating-element-factory-7-1-768x367.jpg 768w, https:\/\/jinzho.com\/wp-content\/uploads\/2025\/05\/heating-element-factory-7-1-600x287.jpg 600w\" sizes=\"(max-width: 1254px) 100vw, 1254px\" \/><\/p>","protected":false},"excerpt":{"rendered":"<p>Das Heizelement des elektrischen Warmwasserbereiters aus Aluminiumdruckgusslegierung verwendet ein Substrat aus Aluminiumdruckgusslegierung und Dickschichtwiderstandstechnologie, integriert mit einem PID-Temperaturregelmodul, wodurch eine schnelle Erw\u00e4rmung in 3 Sekunden, eine Energieeffizienz \u2265 96%, ein Arbeitstemperaturbereich von 80 \u00b0C bis 150 \u00b0C, eine anpassbare Unterst\u00fctzungsleistung (1500 W bis 6000 W), wasserdicht nach IPX7, kalk- und korrosionsbest\u00e4ndig und trockenbrennend, geeignet f\u00fcr kontinuierliche Heizszenarien mit hoher Frequenz, Lebensdauer von mehr als 50.000 Stunden, erf\u00fcllt die Anforderungen an hocheffiziente Energieeinsparung und stabilen Betrieb.<\/p>\n<p>Mindestbestellmenge: 1000<br \/>\nLieferfrist: 15-25 Tage<br \/>\nStandort der Fabrik: Zhongshan, Guangdong, China<\/p>","protected":false},"featured_media":1977,"comment_status":"closed","ping_status":"closed","template":"","meta":[],"product_brand":[],"product_cat":[2739],"product_tag":[42,53,72,101,103],"class_list":{"0":"post-998","1":"product","2":"type-product","3":"status-publish","4":"has-post-thumbnail","6":"product_cat-heated-die-casting-parts","7":"product_tag-electric-heating-units","8":"product_tag-electric-heating-element","9":"product_tag-stainless-steel-water-heater","10":"product_tag-heat-transfer-plates","11":"product_tag-electric-water-heater-element","13":"first","14":"instock","15":"shipping-taxable","16":"product-type-simple"},"_links":{"self":[{"href":"https:\/\/jinzho.com\/de\/wp-json\/wp\/v2\/product\/998","targetHints":{"allow":["GET"]}}],"collection":[{"href":"https:\/\/jinzho.com\/de\/wp-json\/wp\/v2\/product"}],"about":[{"href":"https:\/\/jinzho.com\/de\/wp-json\/wp\/v2\/types\/product"}],"replies":[{"embeddable":true,"href":"https:\/\/jinzho.com\/de\/wp-json\/wp\/v2\/comments?post=998"}],"wp:featuredmedia":[{"embeddable":true,"href":"https:\/\/jinzho.com\/de\/wp-json\/wp\/v2\/media\/1977"}],"wp:attachment":[{"href":"https:\/\/jinzho.com\/de\/wp-json\/wp\/v2\/media?parent=998"}],"wp:term":[{"taxonomy":"product_brand","embeddable":true,"href":"https:\/\/jinzho.com\/de\/wp-json\/wp\/v2\/product_brand?post=998"},{"taxonomy":"product_cat","embeddable":true,"href":"https:\/\/jinzho.com\/de\/wp-json\/wp\/v2\/product_cat?post=998"},{"taxonomy":"product_tag","embeddable":true,"href":"https:\/\/jinzho.com\/de\/wp-json\/wp\/v2\/product_tag?post=998"}],"curies":[{"name":"wp","href":"https:\/\/api.w.org\/{rel}","templated":true}]}}