{"id":977,"date":"2025-05-12T03:34:59","date_gmt":"2025-05-12T03:34:59","guid":{"rendered":"https:\/\/jinzho.com\/?post_type=product&#038;p=977"},"modified":"2025-06-07T02:58:05","modified_gmt":"2025-06-07T02:58:05","slug":"kesselheizer-fur-espressomaschine","status":"publish","type":"product","link":"https:\/\/jinzho.com\/de\/product\/boiler-heater-for-espresso-machine\/","title":{"rendered":"Kesselheizung f\u00fcr Espressomaschine"},"content":{"rendered":"<h2>Produktanwendungen<\/h2>\n<p>Italienische halbautomatische Kaffeemaschinen, vollautomatische gewerbliche Kaffeemaschinen (wie La Marzocco\/Lavazza), Dampfsysteme f\u00fcr Kapselkaffeemaschinen, elektrische Kaffeemaschinen f\u00fcr gewerbliche Hotels und Kesselkomponenten f\u00fcr vollautomatische Kaffeemaschinen von Gastronomieketten.<\/p>\n<h2>Kernparameter<\/h2>\n<div class=\"hyc-common-markdown__table-wrapper\">\n<table>\n<thead>\n<tr>\n<th>Parameter<\/th>\n<th>Spezifikationsbereich<\/th>\n<\/tr>\n<\/thead>\n<tbody>\n<tr>\n<td>Leistungsbereich<\/td>\n<td>500 W \u2013 3000 W<\/td>\n<\/tr>\n<tr>\n<td>Betriebsspannung<\/td>\n<td>220 V (einphasig, Haushalt\/Gewerbe); 380 V (dreiphasig, Industrie)<\/td>\n<\/tr>\n<tr>\n<td>Widerstandswert<\/td>\n<td>3\u03a9-20\u03a9 (Einzelger\u00e4t oder Mehrfachger\u00e4t-Kombination)<\/td>\n<\/tr>\n<tr>\n<td>Betriebstemperatur<\/td>\n<td>Oberfl\u00e4che: 120 \u00b0C \u2013 250 \u00b0C (normal); Boiler der Espressomaschine: 90 \u00b0C \u2013 105 \u00b0C (Wasserkochbereich)<\/td>\n<\/tr>\n<tr>\n<td>Material<\/td>\n<td>Heizelement: Nickel-Chrom-Legierung (Cr20Ni80, \u03a60,5 mm\u2013\u03a61,5 mm); Geh\u00e4use: Edelstahl 304 (lebensmittelecht, Dicke 0,8 mm\u20132,0 mm)<\/td>\n<\/tr>\n<tr>\n<td>Ma\u00dfe<\/td>\n<td>L\u00e4nge: 50\u2013400 mm; Durchmesser\/Breite: 30\u2013150 mm (anpassbar an Espressomaschinen, Dampfb\u00fcgeleisen, Mikrowellenherde)<\/td>\n<\/tr>\n<tr>\n<td>Lebensdauer<\/td>\n<td>5000h-12000h (normaler Gebrauch, keine Verzunderung\/Trockenbrand)<\/td>\n<\/tr>\n<\/tbody>\n<\/table>\n<\/div>\n<h2>Produkteigenschaften<\/h2>\n<ul>\n<li>Gro\u00dfer Leistungsbereich (500 W \u2013 3000 W), geeignet f\u00fcr Espressomaschinen, Dampfb\u00fcgeleisen und Mikrowellenherde.<\/li>\n<li>Kompatibel mit 220 V\/380 V-Standards, erf\u00fcllt den Strombedarf von Haushalten, Gewerbe und der Leichtindustrie.<\/li>\n<li>Eine pr\u00e4zise Widerstandsanpassung gew\u00e4hrleistet eine stabile Erw\u00e4rmung und Temperaturregelung.<\/li>\n<li>Oberfl\u00e4chentemperatur regelbar (120 \u00b0C \u2013 250 \u00b0C), Anpassung an Wasserkochen, Dampferzeugung und Zusatzheizung.<\/li>\n<li>Geh\u00e4use aus lebensmittelechtem 304-Edelstahl (Espresso-\/Dampfb\u00fcgeleisen) + Kern aus Nickel-Chrom-Legierung, korrosionsbest\u00e4ndig und sicher bei Wasserkontakt.<\/li>\n<li>Anpassbare Abmessungen, passend f\u00fcr g\u00e4ngige Ger\u00e4teinstallationsr\u00e4ume.<\/li>\n<li>Lange Lebensdauer (\u00fcber 5000 Stunden), wodurch die Austauschh\u00e4ufigkeit minimiert wird.<\/li>\n<\/ul>\n<p><img fetchpriority=\"high\" decoding=\"async\" class=\"aligncenter size-full wp-image-3642\" src=\"http:\/\/jinzho.com\/wp-content\/uploads\/2025\/05\/heating-element-factory-8-1.jpg\" alt=\"\" width=\"1254\" height=\"600\" title=\"\" srcset=\"https:\/\/jinzho.com\/wp-content\/uploads\/2025\/05\/heating-element-factory-8-1.jpg 1254w, https:\/\/jinzho.com\/wp-content\/uploads\/2025\/05\/heating-element-factory-8-1-300x144.jpg 300w, https:\/\/jinzho.com\/wp-content\/uploads\/2025\/05\/heating-element-factory-8-1-1024x490.jpg 1024w, https:\/\/jinzho.com\/wp-content\/uploads\/2025\/05\/heating-element-factory-8-1-768x367.jpg 768w, https:\/\/jinzho.com\/wp-content\/uploads\/2025\/05\/heating-element-factory-8-1-600x287.jpg 600w\" sizes=\"(max-width: 1254px) 100vw, 1254px\" \/><\/p>","protected":false},"excerpt":{"rendered":"<p>Das Heizelement des Kessels der italienischen Kaffeemaschine besteht aus einem Substrat aus Aluminiumdruckgusslegierung und Dickschichtwiderstandstechnologie, ist mit einem PID-Temperaturregelmodul integriert, erreicht eine Schnellaufheizung in 3 Sekunden, hat eine Energieeffizienz von \u226596%, einen Arbeitstemperaturbereich von 80 \u00b0C bis 150 \u00b0C, unterst\u00fctzt die Dualmodi Dampf und Extraktion, ist wasserdicht nach IPX7 und verf\u00fcgt \u00fcber eine Kalk- und Korrosionsschutzleistung, passt sich an Szenarien mit kontinuierlichem Hochfrequenzbetrieb an, hat eine Lebensdauer von \u00fcber 30.000 Stunden, entspricht der EU-CE-Zertifizierung und passt genau zum Kesselsystem der italienischen Kaffeemaschine.<\/p>\n<p>Mindestbestellmenge: 1000<br \/>\nLieferfrist: 15-25 Tage<br \/>\nStandort der Fabrik: Zhongshan, Guangdong, China<\/p>","protected":false},"featured_media":1890,"comment_status":"closed","ping_status":"closed","template":"","meta":[],"product_brand":[],"product_cat":[2739],"product_tag":[42,53,57,119,121],"class_list":{"0":"post-977","1":"product","2":"type-product","3":"status-publish","4":"has-post-thumbnail","6":"product_cat-heated-die-casting-parts","7":"product_tag-electric-heating-units","8":"product_tag-electric-heating-element","9":"product_tag-hot-water-heating-element","10":"product_tag-coffee-machine-parts","11":"product_tag-die-casting-heating-element","13":"first","14":"instock","15":"shipping-taxable","16":"product-type-simple"},"_links":{"self":[{"href":"https:\/\/jinzho.com\/de\/wp-json\/wp\/v2\/product\/977","targetHints":{"allow":["GET"]}}],"collection":[{"href":"https:\/\/jinzho.com\/de\/wp-json\/wp\/v2\/product"}],"about":[{"href":"https:\/\/jinzho.com\/de\/wp-json\/wp\/v2\/types\/product"}],"replies":[{"embeddable":true,"href":"https:\/\/jinzho.com\/de\/wp-json\/wp\/v2\/comments?post=977"}],"wp:featuredmedia":[{"embeddable":true,"href":"https:\/\/jinzho.com\/de\/wp-json\/wp\/v2\/media\/1890"}],"wp:attachment":[{"href":"https:\/\/jinzho.com\/de\/wp-json\/wp\/v2\/media?parent=977"}],"wp:term":[{"taxonomy":"product_brand","embeddable":true,"href":"https:\/\/jinzho.com\/de\/wp-json\/wp\/v2\/product_brand?post=977"},{"taxonomy":"product_cat","embeddable":true,"href":"https:\/\/jinzho.com\/de\/wp-json\/wp\/v2\/product_cat?post=977"},{"taxonomy":"product_tag","embeddable":true,"href":"https:\/\/jinzho.com\/de\/wp-json\/wp\/v2\/product_tag?post=977"}],"curies":[{"name":"wp","href":"https:\/\/api.w.org\/{rel}","templated":true}]}}