{"id":972,"date":"2025-05-12T03:34:58","date_gmt":"2025-05-12T03:34:58","guid":{"rendered":"https:\/\/jinzho.com\/?post_type=product&#038;p=972"},"modified":"2025-06-04T14:16:03","modified_gmt":"2025-06-04T14:16:03","slug":"nespresso-heizelement","status":"publish","type":"product","link":"https:\/\/jinzho.com\/de\/product\/nespresso-heating-element\/","title":{"rendered":"Nespresso-Heizelement"},"content":{"rendered":"<h2>Produktanwendungen:<\/h2>\n<p>Nespresso-Kapselkaffeemaschinen der Serien Inissia\/Vertuo\/Creatista, Barista Pro Dampfst\u00e4bchen, Eureka Mignon-Kapselsysteme, kommerzielle S.A.M.-Kaffeevollautomaten und kompatible Heizkomponenten f\u00fcr Kapselger\u00e4te von Drittanbietern.<\/p>\n<p><img fetchpriority=\"high\" decoding=\"async\" class=\"aligncenter size-full wp-image-3429\" src=\"http:\/\/jinzho.com\/wp-content\/uploads\/2025\/05\/heating-element-application-13.jpg\" alt=\"\" width=\"1254\" height=\"600\" title=\"\" srcset=\"https:\/\/jinzho.com\/wp-content\/uploads\/2025\/05\/heating-element-application-13.jpg 1254w, https:\/\/jinzho.com\/wp-content\/uploads\/2025\/05\/heating-element-application-13-300x144.jpg 300w, https:\/\/jinzho.com\/wp-content\/uploads\/2025\/05\/heating-element-application-13-1024x490.jpg 1024w, https:\/\/jinzho.com\/wp-content\/uploads\/2025\/05\/heating-element-application-13-768x367.jpg 768w, https:\/\/jinzho.com\/wp-content\/uploads\/2025\/05\/heating-element-application-13-600x287.jpg 600w\" sizes=\"(max-width: 1254px) 100vw, 1254px\" \/><\/p>\n<h2>Zentrale Parameter<\/h2>\n<p>Leistungsbereich:<\/p>\n<p>Standardmodell: 1000W-1500W (angepasst an 110V-240V Breitspannung, wie z.B. die Vertuo-Serie).<\/p>\n<p>Kommerzielles Modell: 2000W+ (ben\u00f6tigt eine ma\u00dfgeschneiderte Struktur zur W\u00e4rmeableitung, wie z.B. eine kommerzielle Kapselkaffeemaschine).<\/p>\n<p>Betriebsspannung:<br \/>\nMainstream-Anpassung: 220V-240V AC (europ\u00e4ischer\/asiatischer Markt); 110V-120V AC (nordamerikanischer Markt).<\/p>\n<p>Heizgeschwindigkeit:<\/p>\n<p>3 Sekunden schnelles Aufheizen: Die Dickschicht-Heiztechnologie erm\u00f6glicht ein schnelles Aufheizen auf 90\u00b0C (die urspr\u00fcngliche Aufheizzeit betr\u00e4gt etwa 5-8 Sekunden).<\/p>\n<p>Arbeitstemperatur:<br \/>\nKontinuierliche Stabilit\u00e4t: 200\u00b0C-300\u00b0C (f\u00fcr die Extraktion von Espresso ist eine sofortige hohe Temperatur erforderlich).<\/p>\n<p>Kurzzeitige Spitze: 350\u00b0C (Toleranz gegen\u00fcber den niedrigen Temperaturanforderungen des Kaltbr\u00fchmodus).<\/p>\n<p>Material und Struktur:<\/p>\n<p>Tr\u00e4germaterial: Aluminiumoxid-Keramik (hohe Temperaturbest\u00e4ndigkeit &gt; 600\u00b0C, hervorragende Isolierung).<br \/>\nHeizschicht: Ruthenium-Dickschicht-Slurry (Dicke 20-50\u03bcm, thermischer Wirkungsgrad \uff1e95%).<br \/>\nSchutzschicht: Teflon-Beschichtung in Lebensmittelqualit\u00e4t (korrosionsbest\u00e4ndig, kaffee\u00f6lbest\u00e4ndig).<br \/>\nLebensdauer: \u226515.000 Stunden (thermischer Zyklus \u226510.000 Mal, die urspr\u00fcngliche durchschnittliche Lebensdauer betr\u00e4gt etwa 10.000 Stunden).<br \/>\nKompatibilit\u00e4t und Anpassung:<br \/>\nModellanpassung: Serie Vertuo\/Inissia\/Creatista (Kapselschalengr\u00f6\u00dfe und Einraststruktur m\u00fcssen genau \u00fcbereinstimmen).<\/p>\n<h2>Wesentliche Vorteile<\/h2>\n<p>Extrem schnelles Aufheizen: Erreichen der Extraktionstemperatur in 3 Sekunden, verk\u00fcrzt die Wartezeit (30% h\u00f6here Effizienz als das Original).<br \/>\nPr\u00e4zise Temperaturregelung: PID-Algorithmus unterst\u00fctzt Schwankungen von \u00b11\u00b0C (anpassungsf\u00e4hig an Kaltbr\u00fch-\/Espresso-Dualmodus).<br \/>\nLanglebig und best\u00e4ndig: Das Keramiksubstrat ist korrosionsbest\u00e4ndig und hat eine doppelt so lange Lebensdauer wie Edelstahlheizungen.<br \/>\nEnergiesparendes Design: W\u00e4rmewirkungsgrad &gt; 95%, Senkung der Energieverbrauchskosten (geeignet f\u00fcr gewerbliche Hochfrequenzszenarien).<\/p>\n<p>Sicherheitszertifizierung: CE\/FCC\/FDA-Zertifizierung, lebensmittelechte Silikondichtung (hochtemperaturbest\u00e4ndig bis 200\u00b0C).<\/p>\n<p>Kundenspezifischer Service: unterst\u00fctzt das Schneiden von Sonderformen, Integration von NTC-Temperatursensoren (Upgrade der intelligenten Temperaturregelung).<\/p>\n<p><img decoding=\"async\" class=\"aligncenter size-full wp-image-3432\" src=\"http:\/\/jinzho.com\/wp-content\/uploads\/2025\/05\/heating-element-factory-3-2.jpg\" alt=\"\" width=\"1254\" height=\"600\" title=\"\" srcset=\"https:\/\/jinzho.com\/wp-content\/uploads\/2025\/05\/heating-element-factory-3-2.jpg 1254w, https:\/\/jinzho.com\/wp-content\/uploads\/2025\/05\/heating-element-factory-3-2-300x144.jpg 300w, https:\/\/jinzho.com\/wp-content\/uploads\/2025\/05\/heating-element-factory-3-2-1024x490.jpg 1024w, https:\/\/jinzho.com\/wp-content\/uploads\/2025\/05\/heating-element-factory-3-2-768x367.jpg 768w, https:\/\/jinzho.com\/wp-content\/uploads\/2025\/05\/heating-element-factory-3-2-600x287.jpg 600w\" sizes=\"(max-width: 1254px) 100vw, 1254px\" \/><\/p>","protected":false},"excerpt":{"rendered":"<p>Das spezielle Heizelement von Nespresso verwendet ein Substrat aus lebensmittelechtem Edelstahl und ein Heizrohr aus einer Nickel-Chrom-Legierung im Verbundverfahren, integriert ein NTC-Temperaturregelungsmodul, reproduziert genau die urspr\u00fcngliche Heizkurve, erreicht eine schnelle Aufheizung von 3 Sekunden, eine Energieeffizienz \u2265 96%, passt sich an die Leistungsanforderungen von 500W-1500W an, hat ein wasserdichtes und auslaufsicheres Design nach IPX7 und eine Trockenbrenndauer von mehr als 30.000 Stunden. Er entspricht der EU-CE-Zertifizierung und passt perfekt zum Heizsystem der Nespresso-Kapselkaffeemaschine.<\/p>\n<p>Mindestbestellmenge: 1000<br \/>\nLieferfrist: 15-25 Tage<br \/>\nStandort der Fabrik: Zhongshan, Guangdong, China<\/p>","protected":false},"featured_media":1665,"comment_status":"closed","ping_status":"closed","template":"","meta":[],"product_brand":[],"product_cat":[2737],"product_tag":[42,53,57,61,111],"class_list":{"0":"post-972","1":"product","2":"type-product","3":"status-publish","4":"has-post-thumbnail","6":"product_cat-heating-film","7":"product_tag-electric-heating-units","8":"product_tag-electric-heating-element","9":"product_tag-hot-water-heating-element","10":"product_tag-coffee-machine-heating-element","11":"product_tag-thick-film-heater","13":"first","14":"instock","15":"shipping-taxable","16":"product-type-simple"},"_links":{"self":[{"href":"https:\/\/jinzho.com\/de\/wp-json\/wp\/v2\/product\/972","targetHints":{"allow":["GET"]}}],"collection":[{"href":"https:\/\/jinzho.com\/de\/wp-json\/wp\/v2\/product"}],"about":[{"href":"https:\/\/jinzho.com\/de\/wp-json\/wp\/v2\/types\/product"}],"replies":[{"embeddable":true,"href":"https:\/\/jinzho.com\/de\/wp-json\/wp\/v2\/comments?post=972"}],"wp:featuredmedia":[{"embeddable":true,"href":"https:\/\/jinzho.com\/de\/wp-json\/wp\/v2\/media\/1665"}],"wp:attachment":[{"href":"https:\/\/jinzho.com\/de\/wp-json\/wp\/v2\/media?parent=972"}],"wp:term":[{"taxonomy":"product_brand","embeddable":true,"href":"https:\/\/jinzho.com\/de\/wp-json\/wp\/v2\/product_brand?post=972"},{"taxonomy":"product_cat","embeddable":true,"href":"https:\/\/jinzho.com\/de\/wp-json\/wp\/v2\/product_cat?post=972"},{"taxonomy":"product_tag","embeddable":true,"href":"https:\/\/jinzho.com\/de\/wp-json\/wp\/v2\/product_tag?post=972"}],"curies":[{"name":"wp","href":"https:\/\/api.w.org\/{rel}","templated":true}]}}