{"id":953,"date":"2025-05-12T03:34:37","date_gmt":"2025-05-12T03:34:37","guid":{"rendered":"https:\/\/jinzho.com\/?post_type=product&#038;p=953"},"modified":"2025-06-03T00:02:14","modified_gmt":"2025-06-03T00:02:14","slug":"flaschenwarmer-heizelement","status":"publish","type":"product","link":"https:\/\/jinzho.com\/de\/product\/bottle-warmer-heating-element\/","title":{"rendered":"Flaschenw\u00e4rmer Heizelement"},"content":{"rendered":"<h2>Produktanwendungen<\/h2>\n<p>Haushaltsger\u00e4te: Flaschensterilisator, Milchmixer mit konstanter Temperatur, tragbare Milchheiztasse, Heizkissen f\u00fcr Kaffeemilchschaum.<\/p>\n<p>Industrielle Ger\u00e4te: Laborger\u00e4te mit konstanter Wassertemperatur, Desinfektionssysteme f\u00fcr medizinische Ger\u00e4te mit konstanter Temperatur, Vorbehandlungsger\u00e4te f\u00fcr Milchprodukte.<\/p>\n<p><img fetchpriority=\"high\" decoding=\"async\" class=\"aligncenter size-full wp-image-3403\" src=\"http:\/\/jinzho.com\/wp-content\/uploads\/2025\/05\/heating-element-application-12.jpg\" alt=\"\" width=\"1254\" height=\"600\" title=\"\" srcset=\"https:\/\/jinzho.com\/wp-content\/uploads\/2025\/05\/heating-element-application-12.jpg 1254w, https:\/\/jinzho.com\/wp-content\/uploads\/2025\/05\/heating-element-application-12-300x144.jpg 300w, https:\/\/jinzho.com\/wp-content\/uploads\/2025\/05\/heating-element-application-12-1024x490.jpg 1024w, https:\/\/jinzho.com\/wp-content\/uploads\/2025\/05\/heating-element-application-12-768x367.jpg 768w, https:\/\/jinzho.com\/wp-content\/uploads\/2025\/05\/heating-element-application-12-600x287.jpg 600w\" sizes=\"(max-width: 1254px) 100vw, 1254px\" \/><\/p>\n<h2>Produktparameter<\/h2>\n<p>Material und Struktur:<\/p>\n<p>Substrat aus Edelstahl 304 (optional): korrosionsbest\u00e4ndig, rostfrei, Oberfl\u00e4che poliert (leicht zu reinigen), geeignet f\u00fcr hochtemperaturbest\u00e4ndige Flaschen.<\/p>\n<p>Leistungsbereich:<\/p>\n<p>Konventionelles Modell: 300W-800W (geeignet f\u00fcr 200ml-500ml Flaschen, schnelles Erhitzen ohne zu kochen).<\/p>\n<p>Tragbares Modell: 200 W (USB-C-Netzteil, geeignet f\u00fcr Auto\/Reisen, 6 Stunden Akkulaufzeit).<\/p>\n<p>Temperaturkontrolle:<\/p>\n<p>PID-Algorithmus: Temperaturregelungsgenauigkeit \u00b10,5\u00b0C, unterst\u00fctzt mehrstufige Temperaturregelung (z. B. Pasteurisierung 40\u00b0C\u219260\u00b0C\u219285\u00b0C).<\/p>\n<p>Voreingestellter Modus: Erhitzen von Muttermilch (40\u00b0C), Aufbr\u00fchen von Milchpulver (70\u00b0C), Joghurtfermentation (42\u00b0C).<\/p>\n<p>Abmessungen:<\/p>\n<p>Form: rund\/quadratisch (geeignet f\u00fcr den Boden einer Standardflasche, Durchmesser 5-8 cm).<br \/>\nHeizbereich: 6 cm bis 8 cm Durchmesser (der den Boden der Flasche bedeckt).<br \/>\nDicke: 1,5 mm bis 3 mm (ultrad\u00fcnnes Design, tragbar f\u00fcr Schreibtisch\/Auto).<\/p>\n<p>Sicherer Schutz: Anti-Trockenbrand: Automatische Abschaltung der Stromzufuhr, wenn die Temperatur \u00fcber dem eingestellten Wert von 10\u00b0C liegt (z.B. Unterbrechung der Heizung, wenn das Wasser in der Flasche ausgekocht ist).<br \/>\n\u00dcberlaufschutz-Design: Reduziert automatisch die Leistung, wenn die Fl\u00fcssigkeit kocht, um ein \u00dcberlaufen der Milch zu verhindern.<br \/>\nAbschaltung: Automatische Stromabschaltung bei einem Neigungswinkel von mehr als 15\u00b0 (geeignet f\u00fcr den Einsatz im Auto).<\/p>\n<p>Dauerhaftigkeit und Zuverl\u00e4ssigkeit: Konventionelle Modelle: 5.000-8.000 Stunden (berechnet auf der Grundlage von 3 Benutzungen pro Tag).<\/p>\n<h2>Wesentliche Vorteile<\/h2>\n<p>Pr\u00e4zise Temperaturregelung: Mehrstufige Programmierung: Unterst\u00fctzt Pasteurisierung (62\u00b0C\/30 Minuten), Lagerung von Muttermilch (4\u00b0C K\u00fchlung) und Milchzubereitung (70\u00b0C).<br \/>\nEchtzeit-Anzeige: Der LED-Bildschirm zeigt die aktuelle Temperatur und den Modus an, geeignet f\u00fcr die Nachtf\u00fctterung, ohne das Licht einzuschalten.<br \/>\nSicherheit und Verbr\u00fchungsschutz:<br \/>\nW\u00e4rmed\u00e4mmschicht: Oberfl\u00e4chentemperatur \u2264 60\u00b0C, um versehentliche Verbr\u00fchungen zu vermeiden (besonders geeignet f\u00fcr Familien mit Kindern).<br \/>\nDoppelte Absicherung: Temperatursicherung + automatische Abschaltung, entsprechend der Norm GB 4706.1 f\u00fcr die Sicherheit von Haushaltsger\u00e4ten.<br \/>\nEffizientes Heizen:<br \/>\nModell 300W: erhitzt 200ml kaltes Wasser in 3 Minuten auf 40\u00b0C ohne \u00dcberhitzungsgefahr.<br \/>\nModus Pasteurisierung: 60\u00b0C konstante Temperatur f\u00fcr 10 Minuten, t\u00f6tet sch\u00e4dliche Bakterien ab und erh\u00e4lt die N\u00e4hrstoffe.<br \/>\nLeicht zu reinigen und zu pflegen:<br \/>\nAbnehmbare Konstruktion: Die Heizplatte ist vom Sockel getrennt und kann in der Sp\u00fclmaschine gereinigt werden.<\/p>\n<p><img decoding=\"async\" class=\"aligncenter size-full wp-image-3330\" src=\"http:\/\/jinzho.com\/wp-content\/uploads\/2025\/05\/heating-element-factory-2-1.jpg\" alt=\"\" width=\"1254\" height=\"600\" title=\"\" srcset=\"https:\/\/jinzho.com\/wp-content\/uploads\/2025\/05\/heating-element-factory-2-1.jpg 1254w, https:\/\/jinzho.com\/wp-content\/uploads\/2025\/05\/heating-element-factory-2-1-300x144.jpg 300w, https:\/\/jinzho.com\/wp-content\/uploads\/2025\/05\/heating-element-factory-2-1-1024x490.jpg 1024w, https:\/\/jinzho.com\/wp-content\/uploads\/2025\/05\/heating-element-factory-2-1-768x367.jpg 768w, https:\/\/jinzho.com\/wp-content\/uploads\/2025\/05\/heating-element-factory-2-1-600x287.jpg 600w\" sizes=\"(max-width: 1254px) 100vw, 1254px\" \/><\/p>","protected":false},"excerpt":{"rendered":"<p>Flaschenw\u00e4rmer-Heizelement--Intelligente Babyflaschen-Heizl\u00f6sung mit konstanter Temperatur<br \/>\nDas eingebettete Heizelement, das speziell f\u00fcr Babyflaschen entwickelt wurde, besteht aus lebensmittelechtem 316L-Edelstahl und einer Nano-Keramik-Beschichtung, eignet sich f\u00fcr einen Leistungsbereich von 30W-800W, mit einer Temperaturbest\u00e4ndigkeit von 120\u2103 (kurzzeitig) und einer gleichm\u00e4\u00dfigen W\u00e4rmeverteilung von \u0394T\u22642\u2103; es verf\u00fcgt \u00fcber einen dynamischen PID-Temperaturregelalgorithmus (\u00b10.5\u2103 Genauigkeit), unterst\u00fctzt Anti-Trockenbrand-Schutz (automatische Abschaltung nach \uff1e15 Sekunden) und Pulsdampf Selbstreinigungstechnologie (Milchstein Entfernungsrate \uff1e99%), und hat CE\/LFGB\/RoHS-Zertifizierung bestanden, geeignet f\u00fcr Haus, Kindergarten und medizinische Szenarien.<\/p>\n<p>MOQ\uff1a1000PCS<br \/>\nVorlaufzeit\uff1a25 Tage<br \/>\nStandort der Fabrik: Zhongshan, Guangdong, China<\/p>","protected":false},"featured_media":1750,"comment_status":"closed","ping_status":"closed","template":"","meta":[],"product_brand":[],"product_cat":[2736],"product_tag":[43,57,71,99,102],"class_list":{"0":"post-953","1":"product","2":"type-product","3":"status-publish","4":"has-post-thumbnail","6":"product_cat-heating-plate","7":"product_tag-water-heating-element","8":"product_tag-hot-water-heating-element","9":"product_tag-electric-heating-systems","10":"product_tag-heat-plate","11":"product_tag-small-appliance-heating-element","13":"first","14":"instock","15":"shipping-taxable","16":"product-type-simple"},"_links":{"self":[{"href":"https:\/\/jinzho.com\/de\/wp-json\/wp\/v2\/product\/953","targetHints":{"allow":["GET"]}}],"collection":[{"href":"https:\/\/jinzho.com\/de\/wp-json\/wp\/v2\/product"}],"about":[{"href":"https:\/\/jinzho.com\/de\/wp-json\/wp\/v2\/types\/product"}],"replies":[{"embeddable":true,"href":"https:\/\/jinzho.com\/de\/wp-json\/wp\/v2\/comments?post=953"}],"wp:featuredmedia":[{"embeddable":true,"href":"https:\/\/jinzho.com\/de\/wp-json\/wp\/v2\/media\/1750"}],"wp:attachment":[{"href":"https:\/\/jinzho.com\/de\/wp-json\/wp\/v2\/media?parent=953"}],"wp:term":[{"taxonomy":"product_brand","embeddable":true,"href":"https:\/\/jinzho.com\/de\/wp-json\/wp\/v2\/product_brand?post=953"},{"taxonomy":"product_cat","embeddable":true,"href":"https:\/\/jinzho.com\/de\/wp-json\/wp\/v2\/product_cat?post=953"},{"taxonomy":"product_tag","embeddable":true,"href":"https:\/\/jinzho.com\/de\/wp-json\/wp\/v2\/product_tag?post=953"}],"curies":[{"name":"wp","href":"https:\/\/api.w.org\/{rel}","templated":true}]}}