{"id":933,"date":"2025-05-12T03:34:18","date_gmt":"2025-05-12T03:34:18","guid":{"rendered":"https:\/\/jinzho.com\/?post_type=product&#038;p=933"},"modified":"2025-06-02T07:00:53","modified_gmt":"2025-06-02T07:00:53","slug":"bundelstabheizung","status":"publish","type":"product","link":"https:\/\/jinzho.com\/de\/product\/bundle-rod-heater\/","title":{"rendered":"B\u00fcndelstabheizung"},"content":{"rendered":"<h2>Produktanwendungen<\/h2>\n<p>Haushaltsger\u00e4te: gewerbliche Wasserkocher, elektrische Warmwasserbereiter, industrielle Dampferzeuger, integrierte Heizmodule f\u00fcr Kaffeemaschinen.<\/p>\n<p>Industrielle Ausr\u00fcstung: Konstanttemperatursystem f\u00fcr chemische Reaktoren, Hochtemperatur-Sterilisationsger\u00e4te f\u00fcr die Lebensmittelverarbeitung<\/p>\n<p><img fetchpriority=\"high\" decoding=\"async\" class=\"aligncenter size-full wp-image-3337\" src=\"http:\/\/jinzho.com\/wp-content\/uploads\/2025\/05\/heating-element-application-4.jpg\" alt=\"\" width=\"1254\" height=\"600\" title=\"\" srcset=\"https:\/\/jinzho.com\/wp-content\/uploads\/2025\/05\/heating-element-application-4.jpg 1254w, https:\/\/jinzho.com\/wp-content\/uploads\/2025\/05\/heating-element-application-4-300x144.jpg 300w, https:\/\/jinzho.com\/wp-content\/uploads\/2025\/05\/heating-element-application-4-1024x490.jpg 1024w, https:\/\/jinzho.com\/wp-content\/uploads\/2025\/05\/heating-element-application-4-768x367.jpg 768w, https:\/\/jinzho.com\/wp-content\/uploads\/2025\/05\/heating-element-application-4-600x287.jpg 600w\" sizes=\"(max-width: 1254px) 100vw, 1254px\" \/><\/p>\n<h2>Produktspezifikationen und Parameter<\/h2>\n<p>Leistungsbereich:<br \/>\nWohngeb\u00e4ude\/Gewerbe: 1,5 kW bis 15 kW (Raumheizung, Warmwasserbereiter, HVAC-System).<br \/>\nIndustriell: 15kW-100kW+ \u00d6fen, Trockner, Kessel, Metallbearbeitungswerkzeuge.<br \/>\nSpannungs-Kompatibilit\u00e4t:<br \/>\nglobale Gitterkompatibilit\u00e4t, Fehler \u00b15%<br \/>\nMaterial:<br \/>\nWerkstoff der Stange: Incoloy 800 (oxidationsbest\u00e4ndig) oder Hochtemperatur-Edelstahl 316L (korrosionsbest\u00e4ndig).<br \/>\nMantel: PTFE-isoliert, antihaftbeschichtet, verkalkungsfrei, keramikbeschichtet.<br \/>\nDie Oxidationsbest\u00e4ndigkeit bei hohen Temperaturen wird durch Nickel-Chrom-Legierungen (NiCr) oder Kanthal-Dr\u00e4hte (FeCrAl) erreicht.<br \/>\nWiderstandswert: 1\u03a9-50\u03a9 (anpassbar je nach Spannungs-\/Leistungsanforderungen).<br \/>\nBetriebstemperatur:<br \/>\nDauerbetrieb: 600 \u00b0C bis 1200 \u00b0C (kurzzeitig maximal 1500 \u00b0C f\u00fcr bestimmte industrielle Sonderausf\u00fchrungen).<br \/>\nAbmessungen:<br \/>\nStabl\u00e4nge: 100 mm bis 3000 mm (flexible B\u00fcndelungsm\u00f6glichkeiten).<br \/>\nB\u00fcndeldurchmesser-\u03a650mm-\u03a6200mm-einstellbarer Abstand f\u00fcr die W\u00e4rmeverteilung.<br \/>\nLebenserwartung:<br \/>\n20.000 bis 100.000 Stunden, je nach Temperatur, Arbeitszyklus und Schutzbeschichtung.<\/p>\n<h2>Hauptvorteile<\/h2>\n<p>Hocheffiziente Heizleistung<br \/>\nHochtemperatur-Legierungen: Minimale Energieverluste erm\u00f6glichen eine schnelle Erw\u00e4rmung (30 Sekunden auf 600 \u00b0C).<br \/>\nGleichm\u00e4\u00dfige W\u00e4rmeverteilung: Durch die geb\u00fcndelte Bauweise, die eine gleichm\u00e4\u00dfige W\u00e4rmeverteilung garantiert, gibt es weniger hei\u00dfe\/kalte Bereiche.<br \/>\nLanglebigkeit und Sicherheit<br \/>\nBest\u00e4ndig gegen Oxidation, Korrosion und chemische Einfl\u00fcsse - perfekt f\u00fcr harte Anwendungen - Keramik-\/PTFE-Beschichtungen.<br \/>\nCE\/UL\/ATEX-zertifizierte Abschaltung bei &gt;1200\u00b0C.<br \/>\nEnergie-Effizienz<br \/>\nSchnelle Heiz- und K\u00fchlzyklen verringern die Energieverschwendung durch eine geringe thermische Masse.<br \/>\nModularer Aufbau: \u00c4nderung der Leistungsabgabe f\u00fcr unterschiedliche Lasten durch Hinzuf\u00fcgen oder Entfernen von St\u00e4ben.<br \/>\nVielseitige Verwendungsm\u00f6glichkeiten<br \/>\nIndustriell: Beheizung von \u00d6fen, Gl\u00fchen von Metallen, Trocknen von Farben, Dampferzeugung.<br \/>\nKommerziell: HVAC-Vorw\u00e4rmer; Wassererw\u00e4rmung f\u00fcr Restaurants\/Hotels.<br \/>\nPrivathaushalte: Hocheffiziente Raumheizungen; Fu\u00dfbodenheizungen.<br \/>\nAnpassbare Einstellungen<br \/>\n\u00c4ndern Sie B\u00fcndelungsdesigns, Mantelst\u00e4rke und Stababst\u00e4nde, um bestimmte thermische Anforderungen zu erf\u00fcllen.<\/p>\n<p><img decoding=\"async\" class=\"aligncenter size-full wp-image-3361\" src=\"http:\/\/jinzho.com\/wp-content\/uploads\/2025\/05\/heating-element-factory-6.jpg\" alt=\"\" width=\"1254\" height=\"600\" title=\"\" srcset=\"https:\/\/jinzho.com\/wp-content\/uploads\/2025\/05\/heating-element-factory-6.jpg 1254w, https:\/\/jinzho.com\/wp-content\/uploads\/2025\/05\/heating-element-factory-6-300x144.jpg 300w, https:\/\/jinzho.com\/wp-content\/uploads\/2025\/05\/heating-element-factory-6-1024x490.jpg 1024w, https:\/\/jinzho.com\/wp-content\/uploads\/2025\/05\/heating-element-factory-6-768x367.jpg 768w, https:\/\/jinzho.com\/wp-content\/uploads\/2025\/05\/heating-element-factory-6-600x287.jpg 600w\" sizes=\"(max-width: 1254px) 100vw, 1254px\" \/><\/p>\n<p>&nbsp;<\/p>","protected":false},"excerpt":{"rendered":"<p>Bundle Rod Heater--High-Density Bundle Rod Heating L\u00f6sung<br \/>\nDas Mehrstabb\u00fcndelheizelement f\u00fcr industrielle W\u00e4rmebehandlungs\u00f6fen, Durchlauftrocknungsanlagen und regionale Heizsysteme ist aus einer Nickel-Chrom-Legierung (NiCr) und einer Keramikfaserisolierung aufgebaut und eignet sich f\u00fcr einen Leistungsbereich von 5 kW bis 500 kW, eine Temperaturbest\u00e4ndigkeit von bis zu 1200 \u00b0C (kurzzeitig) und einen thermischen Wirkungsgrad von \u226595%.<\/p>\n<p>MOQ\uff1a1000PCS<br \/>\nVorlaufzeit\uff1a25 Tage<br \/>\nStandort der Fabrik: Zhongshan, Guangdong, China<\/p>","protected":false},"featured_media":1443,"comment_status":"closed","ping_status":"closed","template":"","meta":[],"product_brand":[],"product_cat":[2734],"product_tag":[41,42,70,73,77],"class_list":{"0":"post-933","1":"product","2":"type-product","3":"status-publish","4":"has-post-thumbnail","6":"product_cat-heating-tubes","7":"product_tag-electric-heating-tube","8":"product_tag-electric-heating-units","9":"product_tag-electric-heating-coils","10":"product_tag-appliance-heating-elements","11":"product_tag-stainless-steel-heat-exchanger","13":"first","14":"instock","15":"shipping-taxable","16":"product-type-simple"},"_links":{"self":[{"href":"https:\/\/jinzho.com\/de\/wp-json\/wp\/v2\/product\/933","targetHints":{"allow":["GET"]}}],"collection":[{"href":"https:\/\/jinzho.com\/de\/wp-json\/wp\/v2\/product"}],"about":[{"href":"https:\/\/jinzho.com\/de\/wp-json\/wp\/v2\/types\/product"}],"replies":[{"embeddable":true,"href":"https:\/\/jinzho.com\/de\/wp-json\/wp\/v2\/comments?post=933"}],"wp:featuredmedia":[{"embeddable":true,"href":"https:\/\/jinzho.com\/de\/wp-json\/wp\/v2\/media\/1443"}],"wp:attachment":[{"href":"https:\/\/jinzho.com\/de\/wp-json\/wp\/v2\/media?parent=933"}],"wp:term":[{"taxonomy":"product_brand","embeddable":true,"href":"https:\/\/jinzho.com\/de\/wp-json\/wp\/v2\/product_brand?post=933"},{"taxonomy":"product_cat","embeddable":true,"href":"https:\/\/jinzho.com\/de\/wp-json\/wp\/v2\/product_cat?post=933"},{"taxonomy":"product_tag","embeddable":true,"href":"https:\/\/jinzho.com\/de\/wp-json\/wp\/v2\/product_tag?post=933"}],"curies":[{"name":"wp","href":"https:\/\/api.w.org\/{rel}","templated":true}]}}