{"id":906,"date":"2025-05-12T03:34:17","date_gmt":"2025-05-12T03:34:17","guid":{"rendered":"https:\/\/jinzho.com\/?post_type=product&#038;p=906"},"modified":"2025-06-02T00:40:44","modified_gmt":"2025-06-02T00:40:44","slug":"kaffeemaschinen-heizelement-2","status":"publish","type":"product","link":"https:\/\/jinzho.com\/de\/product\/coffee-pot-heating-element\/","title":{"rendered":"Heizelement f\u00fcr Kaffeekannen"},"content":{"rendered":"<h2>Produktanwendungen<\/h2>\n<p>Haushaltsger\u00e4te: Tropfkaffeemaschine, Moka-Pot, French Press, Kapselkaffeemaschine.<\/p>\n<p>Industrielle Ausr\u00fcstung: Gewerbliche vollautomatische Kaffeemaschinen, italienische Kaffeemaschinen f\u00fcr Hotels und Restaurants, Hochtemperatur-Extraktionsger\u00e4te f\u00fcr die Lebensmittelverarbeitung.<\/p>\n<p><img fetchpriority=\"high\" decoding=\"async\" class=\"aligncenter size-full wp-image-3368\" src=\"http:\/\/jinzho.com\/wp-content\/uploads\/2025\/05\/heating-element-application-9.jpg\" alt=\"\" width=\"1254\" height=\"600\" title=\"\" srcset=\"https:\/\/jinzho.com\/wp-content\/uploads\/2025\/05\/heating-element-application-9.jpg 1254w, https:\/\/jinzho.com\/wp-content\/uploads\/2025\/05\/heating-element-application-9-300x144.jpg 300w, https:\/\/jinzho.com\/wp-content\/uploads\/2025\/05\/heating-element-application-9-1024x490.jpg 1024w, https:\/\/jinzho.com\/wp-content\/uploads\/2025\/05\/heating-element-application-9-768x367.jpg 768w, https:\/\/jinzho.com\/wp-content\/uploads\/2025\/05\/heating-element-application-9-600x287.jpg 600w\" sizes=\"(max-width: 1254px) 100vw, 1254px\" \/><\/p>\n<h2>Produktparameter und Spezifikationen<\/h2>\n<p><strong>Leistungsbereich:<\/strong><\/p>\n<p><strong>Verwendung zu Hause:<\/strong> 800W-1500W<br \/>\n<strong>Gewerbliche Nutzung:<\/strong> 1500W-3000W (unterst\u00fctzt kontinuierliche Extraktion, geeignet f\u00fcr Kaffeevollautomaten)<\/p>\n<p><strong>Betriebsspannung:<\/strong> 110V\/220V einphasiger Wechselstrom oder 220V-400V dreiphasiger Wechselstrom (weltweites Stromnetz kompatibel, Fehler \u2264\u00b15%).<\/p>\n<p><strong>Widerstandswert:<\/strong> 2\u03a9-20\u03a9 (genau abgestimmt durch Spannung und Leistung, Fehler \u2264\u00b13%).<\/p>\n<p><strong>Arbeitstemperatur:<\/strong> Kontinuierlicher und stabiler Betrieb von 90\u00b0C-96\u00b0C (kurzfristige Toleranz von 120\u00b0C, geeignet f\u00fcr hohe Temperaturanforderungen bei Espresso).<\/p>\n<p><strong>Material:<\/strong><\/p>\n<p><strong>\u00a0Heizelement:<\/strong> lebensmittelechter Edelstahl 316L oder Nickel-Chrom-Legierung (korrosionsbest\u00e4ndig, gegen Kaffee\u00f6l\/Kalkablagerungen).<\/p>\n<p><strong>\u00a0 \u00a0Isolierschicht:<\/strong> hochreine Magnesiumoxid-Keramik (hydrolysebest\u00e4ndig, temperaturwechselbest\u00e4ndig und auslaufsicher).<\/p>\n<p><strong>Abmessungen:<\/strong> L\u00e4nge 50mm-200mm, Durchmesser \u03a65mm-12mm (unterst\u00fctzt spiralf\u00f6rmige, U-f\u00f6rmige oder flache Anpassungen).<br \/>\n\u200b<strong>Nutzungsdauer:<\/strong> 15.000-40.000 Stunden (je nach Wasserqualit\u00e4t und Reinigungsh\u00e4ufigkeit, Anti-Kalk-Beschichtung verl\u00e4ngert die Lebensdauer).<br \/>\n<strong>Anpassbare Dienstleistungen:<\/strong> Unterst\u00fctzung von Leistung, Spannung, Formanpassung, optionaler Antikalkbeschichtung, Explosionsschutz-Zertifizierung, lebensmittelechter Silikondichtung usw.<\/p>\n<h2>zentrale Vorteile<\/h2>\n<h4>\u200bHocheffizienter Anti-Scaling-Schutz:<\/h4>\n<p>Magnesiumoxid-Keramik-Isolierschicht + Edelstahl\/Nickel-Chrom-Legierung Material, Anti-Kaffee-\u00d6l und Kalkablagerungen, Verringerung der Reinigungsh\u00e4ufigkeit um mehr als 50%.<\/p>\n<p>Oberfl\u00e4chen-Nano-Beschichtungstechnologie, Anti-Kalk-Leistung ist 2 mal h\u00f6her als bei herk\u00f6mmlichen Heizungsrohren.<\/p>\n<h4>\u200bSchnelles Aufheizen:<\/h4>\n<p>Thermischer Wirkungsgrad \u226590%, Aufheizen auf 90\u00b0C innerhalb von 30 Sekunden, geeignet f\u00fcr die schnelle Extraktion von Espresso.<\/p>\n<h4>\u200bPr\u00e4zise Temperaturregelung\u200b:<\/h4>\n<p>\u00b11,5\u00b0C Temperaturregelungsgenauigkeit, unterst\u00fctzt segmentiertes Heizen (Vorheizen\/Extraktion\/Isolation), verhindert \u00dcberextraktion oder Verbrennung.<\/p>\n<h4>\u200bKorrosionsbest\u00e4ndiges Design\u200b:<\/h4>\n<p>Edelstahl 316L ist best\u00e4ndig gegen Kaffees\u00e4ure (pH 5-6), die Nickel-Chrom-Legierung ist best\u00e4ndig gegen Hochtemperaturoxidation, und die Lebensdauer ist um mehr als 30% verl\u00e4ngert.<\/p>\n<h4>\u200bSicher und zuverl\u00e4ssig\u200b:<\/h4>\n<p>Wasserdicht nach IPX7, \u00dcberhitzungsschutz (automatische Abschaltung bei \u2265120\u00b0C), entspricht den CE-, UL- und LFGB-Normen f\u00fcr Lebensmittelkontakt.<\/p>\n<h4>\u200bKompakte Adaption\u200b:<\/h4>\n<p>Das ultrad\u00fcnne Design l\u00e4sst sich nahtlos in eine Tropfkanne, eine Mokkakanne oder einen Kaffeevollautomaten einbetten und eignet sich f\u00fcr private und gewerbliche Zwecke.<\/p>\n<h4>\u200bIntelligente Kompatibilit\u00e4t\u200b:<\/h4>\n<p>Unterst\u00fctzt PWM-Leistungsregulierung und IoT-Zugriff (APP-Fernsteuerung der Temperatur) und ist f\u00fcr intelligente Kaffeemaschinensysteme geeignet.<\/p>\n<h4>\u200bGlobale Anpassung\u200b:<\/h4>\n<p>Kompatibel mit 110V\/220V Spannung, angepasst an europ\u00e4ische, amerikanische und asiatische Marktstandards, und unterst\u00fctzt die Anpassung der CE- und FCC-Zertifizierung.<\/p>\n<p><img decoding=\"async\" class=\"aligncenter size-full wp-image-3345\" src=\"http:\/\/jinzho.com\/wp-content\/uploads\/2025\/05\/heating-element-factory-2-2.jpg\" alt=\"\" width=\"1254\" height=\"600\" title=\"\" srcset=\"https:\/\/jinzho.com\/wp-content\/uploads\/2025\/05\/heating-element-factory-2-2.jpg 1254w, https:\/\/jinzho.com\/wp-content\/uploads\/2025\/05\/heating-element-factory-2-2-300x144.jpg 300w, https:\/\/jinzho.com\/wp-content\/uploads\/2025\/05\/heating-element-factory-2-2-1024x490.jpg 1024w, https:\/\/jinzho.com\/wp-content\/uploads\/2025\/05\/heating-element-factory-2-2-768x367.jpg 768w, https:\/\/jinzho.com\/wp-content\/uploads\/2025\/05\/heating-element-factory-2-2-600x287.jpg 600w\" sizes=\"(max-width: 1254px) 100vw, 1254px\" \/><\/p>\n<p>&nbsp;<\/p>","protected":false},"excerpt":{"rendered":"<p>Kaffeekannen-Heizelement--Intelligente Pr\u00e4zisions-Temperaturregelung Kaffeekannen-Heizl\u00f6sung<br \/>\nDas Eintauchheizelement ist f\u00fcr Tropfkaffee, French Press, Moka Pot und andere Kaffeeger\u00e4te konzipiert. Es nimmt lebensmittelechten 316L-Edelstahl + Keramikbeschichtung Isolierung Struktur, geeignet f\u00fcr 30W-1500W Leistungsbereich, Temperaturbest\u00e4ndigkeit bis zu 350\u2103 (kurze Zeit), Wasserdruck Widerstand Ebene 5bar.<\/p>\n<p>MOQ\uff1a1000PCS<br \/>\nVorlaufzeit\uff1a25 Tage<br \/>\nStandort der Fabrik: Zhongshan, Guangdong, China<\/p>","protected":false},"featured_media":1464,"comment_status":"closed","ping_status":"closed","template":"","meta":[],"product_brand":[],"product_cat":[2734],"product_tag":[61,75,80,83,84],"class_list":{"0":"post-906","1":"product","2":"type-product","3":"status-publish","4":"has-post-thumbnail","6":"product_cat-heating-tubes","7":"product_tag-coffee-machine-heating-element","8":"product_tag-steam-table-heating-element","9":"product_tag-coffee-machine-heater","10":"product_tag-electric-heating-kit","11":"product_tag-coffee-pot-heating-element","13":"first","14":"instock","15":"shipping-taxable","16":"product-type-simple"},"_links":{"self":[{"href":"https:\/\/jinzho.com\/de\/wp-json\/wp\/v2\/product\/906","targetHints":{"allow":["GET"]}}],"collection":[{"href":"https:\/\/jinzho.com\/de\/wp-json\/wp\/v2\/product"}],"about":[{"href":"https:\/\/jinzho.com\/de\/wp-json\/wp\/v2\/types\/product"}],"replies":[{"embeddable":true,"href":"https:\/\/jinzho.com\/de\/wp-json\/wp\/v2\/comments?post=906"}],"wp:featuredmedia":[{"embeddable":true,"href":"https:\/\/jinzho.com\/de\/wp-json\/wp\/v2\/media\/1464"}],"wp:attachment":[{"href":"https:\/\/jinzho.com\/de\/wp-json\/wp\/v2\/media?parent=906"}],"wp:term":[{"taxonomy":"product_brand","embeddable":true,"href":"https:\/\/jinzho.com\/de\/wp-json\/wp\/v2\/product_brand?post=906"},{"taxonomy":"product_cat","embeddable":true,"href":"https:\/\/jinzho.com\/de\/wp-json\/wp\/v2\/product_cat?post=906"},{"taxonomy":"product_tag","embeddable":true,"href":"https:\/\/jinzho.com\/de\/wp-json\/wp\/v2\/product_tag?post=906"}],"curies":[{"name":"wp","href":"https:\/\/api.w.org\/{rel}","templated":true}]}}