{"id":899,"date":"2025-05-12T03:33:59","date_gmt":"2025-05-12T03:33:59","guid":{"rendered":"https:\/\/jinzho.com\/?post_type=product&#038;p=899"},"modified":"2025-06-01T09:26:58","modified_gmt":"2025-06-01T09:26:58","slug":"heating-rod-for-electric-kettle","status":"publish","type":"product","link":"https:\/\/jinzho.com\/de\/product\/heating-rod-for-electric-kettle\/","title":{"rendered":"Heizstab f\u00fcr Wasserkocher"},"content":{"rendered":"<h2>Produktanwendungen<\/h2>\n<p>Haushaltsger\u00e4te: Haushalts-Wasserkocher, Hei\u00dfwasserspender, Gesundheitskessel, Kaffeemaschinen.<\/p>\n<p>Industrielle Ausr\u00fcstung: kommerzielle Gro\u00dfwasserkessel, Wasserkocher mit konstanter Temperatur f\u00fcr Hotels\/Krankenh\u00e4user, Hochtemperatur-Reinigungsger\u00e4te f\u00fcr Labore.<\/p>\n<p><img fetchpriority=\"high\" decoding=\"async\" class=\"aligncenter size-full wp-image-3357\" src=\"http:\/\/jinzho.com\/wp-content\/uploads\/2025\/05\/heating-element-application-7.jpg\" alt=\"\" width=\"1254\" height=\"600\" title=\"\" srcset=\"https:\/\/jinzho.com\/wp-content\/uploads\/2025\/05\/heating-element-application-7.jpg 1254w, https:\/\/jinzho.com\/wp-content\/uploads\/2025\/05\/heating-element-application-7-300x144.jpg 300w, https:\/\/jinzho.com\/wp-content\/uploads\/2025\/05\/heating-element-application-7-1024x490.jpg 1024w, https:\/\/jinzho.com\/wp-content\/uploads\/2025\/05\/heating-element-application-7-768x367.jpg 768w, https:\/\/jinzho.com\/wp-content\/uploads\/2025\/05\/heating-element-application-7-600x287.jpg 600w\" sizes=\"(max-width: 1254px) 100vw, 1254px\" \/><\/p>\n<h2>Produktparameter und Spezifikationen<\/h2>\n<p>Leistungsbereich: 1,5 kW\u20133 kW (bis 5 kW kundenspezifisch anpassbar, geeignet f\u00fcr kommerzielle Gro\u00dfvolumen-Wasserkocher).<\/p>\n<p>Betriebsspannung: 220 V\/110 V einphasig Wechselstrom (kompatibel mit globalen Stromnetzen, Toleranz \u2264 \u00b15 %).<\/p>\n<p>Widerstandswert: 10 \u03a9\u201350 \u03a9 (pr\u00e4zise auf Spannung und Leistung abgestimmt, Toleranz \u2264 \u00b13 %).<\/p>\n<p>Arbeitstemperatur: 120 \u00b0C (kontinuierlicher und stabiler Betrieb), kurzfristige Belastbarkeit von 150 \u00b0C (Material: Nickel-Chrom-Legierung).<\/p>\n<p>Material:<\/p>\n<p>Heizelement: Nickel-Chrom-Legierung (NiCr 80\/20) oder Edelstahl 316L (korrosionsbest\u00e4ndige Ausf\u00fchrung).<\/p>\n<p>Isolierschicht: hochreine Magnesiumoxidkeramik (hohe Temperaturbest\u00e4ndigkeit, Temperaturwechselbest\u00e4ndigkeit).<\/p>\n<p>Abmessungen: L\u00e4nge 80 mm bis 200 mm, Durchmesser \u03a66 mm bis 15 mm (Unterst\u00fctzung von U-f\u00f6rmigen, flachen geraden St\u00e4ben nach Ma\u00df).<br \/>\nLebensdauer: 10.000 bis 25.000 Stunden (abh\u00e4ngig von Wasserqualit\u00e4t und Nutzungsh\u00e4ufigkeit, Oxidationsbeschichtung verl\u00e4ngert die Lebensdauer).<br \/>\nAnpassbarer Service: Unterst\u00fctzung von Sonderanforderungen wie Leistung, Spannung, L\u00e4ngenanpassung und explosionsgesch\u00fctzter Beschichtung.<\/p>\n<h2>\nZweitens, Kernvorteile<\/h2>\n<p>Schnelles Aufheizen: 1,5 l Wasser in 3 bis 5 Minuten zum Kochen bringen, thermischer Wirkungsgrad \u226592 %.<br \/>\nSicher und langlebig: Keramik-Isolierschicht verhindert Leckagen, und Antioxidation-Beschichtung reduziert Kalkkorrosion.<br \/>\nIntelligente Temperaturregelung: Unterst\u00fctzt \u00dcberhitzungsschutz (\u2265120 \u00b0C automatische Abschaltung) und ist f\u00fcr Trockenlaufschutz-Design geeignet.<br \/>\nKompakt und leicht: Das Volumen ist 20 % kleiner als bei herk\u00f6mmlichen Heizr\u00f6hren und geeignet f\u00fcr ultrad\u00fcnne elektrische Wasserkocher.<br \/>\nGeringe Wartungskosten: Langlebiges Design reduziert die Austauschh\u00e4ufigkeit und spart Wartungskosten.<br \/>\nFlexible Anpassung: Unterst\u00fctzt industrielle Anforderungen wie Gewindeanschl\u00fcsse und Explosionsschutzzertifizierung (Lieferzeit 10 bis 20 Tage).<br \/>\nGlobale Kompatibilit\u00e4t: Kompatibel mit 110 V\/220 V Spannung, angepasst an europ\u00e4ische, amerikanische\/asiatische Marktstandards.<\/p>\n<p><img decoding=\"async\" class=\"aligncenter size-full wp-image-3346\" src=\"http:\/\/jinzho.com\/wp-content\/uploads\/2025\/05\/heating-element-factory-3-1.jpg\" alt=\"\" width=\"1254\" height=\"600\" title=\"\" srcset=\"https:\/\/jinzho.com\/wp-content\/uploads\/2025\/05\/heating-element-factory-3-1.jpg 1254w, https:\/\/jinzho.com\/wp-content\/uploads\/2025\/05\/heating-element-factory-3-1-300x144.jpg 300w, https:\/\/jinzho.com\/wp-content\/uploads\/2025\/05\/heating-element-factory-3-1-1024x490.jpg 1024w, https:\/\/jinzho.com\/wp-content\/uploads\/2025\/05\/heating-element-factory-3-1-768x367.jpg 768w, https:\/\/jinzho.com\/wp-content\/uploads\/2025\/05\/heating-element-factory-3-1-600x287.jpg 600w\" sizes=\"(max-width: 1254px) 100vw, 1254px\" \/><\/p>","protected":false},"excerpt":{"rendered":"<p>Heizstab f\u00fcr elektrische Wasserkocher \u2013 Hochbest\u00e4ndige intelligente Heizl\u00f6sung mit Trockenlaufschutz f\u00fcr elektrische Wasserkocher<br \/>\nDas speziell f\u00fcr elektrische Wasserkocher entwickelte Tauchheizelement verf\u00fcgt \u00fcber eine Struktur aus Edelstahl-Panzerheizdraht + Nano-Keramik-Verbundisolierung, geeignet f\u00fcr einen Leistungsbereich von 1,5 kW bis 30 kW, hitzebest\u00e4ndig bis zu 1000 \u00b0C (kurzzeitig) und mit einem Druckwiderstand von 15 bar.<\/p>\n<p>MOQ\uff1a1000PCS<br \/>\nVorlaufzeit\uff1a25 Tage<br \/>\nStandort der Fabrik: Zhongshan, Guangdong, China<\/p>","protected":false},"featured_media":1628,"comment_status":"closed","ping_status":"closed","template":"","meta":[],"product_brand":[],"product_cat":[2734],"product_tag":[43,53,71,73,77],"class_list":{"0":"post-899","1":"product","2":"type-product","3":"status-publish","4":"has-post-thumbnail","6":"product_cat-heating-tubes","7":"product_tag-water-heating-element","8":"product_tag-electric-heating-element","9":"product_tag-electric-heating-systems","10":"product_tag-appliance-heating-elements","11":"product_tag-stainless-steel-heat-exchanger","13":"first","14":"instock","15":"shipping-taxable","16":"product-type-simple"},"_links":{"self":[{"href":"https:\/\/jinzho.com\/de\/wp-json\/wp\/v2\/product\/899","targetHints":{"allow":["GET"]}}],"collection":[{"href":"https:\/\/jinzho.com\/de\/wp-json\/wp\/v2\/product"}],"about":[{"href":"https:\/\/jinzho.com\/de\/wp-json\/wp\/v2\/types\/product"}],"replies":[{"embeddable":true,"href":"https:\/\/jinzho.com\/de\/wp-json\/wp\/v2\/comments?post=899"}],"wp:featuredmedia":[{"embeddable":true,"href":"https:\/\/jinzho.com\/de\/wp-json\/wp\/v2\/media\/1628"}],"wp:attachment":[{"href":"https:\/\/jinzho.com\/de\/wp-json\/wp\/v2\/media?parent=899"}],"wp:term":[{"taxonomy":"product_brand","embeddable":true,"href":"https:\/\/jinzho.com\/de\/wp-json\/wp\/v2\/product_brand?post=899"},{"taxonomy":"product_cat","embeddable":true,"href":"https:\/\/jinzho.com\/de\/wp-json\/wp\/v2\/product_cat?post=899"},{"taxonomy":"product_tag","embeddable":true,"href":"https:\/\/jinzho.com\/de\/wp-json\/wp\/v2\/product_tag?post=899"}],"curies":[{"name":"wp","href":"https:\/\/api.w.org\/{rel}","templated":true}]}}