{"id":2959,"date":"2025-05-24T09:14:49","date_gmt":"2025-05-24T09:14:49","guid":{"rendered":"https:\/\/jinzho.com\/product\/stainless-steel-steam-cooker\/"},"modified":"2025-06-11T14:44:39","modified_gmt":"2025-06-11T14:44:39","slug":"dampfgarer-aus-edelstahl","status":"publish","type":"product","link":"https:\/\/jinzho.com\/de\/product\/stainless-steel-steam-cooker\/","title":{"rendered":"Dampfgarer aus Edelstahl"},"content":{"rendered":"<h3>Edelstahl-Dampfgarer f\u00fcr elektrische Kocht\u00f6pfe<\/h3>\n<h4>Kernfunktion und Anwendung<\/h4>\n<p>Unser Edelstahl-Dampfgarer ist eine Schl\u00fcsselkomponente in elektrischen Kocht\u00f6pfen und dient als Hauptstruktur f\u00fcr die Dampferzeugung und das Kochen. Er erm\u00f6glicht eine gleichm\u00e4\u00dfige Dampfverteilung zum Garen von Speisen (z. B. Reis, Gem\u00fcse oder Meeresfr\u00fcchte) durch Dampfhitze. N\u00e4hrstoffe und Textur bleiben erhalten und gleichzeitig wird ein sicherer und effizienter Betrieb in der privaten oder gewerblichen K\u00fcche gew\u00e4hrleistet.<\/p>\n<h4>Material, Verarbeitung &amp; Individualisierung<\/h4>\n<p>Bei markt\u00fcblichen Dampfgarern stehen Lebensmittelsicherheit (z. B. Edelstahl 304\/316 f\u00fcr Dampf-\/Lebensmittelkontakt), Korrosionsbest\u00e4ndigkeit und Auslaufsicherheit im Vordergrund. Unser Werk verwendet: Edelstahl 304\/316 gem\u00e4\u00df GB 4806.9 (Standard f\u00fcr Materialien mit Lebensmittelkontakt); Pr\u00e4zisionspr\u00e4gungen f\u00fcr die Formgebung des Garers, WIG-Schwei\u00dfen f\u00fcr nahtlose Verbindungen und Oberfl\u00e4chenpolitur f\u00fcr glatte Dampfkan\u00e4le; sowie CE- und RoHS-zertifizierte Produkte f\u00fcr thermische und Lebensmittelsicherheit. Individuelle Anpassungen der Garerabmessungen, der Dampfauslasskonstruktion oder der Schnittstellenkompatibilit\u00e4t mit Hot Pot-Sockeln\/Heizmodulen sind f\u00fcr bestimmte Modelle m\u00f6glich.<\/p>\n<h4>Produktionsst\u00e4rken<\/h4>\n<ul>\n<li>\u200b<strong>Integrierte Fertigung<\/strong>\u200b: Eigene Stanz-, Schwei\u00df- und Polierwerkst\u00e4tten gew\u00e4hrleisten eine durchg\u00e4ngige Kontrolle der Dampfgarermontage.<\/li>\n<li>\u200b<strong>\u200bLebensmitteltaugliche Zuverl\u00e4ssigkeit\u200b<\/strong>\u200b: Verwendet Edelstahl 304\/316, der den Sicherheitsstandards f\u00fcr Haushaltsger\u00e4te entspricht (GB 4806.9).<\/li>\n<li>\u200b<strong>Anpassbares Design<\/strong>\u200b: Anpassbare Abmessungen, Dampfauslassanordnungen oder Schnittstellen passend zu verschiedenen Hot-Pot-Modellen.<\/li>\n<li>\u200b<strong>\u200bStabile Skalierbarkeit\u200b<\/strong>\u200b: Chargenproduktionskapazit\u00e4t (\u00fcber 500.000 Einheiten\/Monat) mit zuverl\u00e4ssiger Lieferung.<\/li>\n<li>\u200b<strong>Strenge Qualit\u00e4tskontrolle<\/strong>\u200b: Strenge Kontrollen hinsichtlich Materialreinheit, Schwei\u00dfintegrit\u00e4t und Dampfdichtheit.<\/li>\n<\/ul>\n<p><img fetchpriority=\"high\" decoding=\"async\" class=\"aligncenter size-full wp-image-3330\" src=\"http:\/\/jinzho.com\/wp-content\/uploads\/2025\/05\/heating-element-factory-2-1.jpg\" alt=\"\" width=\"1254\" height=\"600\" title=\"\" srcset=\"https:\/\/jinzho.com\/wp-content\/uploads\/2025\/05\/heating-element-factory-2-1.jpg 1254w, https:\/\/jinzho.com\/wp-content\/uploads\/2025\/05\/heating-element-factory-2-1-300x144.jpg 300w, https:\/\/jinzho.com\/wp-content\/uploads\/2025\/05\/heating-element-factory-2-1-1024x490.jpg 1024w, https:\/\/jinzho.com\/wp-content\/uploads\/2025\/05\/heating-element-factory-2-1-768x367.jpg 768w, https:\/\/jinzho.com\/wp-content\/uploads\/2025\/05\/heating-element-factory-2-1-600x287.jpg 600w\" sizes=\"(max-width: 1254px) 100vw, 1254px\" \/><\/p>","protected":false},"excerpt":{"rendered":"<p>Der Dampftopf aus lebensmittelechtem Edelstahl 304, konzipiert f\u00fcr Dampfgarger\u00e4te f\u00fcr den privaten und gewerblichen Gebrauch (wie elektrische Dampfgarer, Dampfboxen), bietet effiziente und hygienische Dampfgarl\u00f6sungen. Hergestellt aus verdicktem, hochglanzpoliertem Edelstahl, ist er korrosionsbest\u00e4ndig, abriebfest und leicht zu reinigen. Die doppellagige Verbundbodenstruktur eignet sich f\u00fcr Induktionsherde und offene Flammen und erh\u00f6ht die Dampferzeugungsgeschwindigkeit durch 30%. Die herausnehmbare Dampfschale und der Trockenbrandschutz sorgen f\u00fcr einen sicheren Betrieb.<\/p>\n<p>MOQ\uff1a1000PCS<br \/>\nVorlaufzeit: 15-25 Tage<br \/>\nStandort der Fabrik: Zhongshan, Guangdong, China<\/p>","protected":false},"featured_media":3205,"comment_status":"closed","ping_status":"closed","template":"","meta":[],"product_brand":[],"product_cat":[2760],"product_tag":[2823,2836,2837,2864,2870],"class_list":{"0":"post-2959","1":"product","2":"type-product","3":"status-publish","4":"has-post-thumbnail","6":"product_cat-stainless-steel-parts","7":"product_tag-general-electric-pot-parts","8":"product_tag-electric-cook-stove-parts","9":"product_tag-electric-pressure-cooker-parts","10":"product_tag-stainless-steel-kitchenware","11":"product_tag-electric-hot-pot-parts","13":"first","14":"instock","15":"shipping-taxable","16":"product-type-simple"},"_links":{"self":[{"href":"https:\/\/jinzho.com\/de\/wp-json\/wp\/v2\/product\/2959","targetHints":{"allow":["GET"]}}],"collection":[{"href":"https:\/\/jinzho.com\/de\/wp-json\/wp\/v2\/product"}],"about":[{"href":"https:\/\/jinzho.com\/de\/wp-json\/wp\/v2\/types\/product"}],"replies":[{"embeddable":true,"href":"https:\/\/jinzho.com\/de\/wp-json\/wp\/v2\/comments?post=2959"}],"wp:featuredmedia":[{"embeddable":true,"href":"https:\/\/jinzho.com\/de\/wp-json\/wp\/v2\/media\/3205"}],"wp:attachment":[{"href":"https:\/\/jinzho.com\/de\/wp-json\/wp\/v2\/media?parent=2959"}],"wp:term":[{"taxonomy":"product_brand","embeddable":true,"href":"https:\/\/jinzho.com\/de\/wp-json\/wp\/v2\/product_brand?post=2959"},{"taxonomy":"product_cat","embeddable":true,"href":"https:\/\/jinzho.com\/de\/wp-json\/wp\/v2\/product_cat?post=2959"},{"taxonomy":"product_tag","embeddable":true,"href":"https:\/\/jinzho.com\/de\/wp-json\/wp\/v2\/product_tag?post=2959"}],"curies":[{"name":"wp","href":"https:\/\/api.w.org\/{rel}","templated":true}]}}