{"id":2958,"date":"2025-05-24T09:14:49","date_gmt":"2025-05-24T09:14:49","guid":{"rendered":"https:\/\/jinzho.com\/product\/rice-cooker-inner-pot\/"},"modified":"2025-06-11T14:43:24","modified_gmt":"2025-06-11T14:43:24","slug":"innentopf-des-reiskochers","status":"publish","type":"product","link":"https:\/\/jinzho.com\/de\/product\/rice-cooker-inner-pot\/","title":{"rendered":"Innentopf f\u00fcr Reiskocher"},"content":{"rendered":"<h3>Innentopf aus Edelstahl f\u00fcr Reiskocher f\u00fcr elektrische Kocht\u00f6pfe<\/h3>\n<h4>Kernfunktion und Anwendung<\/h4>\n<p>Unser Edelstahl-Reiskocher-Innentopf ist die Hauptkomponente elektrischer Kocht\u00f6pfe und dient als Gef\u00e4\u00df f\u00fcr den direkten Lebensmittelkontakt zum Kochen, Schmoren oder langsamen Garen von Reis, Haferbrei und anderen Grundnahrungsmitteln. Er h\u00e4lt lang anhaltender Hochtemperaturerhitzung stand, ist korrosionsbest\u00e4ndig gegen\u00fcber sauren\/alkalischen Zutaten und sorgt f\u00fcr eine gleichm\u00e4\u00dfige W\u00e4rmeverteilung f\u00fcr ein gleichbleibend sicheres Kochergebnis in der privaten oder gewerblichen K\u00fcche.<\/p>\n<h4>Material, Verarbeitung &amp; Individualisierung<\/h4>\n<p>Bei den Innent\u00f6pfen von Reiskochern nach Marktstandard stehen Lebensmittelsicherheit (z. B. Edelstahl 304 f\u00fcr direkten Lebensmittelkontakt), W\u00e4rmeleitf\u00e4higkeit und Korrosionsbest\u00e4ndigkeit im Vordergrund. Unser Werk verwendet: Edelstahl 304 gem\u00e4\u00df GB 4806.9 (Standard f\u00fcr Materialien mit Lebensmittelkontakt); hauseigene Pr\u00e4gung f\u00fcr pr\u00e4zise Topfformung, Schwei\u00dfen f\u00fcr sichere Montage und Polieren f\u00fcr glatte Innen-\/Au\u00dfenfl\u00e4chen, um ein Anhaften von Lebensmitteln zu verhindern; und Produkte mit CE- und RoHS-Zertifizierung f\u00fcr die Einhaltung der Sicherheitsvorschriften. Anpassungen hinsichtlich Topfdurchmesser, Wandst\u00e4rke oder Schnittstellendesign (z. B. Kompatibilit\u00e4t mit Hot Pot-Boden oder -Deckeln) werden f\u00fcr bestimmte Modelle unterst\u00fctzt.<\/p>\n<h4>Produktionsst\u00e4rken<\/h4>\n<ul>\n<li>\u200b<strong>\u200bIntegrierte Steuerung\u200b<\/strong>\u200b: Eigene Stanz-, Schwei\u00df- und Polierwerkst\u00e4tten gew\u00e4hrleisten eine durchg\u00e4ngige Qualit\u00e4tskonsistenz.<\/li>\n<li>\u200b<strong>\u200bLebensmitteltaugliche Zuverl\u00e4ssigkeit\u200b<\/strong>\u200b: Verwendet Edelstahl 304, der den Sicherheitsstandards f\u00fcr Haushaltsger\u00e4te entspricht (GB 4806.9).<\/li>\n<li>\u200b<strong>Anpassbares Design<\/strong>\u200b: Anpassbare Abmessungen, Wandst\u00e4rken oder Schnittstellen f\u00fcr verschiedene Reiskocher-\/Hotpot-Modelle.<\/li>\n<li>\u200b<strong>\u200bStabile Skalierbarkeit\u200b<\/strong>\u200b: Chargenproduktionskapazit\u00e4t (\u00fcber 500.000 Einheiten\/Monat) mit zuverl\u00e4ssiger Lieferung.<\/li>\n<li>\u200b<strong>Strenge Qualit\u00e4tskontrolle<\/strong>\u200b: Strenge Kontrollen hinsichtlich Materialreinheit, W\u00e4rmeleitf\u00e4higkeit und Oberfl\u00e4chengl\u00e4tte.<\/li>\n<\/ul>\n<p><img fetchpriority=\"high\" decoding=\"async\" class=\"aligncenter size-full wp-image-3643\" src=\"http:\/\/jinzho.com\/wp-content\/uploads\/2025\/05\/heating-element-factory-9-1.jpg\" alt=\"\" width=\"1254\" height=\"600\" title=\"\" srcset=\"https:\/\/jinzho.com\/wp-content\/uploads\/2025\/05\/heating-element-factory-9-1.jpg 1254w, https:\/\/jinzho.com\/wp-content\/uploads\/2025\/05\/heating-element-factory-9-1-300x144.jpg 300w, https:\/\/jinzho.com\/wp-content\/uploads\/2025\/05\/heating-element-factory-9-1-1024x490.jpg 1024w, https:\/\/jinzho.com\/wp-content\/uploads\/2025\/05\/heating-element-factory-9-1-768x367.jpg 768w, https:\/\/jinzho.com\/wp-content\/uploads\/2025\/05\/heating-element-factory-9-1-600x287.jpg 600w\" sizes=\"(max-width: 1254px) 100vw, 1254px\" \/><\/p>","protected":false},"excerpt":{"rendered":"<p>Die Reiskocher-Auskleidung aus lebensmittelechtem Edelstahl 304 ist f\u00fcr den privaten und gewerblichen Gebrauch konzipiert und bietet effiziente W\u00e4rmeleitung und langlebige Kochl\u00f6sungen. Sie verf\u00fcgt \u00fcber eine verst\u00e4rkte Verbundbodenstruktur (Aluminiumlegierung + Edelstahl), die f\u00fcr die duale Beheizung mit Induktionsherd und offener Flamme geeignet ist. Die gleichm\u00e4\u00dfige W\u00e4rmeleitf\u00e4higkeit wird durch 30% verbessert. Die nanokeramische Beschichtung auf der Oberfl\u00e4che der Auskleidung ist antihaftbeschichtet und verschlei\u00dffest, ohne dass sich die Beschichtung abl\u00f6st, und unterst\u00fctzt mechanisches Schrubben. Der \u00dcberlaufschutz und die gew\u00f6lbte Innenwand optimieren die Zirkulation der Reissuppe und verringern das Anhaften am Topf. Der verbreiterte Griff verhindert Verbr\u00fchungen und ist f\u00fcr Kapazit\u00e4ten von 300 ml bis 1,5 l geeignet. Der modulare Aufbau ist mit g\u00e4ngigen Reiskochermodellen kompatibel.<\/p>\n<p>MOQ\uff1a1000PCS<br \/>\nVorlaufzeit: 15-25 Tage<br \/>\nStandort der Fabrik: Zhongshan, Guangdong, China<\/p>","protected":false},"featured_media":3200,"comment_status":"closed","ping_status":"closed","template":"","meta":[],"product_brand":[],"product_cat":[2760],"product_tag":[2822,2836,2837,2864,2869],"class_list":{"0":"post-2958","1":"product","2":"type-product","3":"status-publish","4":"has-post-thumbnail","6":"product_cat-stainless-steel-parts","7":"product_tag-electric-pot","8":"product_tag-electric-cook-stove-parts","9":"product_tag-electric-pressure-cooker-parts","10":"product_tag-stainless-steel-kitchenware","11":"product_tag-rice-cooker-parts","13":"first","14":"instock","15":"shipping-taxable","16":"product-type-simple"},"_links":{"self":[{"href":"https:\/\/jinzho.com\/de\/wp-json\/wp\/v2\/product\/2958","targetHints":{"allow":["GET"]}}],"collection":[{"href":"https:\/\/jinzho.com\/de\/wp-json\/wp\/v2\/product"}],"about":[{"href":"https:\/\/jinzho.com\/de\/wp-json\/wp\/v2\/types\/product"}],"replies":[{"embeddable":true,"href":"https:\/\/jinzho.com\/de\/wp-json\/wp\/v2\/comments?post=2958"}],"wp:featuredmedia":[{"embeddable":true,"href":"https:\/\/jinzho.com\/de\/wp-json\/wp\/v2\/media\/3200"}],"wp:attachment":[{"href":"https:\/\/jinzho.com\/de\/wp-json\/wp\/v2\/media?parent=2958"}],"wp:term":[{"taxonomy":"product_brand","embeddable":true,"href":"https:\/\/jinzho.com\/de\/wp-json\/wp\/v2\/product_brand?post=2958"},{"taxonomy":"product_cat","embeddable":true,"href":"https:\/\/jinzho.com\/de\/wp-json\/wp\/v2\/product_cat?post=2958"},{"taxonomy":"product_tag","embeddable":true,"href":"https:\/\/jinzho.com\/de\/wp-json\/wp\/v2\/product_tag?post=2958"}],"curies":[{"name":"wp","href":"https:\/\/api.w.org\/{rel}","templated":true}]}}