{"id":2955,"date":"2025-05-24T09:14:48","date_gmt":"2025-05-24T09:14:48","guid":{"rendered":"https:\/\/jinzho.com\/product\/stainless-steel-blender-body\/"},"modified":"2025-06-11T14:39:51","modified_gmt":"2025-06-11T14:39:51","slug":"mixergehause-aus-edelstahl","status":"publish","type":"product","link":"https:\/\/jinzho.com\/de\/product\/stainless-steel-blender-body\/","title":{"rendered":"Mixergeh\u00e4use aus Edelstahl"},"content":{"rendered":"<h3>Mixergeh\u00e4use aus Edelstahl f\u00fcr Mixer (Sojamilchbereiter, Mixer)<\/h3>\n<h4>Kernfunktion und Anwendung<\/h4>\n<p>Unser Edelstahl-Mixergeh\u00e4use dient als Hauptstrukturkomponente f\u00fcr Mixer, Sojamilchbereiter und Hochgeschwindigkeitsmixer und fungiert als Hauptgeh\u00e4use und St\u00fctzrahmen. Es h\u00e4lt Hochgeschwindigkeitsrotationen stand, ist korrosionsbest\u00e4ndig gegen\u00fcber sauren\/alkalischen Inhaltsstoffen und sch\u00fctzt die internen Motoren und Klingen. So ist ein dauerhafter und sicherer Betrieb bei Lebensmittelverarbeitungsaufgaben wie Mixen, Mahlen und Milchzubereitung gew\u00e4hrleistet.<\/p>\n<h4>Material, Verarbeitung &amp; Individualisierung<\/h4>\n<p>Markt\u00fcbliche Mixergeh\u00e4use zeichnen sich durch Lebensmittelsicherheit (z. B. Edelstahl 304 f\u00fcr direkten Lebensmittelkontakt), strukturelle Stabilit\u00e4t und Korrosionsbest\u00e4ndigkeit aus. Unser Werk verwendet: Edelstahl 304 gem\u00e4\u00df GB 4806.9 (Standard f\u00fcr Materialien mit Lebensmittelkontakt); hauseigene Pr\u00e4gung f\u00fcr pr\u00e4zise Geh\u00e4useformung, Schwei\u00dfen f\u00fcr sichere Montage und Polieren f\u00fcr glatte Innen-\/Au\u00dfenfl\u00e4chen; sowie CE- und RoHS-zertifizierte Produkte f\u00fcr h\u00f6chste Sicherheit. Anpassungen der Geh\u00e4useabmessungen, Schnittstellen (z. B. Motorhalterungskompatibilit\u00e4t) oder Griffkonfigurationen an bestimmte Mixermodelle sind m\u00f6glich.<\/p>\n<h4>Produktionsst\u00e4rken<\/h4>\n<ul>\n<li>\u200b<strong>Integrierte Fertigung<\/strong>\u200b: Eigene Stanz-, Schwei\u00df- und Polierwerkst\u00e4tten gew\u00e4hrleisten eine l\u00fcckenlose Qualit\u00e4tskontrolle.<\/li>\n<li>\u200b<strong>\u200bLebensmitteltaugliche Zuverl\u00e4ssigkeit\u200b<\/strong>\u200b: Verwendet Edelstahl 304, der den Sicherheitsstandards f\u00fcr Haushaltsger\u00e4te entspricht (GB 4806.9).<\/li>\n<li>\u200b<strong>Anpassbares Design<\/strong>\u200b: Anpassbare Abmessungen, Schnittstellen oder Griffarten passend zu verschiedenen Mixermodellen.<\/li>\n<li>\u200b<strong>\u200bStabile Skalierbarkeit\u200b<\/strong>\u200b: Chargenproduktionskapazit\u00e4t (\u00fcber 500.000 Einheiten\/Monat) mit zuverl\u00e4ssiger Lieferung.<\/li>\n<li>\u200b<strong>Strenge Qualit\u00e4tskontrolle<\/strong>\u200b: Strenge Kontrollen hinsichtlich Materialreinheit, Schwei\u00dfnahtintegrit\u00e4t und Oberfl\u00e4chengl\u00e4tte.<\/li>\n<\/ul>\n<p><img fetchpriority=\"high\" decoding=\"async\" class=\"aligncenter size-full wp-image-3366\" src=\"http:\/\/jinzho.com\/wp-content\/uploads\/2025\/05\/heating-element-factory-11.jpg\" alt=\"\" width=\"1254\" height=\"600\" title=\"\" srcset=\"https:\/\/jinzho.com\/wp-content\/uploads\/2025\/05\/heating-element-factory-11.jpg 1254w, https:\/\/jinzho.com\/wp-content\/uploads\/2025\/05\/heating-element-factory-11-300x144.jpg 300w, https:\/\/jinzho.com\/wp-content\/uploads\/2025\/05\/heating-element-factory-11-1024x490.jpg 1024w, https:\/\/jinzho.com\/wp-content\/uploads\/2025\/05\/heating-element-factory-11-768x367.jpg 768w, https:\/\/jinzho.com\/wp-content\/uploads\/2025\/05\/heating-element-factory-11-600x287.jpg 600w\" sizes=\"(max-width: 1254px) 100vw, 1254px\" \/><\/p>","protected":false},"excerpt":{"rendered":"<p>Bei diesem Produkt handelt es sich um einen Mixer aus lebensmittelechtem Edelstahl 304, der f\u00fcr den privaten und gewerblichen Gebrauch konzipiert wurde. Er ist f\u00fcr Mixer, Standmixer und andere Ger\u00e4te geeignet und bietet eine langlebige und hygienische Mixl\u00f6sung. Der Mixer aus verdicktem, hochglanzpoliertem Edelstahl ist korrosionsbest\u00e4ndig, kratzfest und abriebfest. Die Oberfl\u00e4che ist leicht zu reinigen. Der ergonomische, rutschfeste Griff und die verbr\u00fchungshemmende Konstruktion eignen sich f\u00fcr schnelle Mixvorg\u00e4nge und erm\u00f6glichen die Einhandbedienung. Die Sch\u00fcsseltiefe ist optimiert, um Spritzer zu reduzieren. Der Mixer ist mit manuellen und elektrischen Mixmodi kompatibel und bietet ein Fassungsverm\u00f6gen von 500 ml bis 2 l.<\/p>\n<p>MOQ\uff1a1000PCS<br \/>\nVorlaufzeit: 15-25 Tage<br \/>\nStandort der Fabrik: Zhongshan, Guangdong, China<\/p>","protected":false},"featured_media":3185,"comment_status":"closed","ping_status":"closed","template":"","meta":[],"product_brand":[],"product_cat":[2760],"product_tag":[2828,2844,2862,2863,2865],"class_list":{"0":"post-2955","1":"product","2":"type-product","3":"status-publish","4":"has-post-thumbnail","6":"product_cat-stainless-steel-parts","7":"product_tag-stainless-steel-mixer","8":"product_tag-stainless-steel-mixing-bowls","9":"product_tag-dough-mixer-accessories","10":"product_tag-stainless-steel-blender","11":"product_tag-stainless-steel-blender-parts","13":"first","14":"instock","15":"shipping-taxable","16":"product-type-simple"},"_links":{"self":[{"href":"https:\/\/jinzho.com\/de\/wp-json\/wp\/v2\/product\/2955","targetHints":{"allow":["GET"]}}],"collection":[{"href":"https:\/\/jinzho.com\/de\/wp-json\/wp\/v2\/product"}],"about":[{"href":"https:\/\/jinzho.com\/de\/wp-json\/wp\/v2\/types\/product"}],"replies":[{"embeddable":true,"href":"https:\/\/jinzho.com\/de\/wp-json\/wp\/v2\/comments?post=2955"}],"wp:featuredmedia":[{"embeddable":true,"href":"https:\/\/jinzho.com\/de\/wp-json\/wp\/v2\/media\/3185"}],"wp:attachment":[{"href":"https:\/\/jinzho.com\/de\/wp-json\/wp\/v2\/media?parent=2955"}],"wp:term":[{"taxonomy":"product_brand","embeddable":true,"href":"https:\/\/jinzho.com\/de\/wp-json\/wp\/v2\/product_brand?post=2955"},{"taxonomy":"product_cat","embeddable":true,"href":"https:\/\/jinzho.com\/de\/wp-json\/wp\/v2\/product_cat?post=2955"},{"taxonomy":"product_tag","embeddable":true,"href":"https:\/\/jinzho.com\/de\/wp-json\/wp\/v2\/product_tag?post=2955"}],"curies":[{"name":"wp","href":"https:\/\/api.w.org\/{rel}","templated":true}]}}