{"id":2932,"date":"2025-05-24T09:14:38","date_gmt":"2025-05-24T09:14:38","guid":{"rendered":"https:\/\/jinzho.com\/product\/steam-boiler\/"},"modified":"2025-06-11T12:09:23","modified_gmt":"2025-06-11T12:09:23","slug":"dampfkessel","status":"publish","type":"product","link":"https:\/\/jinzho.com\/de\/product\/steam-boiler\/","title":{"rendered":"Dampfkessel"},"content":{"rendered":"<h3>\u200b<strong>Produkt: Dampfkessel (Elektroheizungskomponente)<\/strong>\u200b<\/h3>\n<hr \/>\n<h4>\u200b<strong>\u200b1. Anwendungs\u00fcbersicht\u200b<\/strong>\u200b<\/h4>\n<p>Unsere elektrischen Dampfkessel sind Kernheizkomponenten, die f\u00fcr die effiziente Dampferzeugung in sowohl Haushalts- als auch Gewerbe-\/Industrieanwendungen konzipiert sind. Sie werden weitgehend integriert in:<\/p>\n<ul>\n<li>\u200b<strong>Haushaltsger\u00e4te<\/strong>: Dampfb\u00fcgeleisen (f\u00fcr schnelles B\u00fcgeln von Kleidung), Espressomaschinen (zur Erzeugung von Br\u00fchdampf), elektrische Dampfgarer (Kochen\/D\u00e4mpfen von Lebensmitteln) und Luftbefeuchter (Aufrechterhaltung der Raumluftfeuchtigkeit).<\/li>\n<li>\u200b<strong>\u200bGewerbliche\/industrielle Systeme\u200b<\/strong>: Industrielle Dampferzeuger (kleinere Fertigungsprozesse) und gewerbliche Sofortdampfeinheiten (Umgebungen mit hohem Bedarf wie W\u00e4schereien, Catering-Dienste oder Prozessheizung). Diese Kessel liefern kontrollierte, gleichm\u00e4\u00dfige Dampfleistung, um verschiedene Endanwendungsanforderungen zu erf\u00fcllen.<\/li>\n<\/ul>\n<hr \/>\n<h4>\u200b<strong>2. Schl\u00fcsselparameter (Realistisch &amp; Anpassbar)<\/strong>\u200b<\/h4>\n<div class=\"hyc-common-markdown__table-wrapper\">\n<table>\n<thead>\n<tr>\n<th>\u200b<strong>\u200bParameter\u200b<\/strong>\u200b<\/th>\n<th>\u200b<strong>\u200bStandardbereich\u200b<\/strong>\u200b<\/th>\n<th>\u200b<strong>Anpassungsoptionen<\/strong>\u200b<\/th>\n<\/tr>\n<\/thead>\n<tbody>\n<tr>\n<td>Nennleistung<\/td>\n<td>500W\u201325.000W<\/td>\n<td>Einstellbar (z.B. 300W f\u00fcr Mini-Dampfgarer; 30.000W f\u00fcr Industrieanlagen).<\/td>\n<\/tr>\n<tr>\n<td>Betriebsspannung<\/td>\n<td>110 V\/220 V (einphasig)<\/td>\n<td>3-phasig (380V) f\u00fcr den schweren gewerblichen Einsatz.<\/td>\n<\/tr>\n<tr>\n<td>Max. Betriebstemperatur<\/td>\n<td>\u2264380\u2103 (Dauerbetrieb); \u2264480\u2103 (Spitze)<\/td>\n<td>Bis zu 550\u2103 mit Hochtemperaturlegierungsbeschichtung.<\/td>\n<\/tr>\n<tr>\n<td>Material<\/td>\n<td>Edelstahl 316L (Standard)<\/td>\n<td>321\/310S Edelstahl (korrosions-\/hitzebest\u00e4ndig).<\/td>\n<\/tr>\n<tr>\n<td>Ma\u00dftoleranz<\/td>\n<td>\u00b10,5 mm (Standard)<\/td>\n<td>\u00b10,3mm (pr\u00e4zisionsbearbeitet f\u00fcr enge Passungen).<\/td>\n<\/tr>\n<tr>\n<td>Druckbest\u00e4ndigkeit<\/td>\n<td>10 bar (Dauerdruck); 15 bar (Spitzendruck)<\/td>\n<td>Bis zu 35 bar mit verst\u00e4rktem Kupferlegierungsgeh\u00e4use.<\/td>\n<\/tr>\n<\/tbody>\n<\/table>\n<\/div>\n<hr \/>\n<h4>\u200b<strong>3. Kernst\u00e4rken<\/strong>\u200b<\/h4>\n<ul>\n<li>\u200b<strong>Integrierte Produktion<\/strong>: Durchg\u00e4ngige Fertigungseinrichtungen (Stanz-, Laserschneid-, TIG-Schwei\u00dftechnik) gew\u00e4hrleisten eine monatliche Produktion von \u00fcber 100.000 Einheiten mit gleichbleibender Qualit\u00e4t.<\/li>\n<li>\u200b<strong>\u200bStrenge Tests\u200b<\/strong>: Alle Kessel durchlaufen \u00fcber 10.000 Heizzyklustests und 72-st\u00fcndige Salzspr\u00fchkorrosionstests f\u00fcr Langlebigkeit in feuchten Umgebungen.<\/li>\n<li>\u200b<strong>Flexible Anpassung<\/strong>: Schneller Prototypenbau (7-15 Tage) f\u00fcr individuelle Abmessungen, Leistungswerte oder Anschl\u00fcsse (Gewinde\/Flansch\/Schnellkupplung).<\/li>\n<li>\u200b<strong>Kosteneffizienz<\/strong>: Direktbezug von 316L-Edelstahl reduziert die Produktionskosten um 15-20%, bei wettbewerbsf\u00e4higer Preisgestaltung.<\/li>\n<li>\u200b<strong>Bew\u00e4hrte Zuverl\u00e4ssigkeit<\/strong>: In \u00fcber 300 Kundenanwendungen validiert, gew\u00e4hrleistet stabile Dampfleistung in kleinen bis gro\u00dfen Anlagen.<\/li>\n<\/ul>\n<p><img fetchpriority=\"high\" decoding=\"async\" class=\"aligncenter size-full wp-image-3641\" src=\"http:\/\/jinzho.com\/wp-content\/uploads\/2025\/05\/heating-element-factory-7-1.jpg\" alt=\"\" width=\"1254\" height=\"600\" title=\"\" srcset=\"https:\/\/jinzho.com\/wp-content\/uploads\/2025\/05\/heating-element-factory-7-1.jpg 1254w, https:\/\/jinzho.com\/wp-content\/uploads\/2025\/05\/heating-element-factory-7-1-300x144.jpg 300w, https:\/\/jinzho.com\/wp-content\/uploads\/2025\/05\/heating-element-factory-7-1-1024x490.jpg 1024w, https:\/\/jinzho.com\/wp-content\/uploads\/2025\/05\/heating-element-factory-7-1-768x367.jpg 768w, https:\/\/jinzho.com\/wp-content\/uploads\/2025\/05\/heating-element-factory-7-1-600x287.jpg 600w\" sizes=\"(max-width: 1254px) 100vw, 1254px\" \/><\/p>","protected":false},"excerpt":{"rendered":"<p>Dieses Produkt ist ein elektrischer Edelstahl-Dampfkessel-Dampferzeuger, speziell konzipiert f\u00fcr Haushaltsger\u00e4te wie Luftbefeuchter, elektrische Dampfgarer, Dampfb\u00fcgeleisen, B\u00fcgelstationen, Saunager\u00e4te, Kaffeemaschinen usw. Seine Kernfunktion ist die effiziente Erzeugung von stabilem Dampf. Hergestellt aus hochwertigem Edelstahl, ist er korrosionsbest\u00e4ndig, sicher und zuverl\u00e4ssig; die vollst\u00e4ndig geschlossene Struktur ist mit einem PID-Temperaturregelalgorithmus ausgestattet, um 3-Sekunden-Aufheizung und pr\u00e4zise Temperaturregelung (\u00b11\u00b0C) zu erreichen, und passt sich den Dampfanforderungen verschiedener Szenarien an. Das Produkt ist energie- und stromsparend und hinterl\u00e4sst keine Kalkablagerungen. Das modulare Design ist kompakt und an verschiedene Hausger\u00e4ter\u00e4ume anpassbar und erf\u00fcllt die vielf\u00e4ltigen Dampfanwendungsbed\u00fcrfnisse von Haushalts- und Gewerbeszenarien. Entspricht der CE- und RoHS-Zertifizierung.<\/p>\n<p>MOQ\uff1a1000PCS<br \/>\nVorlaufzeit: 15-25 Tage<br \/>\nStandort der Fabrik: Zhongshan, Guangdong, China<\/p>","protected":false},"featured_media":3089,"comment_status":"closed","ping_status":"closed","template":"","meta":[],"product_brand":[],"product_cat":[2759],"product_tag":[2847,2848,2849,2850,2851],"class_list":{"0":"post-2932","1":"product","2":"type-product","3":"status-publish","4":"has-post-thumbnail","6":"product_cat-electric-boiler-heater","7":"product_tag-electric-boiler-steamer","8":"product_tag-electric-steam-boiler","9":"product_tag-electric-heating-steam-boiler","10":"product_tag-electrical-steam-generator","11":"product_tag-steam-generators-for-appliances","13":"first","14":"instock","15":"shipping-taxable","16":"product-type-simple"},"_links":{"self":[{"href":"https:\/\/jinzho.com\/de\/wp-json\/wp\/v2\/product\/2932","targetHints":{"allow":["GET"]}}],"collection":[{"href":"https:\/\/jinzho.com\/de\/wp-json\/wp\/v2\/product"}],"about":[{"href":"https:\/\/jinzho.com\/de\/wp-json\/wp\/v2\/types\/product"}],"replies":[{"embeddable":true,"href":"https:\/\/jinzho.com\/de\/wp-json\/wp\/v2\/comments?post=2932"}],"wp:featuredmedia":[{"embeddable":true,"href":"https:\/\/jinzho.com\/de\/wp-json\/wp\/v2\/media\/3089"}],"wp:attachment":[{"href":"https:\/\/jinzho.com\/de\/wp-json\/wp\/v2\/media?parent=2932"}],"wp:term":[{"taxonomy":"product_brand","embeddable":true,"href":"https:\/\/jinzho.com\/de\/wp-json\/wp\/v2\/product_brand?post=2932"},{"taxonomy":"product_cat","embeddable":true,"href":"https:\/\/jinzho.com\/de\/wp-json\/wp\/v2\/product_cat?post=2932"},{"taxonomy":"product_tag","embeddable":true,"href":"https:\/\/jinzho.com\/de\/wp-json\/wp\/v2\/product_tag?post=2932"}],"curies":[{"name":"wp","href":"https:\/\/api.w.org\/{rel}","templated":true}]}}