{"id":1100,"date":"2025-05-12T03:36:18","date_gmt":"2025-05-12T03:36:18","guid":{"rendered":"https:\/\/jinzho.com\/?post_type=product&#038;p=1100"},"modified":"2025-05-25T07:16:11","modified_gmt":"2025-05-25T07:16:11","slug":"15w-solar-remote-control-stand-fan","status":"publish","type":"product","link":"https:\/\/jinzho.com\/de\/product\/15w-solar-remote-control-stand-fan\/","title":{"rendered":"15W Solar-Standventilator mit Fernbedienung"},"content":{"rendered":"<h3>\u3010\u00dcbersicht\u3011\u200b\u200b<\/h3>\n<p>Der 15W Solar-Fernbedienungs-Standventilator ist mit monokristallinen Photovoltaik-Modulen und hochdichten Lithiumbatterien ausgestattet. Er kann im Modus mit niedriger Windgeschwindigkeit 9 Stunden ununterbrochen laufen und im Turbo-Modus 7 Stunden lang eine starke Luftzufuhr f\u00fcr einen 12 m\u00b2 gro\u00dfen Raum aufrechterhalten. Das innovative vierstufige stufenlose Drehzahlregelungssystem integriert Infrarot-Fernbedienung + physische Tasten als Dual-Control, unterst\u00fctzt eine 15-Meter-Fernsteuerung und das PD-Schnellladeprotokoll und verf\u00fcgt \u00fcber ein 5V-Notlichtmodul (3000K Warmwei\u00df \/ 500 Lumen) sowie duale USB-Schnellladeanschl\u00fcsse, um den Anforderungen von Camping \/ Notfallvorsorge zu Hause \/ Stromausf\u00e4llen gerecht zu werden. Das Geh\u00e4use besteht aus einer 5,3 kg schweren Luftfahrt-Magnesium-Aluminium-Legierung + anodisiertem kratzfestem Finish. Zusammengeklappt nimmt es nur 1\/3 des Volumens eines A4-Blattes ein. Nach 100.000 \u00d6ffnungs- und Schlie\u00dftests auf Labor-Niveau k\u00f6nnen der ger\u00e4uscharme Turbinen-Luftkanal und das blendfreie Nachtlichtmodul weiterhin stabil arbeiten und unterst\u00fctzen einen verlustfreien Betrieb in extremen Umgebungen von -20 \u00b0C bis 50 \u00b0C.<\/p>\n<h3>\u200b\u200b\u3010Hauptmerkmale\u3011\u200b\u200b<\/h3>\n<h4>\u200b\u200b\u2776 Solarenergie + Langlebiger Akku\u200b\u200b<\/h4>\n<p>\u200b\u200b12W Polykristallines Panel (290\u00d7350 mm)\u200b\u200b: L\u00e4dt in \u200b\u200b4 h\u200b\u200b (auch bei schwachem Licht); 2A-Adapter als Backup.<br \/>\n\u200b\u200b10000 mAh Akku\u200b\u200b: Versorgt den Ventilator bis zu \u200b\u200b9 h\u200b\u200b (niedrige Stufe) oder l\u00e4dt Ger\u00e4te via USB.<\/p>\n<h4>\u200b\u200b\u2777 4-Gang-Pr\u00e4zisionsk\u00fchlung\u200b\u200b<\/h4>\n<p>\u200b\u200bTurbo-Modus (Stufe 4)\u200b\u200b: Starker Luftstrom f\u00fcr schnelle Abk\u00fchlung in mittelgro\u00dfen R\u00e4umen.<br \/>\n\u200b\u200bEco-Modi (Stufen 3\u20131)\u200b\u200b: Fl\u00fcsterleiser Betrieb f\u00fcr Schlaf, Arbeit oder Elektronikk\u00fchlung.<\/p>\n<h4>\u200b\u200b\u2778 Fern-\/Tastensteuerung &amp; Multifunktions-Hub\u200b\u200b<\/h4>\n<p>\u200b\u200bFern-\/Tasten-Dualbetrieb\u200b\u200b: Drehzahl einstellen, Licht schalten und Akkustatus \u00fcberwachen.<br \/>\n\u200b\u200b5V Gl\u00fchbirnen-Ausgang\u200b\u200b: Versorgt LED-Lampen oder Kleinger\u00e4te (z. B. Handy-Ladeger\u00e4te).<br \/>\n\u200b\u200bNachtlicht &amp; Ladeanzeige\u200b\u200b: Einstellbare Helligkeit und Echtzeit-Stromstatus.<\/p>\n<h4>\u200b\u200b\u2779 Kompaktes &amp; Langlebiges Design\u200b\u200b<\/h4>\n<p>\u200b\u200bZusammenklappbarer St\u00e4nder\u200b\u200b: Klappbares Design passt in Rucks\u00e4cke, Kofferr\u00e4ume oder unter Schreibtische.<br \/>\n\u200b\u200bMattwei\u00dfes Finish\u200b\u200b: Kratzfeste Beschichtung harmoniert mit modernen Innenr\u00e4umen.<\/p>\n<h3>\u200b\u200b\u3010Technische Daten\u3011\u200b\u200b<\/h3>\n<table>\n<thead>\n<tr>\n<th>\u200b<strong>\u200bKategorie\u200b<\/strong>\u200b<\/th>\n<th>\u200b<strong>\u200bSpezifikationen\u200b<\/strong>\u200b<\/th>\n<\/tr>\n<\/thead>\n<tbody>\n<tr>\n<td>Solarpanel-Stromversorgung<\/td>\n<td>12W (9V Polykristallin)<\/td>\n<\/tr>\n<tr>\n<td>Batterie<\/td>\n<td>18650 Lithium (10000mAh)<\/td>\n<\/tr>\n<tr>\n<td>Luftstrom<\/td>\n<td>3,5 m\u00b3\/min (Turbo-Geschwindigkeit)<\/td>\n<\/tr>\n<tr>\n<td>Ladezeit<\/td>\n<td>4 h (Solar\/Adapter)<\/td>\n<\/tr>\n<tr>\n<td>Laufzeit<\/td>\n<td>9 h (Niedrig) \/ 7 h (Turbo)<\/td>\n<\/tr>\n<tr>\n<td>L\u00fcfterabmessungen<\/td>\n<td>16\u2033 (40 cm) \u00d7 120 cm H<\/td>\n<\/tr>\n<tr>\n<td>Verpackungsabmessungen<\/td>\n<td>47\u00d720\u00d743 cm<\/td>\n<\/tr>\n<tr>\n<td>Nettogewicht<\/td>\n<td>5,3 kg<\/td>\n<\/tr>\n<\/tbody>\n<\/table>\n<h3>\u200b\u200b\u3010Intelligente Anwendungsf\u00e4lle\u3011\u200b\u200b<\/h3>\n<p>\u200b\u200bCamping\u200b\u200b: An Zelten montierbar; Fernbedienung regelt Luftstrom, w\u00e4hrend USB Ger\u00e4te l\u00e4dt.<br \/>\n\u200b\u200bStromausf\u00e4lle\u200b\u200b: Leiser Ventilator + 5V-Birne beleuchtet R\u00e4ume; USB versorgt medizinische Ger\u00e4te.<br \/>\n\u200b\u200bHeimb\u00fcro\u200b\u200b: Schreibtischk\u00fchlung w\u00e4hrend der Arbeit; Nachtlicht gew\u00e4hrleistet Sicherheit bei Nacht.<br \/>\n\u200b\u200bRoadtrips\u200b\u200b: Ventilator am Rucksack befestigen; Playlists auf USB-Sticks speichern.<\/p>\n<h3>\u200b\u200b\u3010Warum uns w\u00e4hlen?\u200b\u200b\u3011\u200b\u200b<\/h3>\n<p>\u200b\u200b\u201cKeine Fernbedienung?\u201d\u200b\u200b \u2192 10 m drahtlose Reichweite erm\u00f6glicht Einstellungen aus dem ganzen Raum.<br \/>\n\u200b\u200b\u201cKurze Akkulaufzeit?\u201d\u200b\u200b \u2192 10000 mAh h\u00e4lt 2x l\u00e4nger als bei Standard-5000 mAh-Ventilatoren.<br \/>\n\u200b\u200b\u201cKeine USB-Anschl\u00fcsse?\u201d\u200b\u200b \u2192 Integrierte Anschl\u00fcsse laden Handys und versorgen USB-Ger\u00e4te gleichzeitig.<\/p>","protected":false},"excerpt":{"rendered":"<p>Der 15W solarbetriebene Fernbedienungs-Standventilator ist ein intelligentes, energieeffizientes Ger\u00e4t, das f\u00fcr Hausg\u00e4rten, Balkone und den Au\u00dfenbereich konzipiert ist. Es vereint hocheffiziente Photovoltaik-Stromversorgung und drahtlose Fernsteuerungstechnologie, um einen Betrieb ohne Stromkosten und eine gro\u00dffl\u00e4chige Luftzufuhr zu erm\u00f6glichen, bei gleichzeitiger Ber\u00fccksichtigung von Langlebigkeit und Allwetterstabilit\u00e4t.<\/p>\n<p>Mindestbestellmenge: 500<br \/>\nLieferfrist: 15-25 Tage<br \/>\nStandort der Fabrik: Zhongshan, Guangdong, China<\/p>","protected":false},"featured_media":2246,"comment_status":"closed","ping_status":"closed","template":"","meta":[],"product_brand":[],"product_cat":[2765],"product_tag":[205,207,208,211,219],"class_list":{"0":"post-1100","1":"product","2":"type-product","3":"status-publish","4":"has-post-thumbnail","6":"product_cat-solar-fan","7":"product_tag-solar-power-fan","8":"product_tag-15w-solar-fan","9":"product_tag-solar-home-fan","10":"product_tag-fan-solar-powered","11":"product_tag-solar-stand-fan","13":"first","14":"instock","15":"shipping-taxable","16":"product-type-simple"},"_links":{"self":[{"href":"https:\/\/jinzho.com\/de\/wp-json\/wp\/v2\/product\/1100","targetHints":{"allow":["GET"]}}],"collection":[{"href":"https:\/\/jinzho.com\/de\/wp-json\/wp\/v2\/product"}],"about":[{"href":"https:\/\/jinzho.com\/de\/wp-json\/wp\/v2\/types\/product"}],"replies":[{"embeddable":true,"href":"https:\/\/jinzho.com\/de\/wp-json\/wp\/v2\/comments?post=1100"}],"wp:featuredmedia":[{"embeddable":true,"href":"https:\/\/jinzho.com\/de\/wp-json\/wp\/v2\/media\/2246"}],"wp:attachment":[{"href":"https:\/\/jinzho.com\/de\/wp-json\/wp\/v2\/media?parent=1100"}],"wp:term":[{"taxonomy":"product_brand","embeddable":true,"href":"https:\/\/jinzho.com\/de\/wp-json\/wp\/v2\/product_brand?post=1100"},{"taxonomy":"product_cat","embeddable":true,"href":"https:\/\/jinzho.com\/de\/wp-json\/wp\/v2\/product_cat?post=1100"},{"taxonomy":"product_tag","embeddable":true,"href":"https:\/\/jinzho.com\/de\/wp-json\/wp\/v2\/product_tag?post=1100"}],"curies":[{"name":"wp","href":"https:\/\/api.w.org\/{rel}","templated":true}]}}