{"id":1082,"date":"2025-05-12T03:35:59","date_gmt":"2025-05-12T03:35:59","guid":{"rendered":"https:\/\/jinzho.com\/?post_type=product&#038;p=1082"},"modified":"2025-06-19T03:59:43","modified_gmt":"2025-06-19T03:59:43","slug":"150w-200w-250w-350w-einteilige-druckguss-aluminium-solarstrasenleuchte","status":"publish","type":"product","link":"https:\/\/jinzho.com\/de\/product\/150w-200w-250w-350w-one-piece-die-cast-aluminum-solar-street-light\/","title":{"rendered":"150W 200W 250W 350W Solargartenleuchte aus einteiligem Druckgussaluminium"},"content":{"rendered":"<h3>Produktparameter:<\/h3>\n<table width=\"1076\">\n<tbody>\n<tr>\n<td width=\"141\">Stil<\/td>\n<td width=\"275\">Bild<\/td>\n<td width=\"660\">Parameter<\/td>\n<\/tr>\n<tr>\n<td width=\"141\">150 W<\/td>\n<td><img decoding=\"async\" class=\"wp-image-4559 aligncenter\" src=\"http:\/\/jinzho.com\/wp-content\/uploads\/2025\/05\/4-37-300x300.png\" alt=\"\" width=\"153\" height=\"153\" title=\"\" srcset=\"https:\/\/jinzho.com\/wp-content\/uploads\/2025\/05\/4-37-300x300.png 300w, https:\/\/jinzho.com\/wp-content\/uploads\/2025\/05\/4-37-150x150.png 150w, https:\/\/jinzho.com\/wp-content\/uploads\/2025\/05\/4-37-100x100.png 100w, https:\/\/jinzho.com\/wp-content\/uploads\/2025\/05\/4-37.png 600w\" sizes=\"(max-width: 153px) 100vw, 153px\" \/><\/td>\n<td width=\"660\">Anzahl der LEDs: 180<br \/>\n\u3010Beleuchtungsdauer\u3011: 20\u201336 Std.<br \/>\n\u3010LUMEN\u3011: 8000 lm<br \/>\n\u3010Akkukapazit\u00e4t\u3011: 40000 mAh<br \/>\n\u3010Leistung des Solarmoduls\u3011: 6 V \/ 60 W<br \/>\n\u3010Bestrahlungsfl\u00e4che\u3011: 150 m\u00b2<br \/>\n\u3010Geh\u00e4usegr\u00f6\u00dfe\u3011: 887 \u00d7 400 \u00d7 280 mm<\/td>\n<\/tr>\n<tr>\n<td width=\"141\">250 W<\/td>\n<td><img decoding=\"async\" class=\"wp-image-4560 aligncenter\" src=\"http:\/\/jinzho.com\/wp-content\/uploads\/2025\/05\/5-21-300x300.png\" alt=\"\" width=\"145\" height=\"145\" title=\"\" srcset=\"https:\/\/jinzho.com\/wp-content\/uploads\/2025\/05\/5-21-300x300.png 300w, https:\/\/jinzho.com\/wp-content\/uploads\/2025\/05\/5-21-150x150.png 150w, https:\/\/jinzho.com\/wp-content\/uploads\/2025\/05\/5-21-100x100.png 100w, https:\/\/jinzho.com\/wp-content\/uploads\/2025\/05\/5-21.png 600w\" sizes=\"(max-width: 145px) 100vw, 145px\" \/><\/td>\n<td width=\"660\">Anzahl der LEDs: 240<br \/>\n\u3010Beleuchtungsdauer\u3011: 20\u201336 Std.<br \/>\n\u3010LUMEN\u3011: 8500 lm<br \/>\n\u3010Akkukapazit\u00e4t\u3011: 50000 mAh<br \/>\n\u3010Leistung des Solarmoduls\u3011: 6 V \/ 80 W<br \/>\n\u3010Bestrahlungsfl\u00e4che\u3011: 200 m\u00b2<br \/>\n\u3010Geh\u00e4usegr\u00f6\u00dfe\u3011: 1160 \u00d7 400 \u00d7 280 mm<\/td>\n<\/tr>\n<tr>\n<td width=\"141\">350 W<\/td>\n<td><img decoding=\"async\" class=\"wp-image-4561 aligncenter\" src=\"http:\/\/jinzho.com\/wp-content\/uploads\/2025\/05\/6-8-300x300.png\" alt=\"\" width=\"161\" height=\"161\" title=\"\" srcset=\"https:\/\/jinzho.com\/wp-content\/uploads\/2025\/05\/6-8-300x300.png 300w, https:\/\/jinzho.com\/wp-content\/uploads\/2025\/05\/6-8-150x150.png 150w, https:\/\/jinzho.com\/wp-content\/uploads\/2025\/05\/6-8-100x100.png 100w, https:\/\/jinzho.com\/wp-content\/uploads\/2025\/05\/6-8.png 600w\" sizes=\"(max-width: 161px) 100vw, 161px\" \/><\/td>\n<td width=\"660\">Anzahl der LEDs: 300<br \/>\n\u3010Beleuchtungsdauer\u3011: 20\u201336 Std.<br \/>\n\u3010LUMEN\u3011: 9500 lm<br \/>\n\u3010Akkukapazit\u00e4t\u3011: 60000 mAh<br \/>\n\u3010Leistung des Solarmoduls\u3011: 6 V \/ 100 W<br \/>\n\u3010Bestrahlungsfl\u00e4che\u3011: 250 m\u00b2<br \/>\n\u3010Geh\u00e4usegr\u00f6\u00dfe\u3011: 1435 \u00d7 400 \u00d7 280 mm<\/td>\n<\/tr>\n<tr>\n<td width=\"141\">150 W<\/td>\n<td><img loading=\"lazy\" decoding=\"async\" class=\"wp-image-4567 aligncenter\" src=\"http:\/\/jinzho.com\/wp-content\/uploads\/2025\/05\/7-4-300x300.png\" alt=\"\" width=\"191\" height=\"191\" title=\"\" srcset=\"https:\/\/jinzho.com\/wp-content\/uploads\/2025\/05\/7-4-300x300.png 300w, https:\/\/jinzho.com\/wp-content\/uploads\/2025\/05\/7-4-150x150.png 150w, https:\/\/jinzho.com\/wp-content\/uploads\/2025\/05\/7-4-100x100.png 100w, https:\/\/jinzho.com\/wp-content\/uploads\/2025\/05\/7-4.png 600w\" sizes=\"(max-width: 191px) 100vw, 191px\" \/><\/td>\n<td width=\"660\">Steuerungsart: Lichtsteuerung + Zeitsteuerung + Fernbedienungsversion<br \/>\nSolarmodulgr\u00f6\u00dfe: 90,5 \u00d7 39,5 cm<br \/>\nSolarmodul: Polykristallines Silizium (5 V \/ 70 W)<br \/>\nLithium-Akku: 3,2 V \/ 55000 mAh<br \/>\nSMD-LED-Chips: 5054 hohe Helligkeit 230\/1 W, 150 St\u00fcck<br \/>\nMaterial: Rostgesch\u00fctztes Stanzblech aus technischem Kunststoff + PC + Druckgussteile<br \/>\nBeleuchtungsdauer: 12 Stunden Beleuchtung+<br \/>\nBeleuchtungsfl\u00e4che: 200 Quadratmeter<br \/>\nPackmenge: 1 Satz\/Karton<br \/>\nKartongr\u00f6\u00dfe: 111,5 \u00d7 44 \u00d7 14,5 cm<br \/>\nGeh\u00e4usegr\u00f6\u00dfe: 91 \u00d7 40 cm<\/td>\n<\/tr>\n<tr>\n<td width=\"141\">200 W<\/td>\n<td><img loading=\"lazy\" decoding=\"async\" class=\"wp-image-4562 aligncenter\" src=\"http:\/\/jinzho.com\/wp-content\/uploads\/2025\/05\/1-72-300x300.png\" alt=\"\" width=\"188\" height=\"188\" title=\"\" srcset=\"https:\/\/jinzho.com\/wp-content\/uploads\/2025\/05\/1-72-300x300.png 300w, https:\/\/jinzho.com\/wp-content\/uploads\/2025\/05\/1-72-150x150.png 150w, https:\/\/jinzho.com\/wp-content\/uploads\/2025\/05\/1-72-100x100.png 100w, https:\/\/jinzho.com\/wp-content\/uploads\/2025\/05\/1-72.png 600w\" sizes=\"(max-width: 188px) 100vw, 188px\" \/><\/td>\n<td width=\"660\">Steuerungsart: Lichtsteuerung + Zeitsteuerung + Fernbedienungsversion<br \/>\nSolarmodulgr\u00f6\u00dfe: 116,3 \u00d7 39,5 cm<br \/>\nSolarmodul: Polykristallines Silizium (5 V \/ 90 W)<br \/>\nLithium-Akku: 3,2 V \/ 65000 mAh<br \/>\nSMD-LED-Chips: 5054 hohe Helligkeit 230\/1 W, 200 St\u00fcck<br \/>\nMaterial: Rostgesch\u00fctztes Stanzblech aus technischem Kunststoff + PC + Druckgussteile<br \/>\nBeleuchtungsdauer: 12 Stunden Beleuchtung+<br \/>\nBeleuchtungsfl\u00e4che: 500 Quadratmeter<br \/>\nPackmenge: 1 Satz\/Karton<br \/>\nKartongr\u00f6\u00dfe: 137 \u00d7 44 \u00d7 14,5 cm<br \/>\nGeh\u00e4usegr\u00f6\u00dfe: 116,8 \u00d7 40 cm<\/td>\n<\/tr>\n<tr>\n<td width=\"141\">150 W<\/td>\n<td><img loading=\"lazy\" decoding=\"async\" class=\"wp-image-4563 aligncenter\" src=\"http:\/\/jinzho.com\/wp-content\/uploads\/2025\/05\/2-53-300x300.png\" alt=\"\" width=\"204\" height=\"204\" title=\"\" srcset=\"https:\/\/jinzho.com\/wp-content\/uploads\/2025\/05\/2-53-300x300.png 300w, https:\/\/jinzho.com\/wp-content\/uploads\/2025\/05\/2-53-150x150.png 150w, https:\/\/jinzho.com\/wp-content\/uploads\/2025\/05\/2-53-100x100.png 100w, https:\/\/jinzho.com\/wp-content\/uploads\/2025\/05\/2-53.png 600w\" sizes=\"(max-width: 204px) 100vw, 204px\" \/><\/td>\n<td width=\"660\">Steuerungsart: Lichtsteuerung + Zeitsteuerung + Fernbedienungsversion<br \/>\nSolarmodulgr\u00f6\u00dfe: 90,5 \u00d7 39,5 cm<br \/>\nSolarmodul: Polykristallines Silizium (5 V \/ 65 W)<br \/>\nLithium-Akku: 3,2 V \/ 50000 mAh<br \/>\nSMD-LED-Chips: 5054 hohe Helligkeit 230\/1 W, 150 St\u00fcck<br \/>\nMaterial: Rostgesch\u00fctztes Stanzblech aus technischem Kunststoff + PC + Druckgussteile<br \/>\nBeleuchtungsdauer: 12 Stunden Beleuchtung+<br \/>\nBeleuchtungsfl\u00e4che: 500 Quadratmeter<br \/>\nPackmenge: 1 Satz\/Karton<br \/>\nKartongr\u00f6\u00dfe: 111,5 \u00d7 44 \u00d7 14,5 cm<br \/>\nGeh\u00e4usegr\u00f6\u00dfe: 91 \u00d7 40 cm<\/td>\n<\/tr>\n<tr>\n<td width=\"141\">200 W<\/td>\n<td><img loading=\"lazy\" decoding=\"async\" class=\"wp-image-4566 aligncenter\" src=\"http:\/\/jinzho.com\/wp-content\/uploads\/2025\/05\/\u56fe\u724773-154x300.png\" alt=\"\" width=\"120\" height=\"234\" title=\"\" srcset=\"https:\/\/jinzho.com\/wp-content\/uploads\/2025\/05\/\u56fe\u724773-154x300.png 154w, https:\/\/jinzho.com\/wp-content\/uploads\/2025\/05\/\u56fe\u724773.png 233w\" sizes=\"(max-width: 120px) 100vw, 120px\" \/><\/td>\n<td width=\"660\">Steuerungsart: Lichtsteuerung + Zeitsteuerung + Fernbedienungsversion<br \/>\nSolarmodulgr\u00f6\u00dfe: 116,3 \u00d7 39,5 cm<br \/>\nSolarmodul: Polykristallines Silizium (5 V \/ 90 W)<br \/>\nLithium-Akku: 3,2 V \/ 60000 mAh<br \/>\nSMD-LED-Chips: 5054 hohe Helligkeit 230\/1 W, 213 St\u00fcck<br \/>\nMaterial: Rostgesch\u00fctztes Stanzblech aus technischem Kunststoff + PC + Druckgussteile<br \/>\nBeleuchtungsdauer: 12 Stunden Beleuchtung+<br \/>\nBeleuchtungsfl\u00e4che: 800 Quadratmeter<br \/>\nPackmenge: 1 Satz\/Karton<br \/>\nKartongr\u00f6\u00dfe: 137 \u00d7 44 \u00d7 14,5 cm<br \/>\nGeh\u00e4usegr\u00f6\u00dfe: 116,8 \u00d7 40 cm<\/td>\n<\/tr>\n<\/tbody>\n<\/table>","protected":false},"excerpt":{"rendered":"<p>Die einteilige Solarenergie-Stra\u00dfenleuchte aus Druckguss-Aluminium verf\u00fcgt \u00fcber ein integriertes Design aus LED, Lithium-Eisenphosphat-Akku und Solarmodul und vereint somit hohe Arbeitsleistung (Helligkeit, Lebensdauer, einfache Installation) mit Wirtschaftlichkeit. Sie eignet sich f\u00fcr ultra-langstreckige und ultra-hohe Helligkeitsanforderungen bei Stra\u00dfenbeleuchtungen von 50\u2013500 Metern. Diese hochleistungsf\u00e4hige intelligente Beleuchtungsl\u00f6sung ist f\u00fcr st\u00e4dtische Hauptverkehrsstra\u00dfen, Logistikparks, Autobahnnebenstrecken und gro\u00dfe \u00f6ffentliche Einrichtungen konzipiert und wird Ihre kluge Wahl sein.<\/p>\n<p>Mindestbestellmenge: 500<br \/>\nLieferfrist: 15-25 Tage<br \/>\nStandort der Fabrik: Zhongshan, Guangdong, China<\/p>","protected":false},"featured_media":4555,"comment_status":"closed","ping_status":"closed","template":"","meta":[],"product_brand":[],"product_cat":[2763],"product_tag":[177,178,191,202,203],"class_list":{"0":"post-1082","1":"product","2":"type-product","3":"status-publish","4":"has-post-thumbnail","6":"product_cat-solar-lamp","7":"product_tag-150w-solar-led-lights","8":"product_tag-200w-solar-led-lights","9":"product_tag-street-solar-led-lights","10":"product_tag-250w-solar-led-lights","11":"product_tag-350w-solar-led-lights","13":"first","14":"instock","15":"shipping-taxable","16":"product-type-simple"},"_links":{"self":[{"href":"https:\/\/jinzho.com\/de\/wp-json\/wp\/v2\/product\/1082","targetHints":{"allow":["GET"]}}],"collection":[{"href":"https:\/\/jinzho.com\/de\/wp-json\/wp\/v2\/product"}],"about":[{"href":"https:\/\/jinzho.com\/de\/wp-json\/wp\/v2\/types\/product"}],"replies":[{"embeddable":true,"href":"https:\/\/jinzho.com\/de\/wp-json\/wp\/v2\/comments?post=1082"}],"wp:featuredmedia":[{"embeddable":true,"href":"https:\/\/jinzho.com\/de\/wp-json\/wp\/v2\/media\/4555"}],"wp:attachment":[{"href":"https:\/\/jinzho.com\/de\/wp-json\/wp\/v2\/media?parent=1082"}],"wp:term":[{"taxonomy":"product_brand","embeddable":true,"href":"https:\/\/jinzho.com\/de\/wp-json\/wp\/v2\/product_brand?post=1082"},{"taxonomy":"product_cat","embeddable":true,"href":"https:\/\/jinzho.com\/de\/wp-json\/wp\/v2\/product_cat?post=1082"},{"taxonomy":"product_tag","embeddable":true,"href":"https:\/\/jinzho.com\/de\/wp-json\/wp\/v2\/product_tag?post=1082"}],"curies":[{"name":"wp","href":"https:\/\/api.w.org\/{rel}","templated":true}]}}