{"id":1080,"date":"2025-05-12T03:35:59","date_gmt":"2025-05-12T03:35:59","guid":{"rendered":"https:\/\/jinzho.com\/?post_type=product&#038;p=1080"},"modified":"2025-06-19T02:03:32","modified_gmt":"2025-06-19T02:03:32","slug":"100w-150w-200w-210-degree-beam-angle-solar-flood-light","status":"publish","type":"product","link":"https:\/\/jinzho.com\/de\/product\/100w-150w-200w-210-degree-beam-angle-solar-flood-light\/","title":{"rendered":"100W 150W 200W 210 Grad Abstrahlwinkel Solarflutlicht"},"content":{"rendered":"<h3>Features:<\/h3>\n<p><strong>Charging indicator:<\/strong> the battery power is clear at a glance.<\/p>\n<p><strong>Die-cast A UMiNUN shell:<\/strong> one-piece molding, fast heat dissipation.<\/p>\n<p><strong>Charging with light:<\/strong> no wiring required, easy to install and use, fast charging speed.<\/p>\n<p><strong>Fully automatic operation:<\/strong> built-in special light control system [from dusk to dawn], which can automatically turn on in the dark and automatically turn off in daytime or strong light conditions.<\/p>\n<h3>Product parameters\uff1a<\/h3>\n<table width=\"1405\">\n<tbody>\n<tr>\n<td width=\"141\">Style<\/td>\n<td width=\"272\">Picture<\/td>\n<td width=\"543\">Parameter<\/td>\n<td width=\"137\">weight<\/td>\n<td width=\"312\">Color box packing\uff08mm\uff09<\/td>\n<\/tr>\n<tr>\n<td width=\"141\">100W<\/td>\n<td rowspan=\"3\"><img decoding=\"async\" class=\"alignnone wp-image-4546\" src=\"http:\/\/jinzho.com\/wp-content\/uploads\/2025\/05\/4-35-300x228.png\" alt=\"\" width=\"190\" height=\"144\" title=\"\" srcset=\"https:\/\/jinzho.com\/wp-content\/uploads\/2025\/05\/4-35-300x228.png 300w, https:\/\/jinzho.com\/wp-content\/uploads\/2025\/05\/4-35-768x584.png 768w, https:\/\/jinzho.com\/wp-content\/uploads\/2025\/05\/4-35-600x456.png 600w, https:\/\/jinzho.com\/wp-content\/uploads\/2025\/05\/4-35.png 915w\" sizes=\"(max-width: 190px) 100vw, 190px\" \/><\/p>\n<p><img decoding=\"async\" class=\"alignnone wp-image-4545\" src=\"http:\/\/jinzho.com\/wp-content\/uploads\/2025\/05\/3-43-300x195.png\" alt=\"\" width=\"193\" height=\"125\" title=\"\" srcset=\"https:\/\/jinzho.com\/wp-content\/uploads\/2025\/05\/3-43-300x195.png 300w, https:\/\/jinzho.com\/wp-content\/uploads\/2025\/05\/3-43.png 600w\" sizes=\"(max-width: 193px) 100vw, 193px\" \/><\/p>\n<p><img decoding=\"async\" class=\"alignnone  wp-image-4547\" src=\"http:\/\/jinzho.com\/wp-content\/uploads\/2025\/05\/5-20-300x286.png\" alt=\"\" width=\"191\" height=\"182\" title=\"\" srcset=\"https:\/\/jinzho.com\/wp-content\/uploads\/2025\/05\/5-20-300x286.png 300w, https:\/\/jinzho.com\/wp-content\/uploads\/2025\/05\/5-20.png 388w\" sizes=\"(max-width: 191px) 100vw, 191px\" \/><\/td>\n<td width=\"543\">Number of LEDs\uff1a40<br \/>\nLamp cap size\uff1a195*125mm<br \/>\nPhotovoltaic panel size\uff1a190*115mm<br \/>\nSolar Panels:6V\/4W<br \/>\nBatteries\uff1a30000mAh<\/td>\n<td>1.06KG<\/td>\n<td width=\"312\">530*495*295<br \/>\n20 PCS\/box<\/td>\n<\/tr>\n<tr>\n<td width=\"141\">150W<\/td>\n<td width=\"543\">Number of LEDs\uff1a70<br \/>\nLamp cap size\uff1a265*155<br \/>\nPhotovoltaic panel size\uff1a290*350mm<br \/>\nSolar Panels:6V\/6W<br \/>\nBatteries\uff1a40000mAh<\/td>\n<td>1.42KG<\/td>\n<td width=\"312\">530*290*330<br \/>\n10 PCS\/box<\/td>\n<\/tr>\n<tr>\n<td width=\"141\">200W<\/td>\n<td width=\"543\">Number of LEDs\uff1a240<br \/>\nLamp cap size\uff1a330*185mm<br \/>\nPhotovoltaic panel size\uff1a350*350mm<br \/>\nSolar Panels:6V\/8W<br \/>\nBatteries\uff1a50000mAh<\/td>\n<td>1.68KG<\/td>\n<td width=\"312\">530*330*370<br \/>\n10 PCS\/box<\/td>\n<\/tr>\n<\/tbody>\n<\/table>\n","protected":false},"excerpt":{"rendered":"<p>Das 100W 150W 200W 210\u00b0 Abstrahlwinkel Solar-Flutlicht verwendet polykristalline Solarzellen und ein gro\u00dffl\u00e4chiges Solarmodul-Design mit einem Lade-Wirkungsgrad von bis zu 17%. Es ist au\u00dferdem mit einem 16,4 Meter langen, f\u00fcr den Au\u00dfenbereich geeigneten, hitzebest\u00e4ndigen und speziellen wasserdichten Verl\u00e4ngerungskabel ausgestattet. Die L\u00e4nge des Verbindungskabels zwischen Leuchtenk\u00f6rper und Solarmodul kann 16,4 Fu\u00df (ca. 5 Meter) erreichen und bei Bedarf verl\u00e4ngert werden.<\/p>\n<p>Mindestbestellmenge: 500<br \/>\nLieferfrist: 15-25 Tage<br \/>\nStandort der Fabrik: Zhongshan, Guangdong, China<\/p>","protected":false},"featured_media":4534,"comment_status":"closed","ping_status":"closed","template":"","meta":[],"product_brand":[],"product_cat":[2763],"product_tag":[168,169,176,177,178],"class_list":{"0":"post-1080","1":"product","2":"type-product","3":"status-publish","4":"has-post-thumbnail","6":"product_cat-solar-lamp","7":"product_tag-solar-led-lights","8":"product_tag-led-solar-powered-lighting","9":"product_tag-100w-solar-led-lights","10":"product_tag-150w-solar-led-lights","11":"product_tag-200w-solar-led-lights","13":"first","14":"instock","15":"shipping-taxable","16":"product-type-simple"},"_links":{"self":[{"href":"https:\/\/jinzho.com\/de\/wp-json\/wp\/v2\/product\/1080","targetHints":{"allow":["GET"]}}],"collection":[{"href":"https:\/\/jinzho.com\/de\/wp-json\/wp\/v2\/product"}],"about":[{"href":"https:\/\/jinzho.com\/de\/wp-json\/wp\/v2\/types\/product"}],"replies":[{"embeddable":true,"href":"https:\/\/jinzho.com\/de\/wp-json\/wp\/v2\/comments?post=1080"}],"wp:featuredmedia":[{"embeddable":true,"href":"https:\/\/jinzho.com\/de\/wp-json\/wp\/v2\/media\/4534"}],"wp:attachment":[{"href":"https:\/\/jinzho.com\/de\/wp-json\/wp\/v2\/media?parent=1080"}],"wp:term":[{"taxonomy":"product_brand","embeddable":true,"href":"https:\/\/jinzho.com\/de\/wp-json\/wp\/v2\/product_brand?post=1080"},{"taxonomy":"product_cat","embeddable":true,"href":"https:\/\/jinzho.com\/de\/wp-json\/wp\/v2\/product_cat?post=1080"},{"taxonomy":"product_tag","embeddable":true,"href":"https:\/\/jinzho.com\/de\/wp-json\/wp\/v2\/product_tag?post=1080"}],"curies":[{"name":"wp","href":"https:\/\/api.w.org\/{rel}","templated":true}]}}