{"id":1062,"date":"2025-05-12T03:35:57","date_gmt":"2025-05-12T03:35:57","guid":{"rendered":"https:\/\/jinzho.com\/?post_type=product&#038;p=1062"},"modified":"2025-06-14T04:21:41","modified_gmt":"2025-06-14T04:21:41","slug":"solar-led-leuchten-mit-fernbedienung","status":"publish","type":"product","link":"https:\/\/jinzho.com\/de\/product\/remote-control-solar-led-lights\/","title":{"rendered":"Solar-LED-Leuchten mit Fernbedienung"},"content":{"rendered":"<h3><strong>Eigenschaften<\/strong><\/h3>\n<p>Diese 100W, 150W, 200W, 300W LED-Solarstra\u00dfenleuchte (geeignet f\u00fcr Stra\u00dfen, Parkpl\u00e4tze und Hofbeleuchtung) ist ein energieeffizientes, hochleistungsf\u00e4higes, netzunabh\u00e4ngiges fortschrittliches Solarbeleuchtungsprodukt, das f\u00fcr Au\u00dfenszenarien konzipiert ist.<\/p>\n<p>\u2014\u2013Es verwendet ein geteiltes Solarmodul mit h\u00f6herer Energieumwandlungseffizienz, das die Batterieladezeit selbst an regnerischen Tagen effektiv verk\u00fcrzen kann; mit einem verstellbaren Lampenkopfdesign kann es die Tageslichtressourcen maximal nutzen.<\/p>\n<p>\u2014\u2013Das Produkt unterst\u00fctzt vollautomatischen Betrieb, mit einem eingebauten speziellen Lichtsteuerungssystem, das je nach Umgebungslicht automatisch starten und stoppen kann \u2013 automatisches Einschalten der Beleuchtung in dunklen Umgebungen und automatisches Ausschalten bei Tageslicht oder starken Lichtverh\u00e4ltnissen.<\/p>\n<p>\u2014\u2013Die passende Fernbedienung ist mit einem Ein-\/Ausschaltknopf ausgestattet, unterst\u00fctzt Fernbedienung und hat einen flexiblen Helligkeitsregelbereich: die minimale Einstellung kann 30% der Beleuchtungswirkung des Energiesparmodus betragen, und die maximale Helligkeit kann 60%-100% erreichen.<\/p>\n<p>\u2014\u2013Das Geh\u00e4use besteht aus langlebigem Aluminiumdruckguss und geh\u00e4rtetem Glas, mit wasserdichter und hitzebest\u00e4ndiger Konstruktion, Schutzart bis zu IP65, und kann mit komplexen Au\u00dfenumgebungen wie Wind und Regen umgehen.<\/p>\n<p>\u2014\u2013Das Produkt ist einfach zu installieren, einzurichten und zu bedienen und wird mit einer universellen Wandhalterung geliefert, um Wandmontageanforderungen zu erf\u00fcllen.<\/p>\n<p>\u2014\u2013Dar\u00fcber hinaus ben\u00f6tigt die Stra\u00dfenleuchte keine zus\u00e4tzliche Wartung oder Stromrechnungen, und ihr benutzerfreundliches Design erspart die M\u00fche der Verkabelung und kann ohne professionelle Installation in Betrieb genommen werden.<\/p>\n<table style=\"border-collapse: collapse; width: 673.22pt;\" border=\"0\" width=\"1122\" cellspacing=\"0\" cellpadding=\"0\">\n<tbody>\n<tr style=\"height: 67.00pt;\">\n<td class=\"et2\" style=\"height: 67.00pt; width: 48.00pt;\" width=\"80\" height=\"111\">Stil<\/td>\n<td class=\"et3\" style=\"width: 173.40pt;\" width=\"289\">Bild<\/td>\n<td class=\"et3\" style=\"width: 165.60pt;\" width=\"276\">Parameter<\/td>\n<td class=\"et3\" style=\"width: 286.20pt;\" width=\"477\">Farbe der Kartonverpackung (mm)<\/td>\n<\/tr>\n<tr style=\"height: 31.20pt;\">\n<td class=\"et4\" style=\"height: 31.20pt; width: 48.00pt;\" width=\"80\" height=\"52\">100 W<\/td>\n<td class=\"et5\" rowspan=\"4\"><img decoding=\"async\" class=\"wp-image-4187 aligncenter\" src=\"http:\/\/jinzho.com\/wp-content\/uploads\/2025\/05\/2-197-300x215.jpg\" alt=\"\" width=\"205\" height=\"147\" title=\"\" srcset=\"https:\/\/jinzho.com\/wp-content\/uploads\/2025\/05\/2-197-300x215.jpg 300w, https:\/\/jinzho.com\/wp-content\/uploads\/2025\/05\/2-197.jpg 306w\" sizes=\"(max-width: 205px) 100vw, 205px\" \/><\/td>\n<td class=\"et6\" style=\"width: 165.60pt;\" width=\"276\">(Solarmodule: 5 V, 20 W)<br \/>\n(Batterien: 8000 mAh)<\/td>\n<td class=\"et7\" style=\"width: 286.20pt;\" width=\"477\">\u00e4u\u00dfere Verpackung: 540 * 235 * 520 mm<\/td>\n<\/tr>\n<tr style=\"height: 31.20pt;\">\n<td class=\"et4\" style=\"height: 31.20pt; width: 48.00pt;\" width=\"80\" height=\"52\">150 W<\/td>\n<td class=\"et6\" style=\"width: 165.60pt;\" width=\"276\">(Solarmodule: 5 V, 30 W)<br \/>\n(Batterien: 12000 mAh)<\/td>\n<td class=\"et7\" style=\"width: 286.20pt;\" width=\"477\">\u00e4u\u00dfere Verpackung: 540 * 235 * 520 mm<\/td>\n<\/tr>\n<tr style=\"height: 31.20pt;\">\n<td class=\"et4\" style=\"height: 31.20pt; width: 48.00pt;\" width=\"80\" height=\"52\">200 W<\/td>\n<td class=\"et6\" style=\"width: 165.60pt;\" width=\"276\">(Solarmodule: 5 V, 40 W)<br \/>\n(Batterien: 15000 mAh)<\/td>\n<td class=\"et7\" style=\"width: 286.20pt;\" width=\"477\">\u00e4u\u00dfere Verpackung: 540 * 235 * 520 mm<\/td>\n<\/tr>\n<tr style=\"height: 31.20pt;\">\n<td class=\"et4\" style=\"height: 31.20pt; width: 48.00pt;\" width=\"80\" height=\"52\">300 W<\/td>\n<td class=\"et6\" style=\"width: 165.60pt;\" width=\"276\">(Solarmodule: 5 V, 45 W)<br \/>\n(Batterien: 20000 mAh)<\/td>\n<td class=\"et7\" style=\"width: 286.20pt;\" width=\"477\">\u00e4u\u00dfere Verpackung: 540 * 235 * 520 mm<\/td>\n<\/tr>\n<\/tbody>\n<\/table>\n<h3>FAQ<\/h3>\n<p>1. Verkaufen Sie direkt ab Werk?<br \/>\nJa, wir haben eine unabh\u00e4ngige Produktionsst\u00e4tte, und alle Produkte werden direkt aus unserem eigenen Werk geliefert, um Qualit\u00e4tskontrolle zu gew\u00e4hrleisten und marktkonkurrenzf\u00e4hige Ab-Werk-Preise anzubieten. Wir kontrollieren unabh\u00e4ngig den gesamten Prozess von der Forschung und Entwicklung bis zur Produktion der Produkte und unterst\u00fctzen kundenspezifische Anforderungen.<\/p>\n<p>2. Haben Sie Gro\u00dfhandelssonderpreise und -dienstleistungen?<br \/>\nWir bieten spezielle Vorzugskonditionen f\u00fcr Gro\u00dfhandelskunden, einschlie\u00dflich gestaffelter Preisgestaltung, OEM\/ODM-Dienstleistungen und exklusiver Logistikunterst\u00fctzung. Mengenk\u00e4ufe k\u00f6nnen niedrigere St\u00fcckpreise genie\u00dfen, und Produktspezifikationen und Verpackungsdesigns k\u00f6nnen nach Kundenwunsch angepasst werden.<\/p>\n<p>3. Welche Zahlungsmethoden kann ich verwenden? Ist meine Zahlung sicher?<br \/>\nUnterst\u00fctzt verschiedene internationale Zahlungsmethoden wie Visa, MasterCard, PayPal, Bank\u00fcberweisung und Western Union. Alle Transaktionen werden \u00fcber verschl\u00fcsselte Kan\u00e4le abgewickelt, entsprechen den PCI-DSS-Sicherheitsstandards und gew\u00e4hrleisten die Sicherheit des Kapitalflusses.<\/p>\n<p>4. Wie lange dauert es, bis meine Bestellung versandt wird? Wie lange wird es dauern, bis ich die Ware erhalte?<br \/>\nNachdem die Bestellung vereinbart und die Zahlung geleistet wurde, wird die Ware in der Regel innerhalb von 7-15 Arbeitstagen vorbereitet und versandt. Die Lieferung nach Festlandchina \u00fcber grenz\u00fcberschreitende Logistik dauert normalerweise 15-30 Tage und kann in abgelegenen Gebieten auf bis zu 45 Tage verl\u00e4ngert werden. Die genaue Zeit kann \u00fcber die Logistik-Bestellnummer in Echtzeit \u00fcberpr\u00fcft werden.<\/p>\n<p>5. Wie sieht es mit der Garantie aus?<br \/>\nWir bieten eine 1-j\u00e4hrige Garantie. Alle Produkte werden vor dem Versand 72 Stunden lang streng getestet und auf IP65 Wasserdichtigkeit von unseren erfahrenen Qualit\u00e4tspr\u00fcfern gepr\u00fcft.<br \/>\n6. Wie sieht es mit dem Kundendienst aus?<br \/>\nKundenzufriedenheit hat f\u00fcr uns immer oberste Priorit\u00e4t. Wenn Sie Fragen oder Probleme zu unseren Produkten oder Richtlinien haben, kontaktieren Sie uns bitte.<\/p>","protected":false},"excerpt":{"rendered":"<p>Solar-Fernbedienungs-LED-Leuchten nutzen Photovoltaik-Stromversorgung und drahtlose Fernbedienungstechnologie, um den energieeffizienten Beleuchtungsbedarf von Au\u00dfenszenarien wie H\u00f6fen und G\u00e4rten zu erf\u00fcllen. Adaptive Lichtsensor-Technologie erm\u00f6glicht Null-Energieverbrauch-Betrieb, und die vollst\u00e4ndig versiegelte wasserdichte Struktur widersteht extremen Wetterbedingungen.<\/p>\n<p>Mindestbestellmenge: 500<br \/>\nLieferfrist: 15-25 Tage<br \/>\nStandort der Fabrik: Zhongshan, Guangdong, China<\/p>","protected":false},"featured_media":4183,"comment_status":"closed","ping_status":"closed","template":"","meta":[],"product_brand":[],"product_cat":[2763],"product_tag":[168,173,174,182,193],"class_list":{"0":"post-1062","1":"product","2":"type-product","3":"status-publish","4":"has-post-thumbnail","6":"product_cat-solar-lamp","7":"product_tag-solar-led-lights","8":"product_tag-solar-led-strip-lights","9":"product_tag-solar-led-strip-lights-waterproof","10":"product_tag-led-light-strips-solar","11":"product_tag-solar-pool-lights","13":"first","14":"instock","15":"shipping-taxable","16":"product-type-simple"},"_links":{"self":[{"href":"https:\/\/jinzho.com\/de\/wp-json\/wp\/v2\/product\/1062","targetHints":{"allow":["GET"]}}],"collection":[{"href":"https:\/\/jinzho.com\/de\/wp-json\/wp\/v2\/product"}],"about":[{"href":"https:\/\/jinzho.com\/de\/wp-json\/wp\/v2\/types\/product"}],"replies":[{"embeddable":true,"href":"https:\/\/jinzho.com\/de\/wp-json\/wp\/v2\/comments?post=1062"}],"wp:featuredmedia":[{"embeddable":true,"href":"https:\/\/jinzho.com\/de\/wp-json\/wp\/v2\/media\/4183"}],"wp:attachment":[{"href":"https:\/\/jinzho.com\/de\/wp-json\/wp\/v2\/media?parent=1062"}],"wp:term":[{"taxonomy":"product_brand","embeddable":true,"href":"https:\/\/jinzho.com\/de\/wp-json\/wp\/v2\/product_brand?post=1062"},{"taxonomy":"product_cat","embeddable":true,"href":"https:\/\/jinzho.com\/de\/wp-json\/wp\/v2\/product_cat?post=1062"},{"taxonomy":"product_tag","embeddable":true,"href":"https:\/\/jinzho.com\/de\/wp-json\/wp\/v2\/product_tag?post=1062"}],"curies":[{"name":"wp","href":"https:\/\/api.w.org\/{rel}","templated":true}]}}