{"id":1055,"date":"2025-05-12T03:35:57","date_gmt":"2025-05-12T03:35:57","guid":{"rendered":"https:\/\/jinzho.com\/?post_type=product&#038;p=1055"},"modified":"2025-06-12T08:23:25","modified_gmt":"2025-06-12T08:23:25","slug":"portable-emergency-rechargeable-solar-led-light","status":"publish","type":"product","link":"https:\/\/jinzho.com\/de\/product\/portable-emergency-rechargeable-solar-led-light\/","title":{"rendered":"Tragbares, wiederaufladbares Solar-LED-Notlicht"},"content":{"rendered":"<h3><strong>Produktmerkmale<\/strong><\/h3>\n<table width=\"1161\">\n<tbody>\n<tr>\n<td width=\"251\">Bild<\/td>\n<td width=\"498\">Parameter<\/td>\n<td width=\"412\">Farbe der Kartonverpackung (mm)<\/td>\n<\/tr>\n<tr>\n<td rowspan=\"3\"><img fetchpriority=\"high\" decoding=\"async\" class=\"alignnone size-medium wp-image-4018\" src=\"http:\/\/jinzho.com\/wp-content\/uploads\/2025\/05\/1-50-300x300.png\" alt=\"\" width=\"300\" height=\"300\" title=\"\" srcset=\"https:\/\/jinzho.com\/wp-content\/uploads\/2025\/05\/1-50-300x300.png 300w, https:\/\/jinzho.com\/wp-content\/uploads\/2025\/05\/1-50-150x150.png 150w, https:\/\/jinzho.com\/wp-content\/uploads\/2025\/05\/1-50-100x100.png 100w, https:\/\/jinzho.com\/wp-content\/uploads\/2025\/05\/1-50.png 600w\" sizes=\"(max-width: 300px) 100vw, 300px\" \/><\/td>\n<td width=\"498\">Leuchtk\u00f6rpergr\u00f6\u00dfe: 110 * 48 * 108mm<br \/>\nSteuerungsart: Tasten<br \/>\nBatteriekapazit\u00e4t: 2400mAh<\/td>\n<td style=\"text-align: left;\" rowspan=\"3\" width=\"412\">Leuchtk\u00f6rper: 52*35,6*26cm<br \/>\n(60 St\u00fcck)<\/td>\n<\/tr>\n<tr>\n<td width=\"498\">Leuchtk\u00f6rpergr\u00f6\u00dfe: 110 * 48 * 108mm<br \/>\nSteuerungsart: Tasten<br \/>\nBatteriekapazit\u00e4t: 3000mAh<\/td>\n<\/tr>\n<tr>\n<td width=\"498\">Leuchtk\u00f6rpergr\u00f6\u00dfe: 110 * 48 * 108mm<br \/>\nSteuerungsart: Tasten<br \/>\nBatteriekapazit\u00e4t: 3600mAh<\/td>\n<\/tr>\n<\/tbody>\n<\/table>","protected":false},"excerpt":{"rendered":"<p>Das tragbare Notfall-Solar-LED-Licht ist speziell f\u00fcr den Einsatz in Outdoor-Notfallszenarien konzipiert. Es verf\u00fcgt \u00fcber eine faltbare Struktur und ein Dual-Lichtquellen-System (Dauerlicht\/Blinklicht). Es ist mit einem eigenentwickelten photovoltaischen Lademodul und einem intelligenten Strommanagement-Chip ausgestattet. Es unterst\u00fctzt sowohl manuelle Kurbel-Stromerzeugung als auch USB-Schnellladung. Es eignet sich f\u00fcr Camping, Katastrophenhilfe und andere netzunabh\u00e4ngige Umgebungen.<\/p>\n<p>Mindestbestellmenge: 500<br \/>\nLieferfrist: 15-25 Tage<br \/>\nStandort der Fabrik: Zhongshan, Guangdong, China<\/p>","protected":false},"featured_media":2128,"comment_status":"closed","ping_status":"closed","template":"","meta":[],"product_brand":[],"product_cat":[2763],"product_tag":[168,173,174,184,185],"class_list":{"0":"post-1055","1":"product","2":"type-product","3":"status-publish","4":"has-post-thumbnail","6":"product_cat-solar-lamp","7":"product_tag-solar-led-lights","8":"product_tag-solar-led-strip-lights","9":"product_tag-solar-led-strip-lights-waterproof","10":"product_tag-solar-panel-and-light","11":"product_tag-portable-solar-lights","13":"first","14":"instock","15":"shipping-taxable","16":"product-type-simple"},"_links":{"self":[{"href":"https:\/\/jinzho.com\/de\/wp-json\/wp\/v2\/product\/1055","targetHints":{"allow":["GET"]}}],"collection":[{"href":"https:\/\/jinzho.com\/de\/wp-json\/wp\/v2\/product"}],"about":[{"href":"https:\/\/jinzho.com\/de\/wp-json\/wp\/v2\/types\/product"}],"replies":[{"embeddable":true,"href":"https:\/\/jinzho.com\/de\/wp-json\/wp\/v2\/comments?post=1055"}],"wp:featuredmedia":[{"embeddable":true,"href":"https:\/\/jinzho.com\/de\/wp-json\/wp\/v2\/media\/2128"}],"wp:attachment":[{"href":"https:\/\/jinzho.com\/de\/wp-json\/wp\/v2\/media?parent=1055"}],"wp:term":[{"taxonomy":"product_brand","embeddable":true,"href":"https:\/\/jinzho.com\/de\/wp-json\/wp\/v2\/product_brand?post=1055"},{"taxonomy":"product_cat","embeddable":true,"href":"https:\/\/jinzho.com\/de\/wp-json\/wp\/v2\/product_cat?post=1055"},{"taxonomy":"product_tag","embeddable":true,"href":"https:\/\/jinzho.com\/de\/wp-json\/wp\/v2\/product_tag?post=1055"}],"curies":[{"name":"wp","href":"https:\/\/api.w.org\/{rel}","templated":true}]}}