{"id":1054,"date":"2025-05-12T03:35:40","date_gmt":"2025-05-12T03:35:40","guid":{"rendered":"https:\/\/jinzho.com\/?post_type=product&#038;p=1054"},"modified":"2025-06-12T08:08:26","modified_gmt":"2025-06-12T08:08:26","slug":"solar-led-lichtleiste","status":"publish","type":"product","link":"https:\/\/jinzho.com\/de\/product\/solar-led-light-strip\/","title":{"rendered":"Solar-LED-Lichtleiste"},"content":{"rendered":"<h3 style=\"text-align: center;\">Solar LED-Lichtband mit hoher Helligkeit und Wasserschutz<\/h3>\n<h3 style=\"text-align: center;\">Schaltet nachts automatisch ein, keine Verkabelung im Au\u00dfenbereich erforderlich.<\/h3>\n<p><img decoding=\"async\" class=\"alignnone size-full wp-image-4011\" src=\"http:\/\/jinzho.com\/wp-content\/uploads\/2025\/05\/10.png\" alt=\"\" width=\"200\" height=\"200\" title=\"\" srcset=\"https:\/\/jinzho.com\/wp-content\/uploads\/2025\/05\/10.png 200w, https:\/\/jinzho.com\/wp-content\/uploads\/2025\/05\/10-150x150.png 150w, https:\/\/jinzho.com\/wp-content\/uploads\/2025\/05\/10-100x100.png 100w\" sizes=\"(max-width: 200px) 100vw, 200px\" \/>\u00a0 \u00a0 \u00a0 \u00a0 \u00a0 \u00a0 \u00a0 \u00a0 \u00a0 \u00a0 \u00a0 \u00a0 \u00a0 \u00a0 \u00a0 \u00a0 \u00a0 \u00a0 \u00a0 \u00a0 <img decoding=\"async\" class=\"alignnone wp-image-4012\" src=\"http:\/\/jinzho.com\/wp-content\/uploads\/2025\/05\/11.png\" alt=\"\" width=\"158\" height=\"158\" title=\"\" srcset=\"https:\/\/jinzho.com\/wp-content\/uploads\/2025\/05\/11.png 200w, https:\/\/jinzho.com\/wp-content\/uploads\/2025\/05\/11-150x150.png 150w, https:\/\/jinzho.com\/wp-content\/uploads\/2025\/05\/11-100x100.png 100w\" sizes=\"(max-width: 158px) 100vw, 158px\" \/>\u00a0 \u00a0 \u00a0 \u00a0 \u00a0 \u00a0 \u00a0 \u00a0 \u00a0 \u00a0 \u00a0 \u00a0 \u00a0 \u00a0 \u00a0 \u00a0 \u00a0 \u00a0 \u00a0 \u00a0 \u00a0 \u00a0 \u00a0 \u00a0 \u00a0 \u00a0<img decoding=\"async\" class=\"alignnone wp-image-4013\" src=\"http:\/\/jinzho.com\/wp-content\/uploads\/2025\/05\/12.png\" alt=\"\" width=\"151\" height=\"151\" title=\"\" srcset=\"https:\/\/jinzho.com\/wp-content\/uploads\/2025\/05\/12.png 200w, https:\/\/jinzho.com\/wp-content\/uploads\/2025\/05\/12-150x150.png 150w, https:\/\/jinzho.com\/wp-content\/uploads\/2025\/05\/12-100x100.png 100w\" sizes=\"(max-width: 151px) 100vw, 151px\" \/><\/p>\n<h3>\u00a0 IP67 wasserdicht \u00a0 \u00a0 \u00a0 \u00a0 \u00a0 \u00a0 \u00a0 \u00a0 \u00a0 \u00a0 \u00a0 \u00a0 \u00a0 0 Stromkosten ganzj\u00e4hrig \u00a0 \u00a0 \u00a0 \u00a0 \u00a0 \u00a0 \u00a0 \u00a0 \u00a0 \u00a0 \u00a0 \u00a0 Intelligente Lichtsteuerung<\/h3>\n<p>&nbsp;<\/p>\n<p><img loading=\"lazy\" decoding=\"async\" class=\"alignnone wp-image-4014\" src=\"http:\/\/jinzho.com\/wp-content\/uploads\/2025\/05\/13.png\" alt=\"\" width=\"154\" height=\"154\" title=\"\" srcset=\"https:\/\/jinzho.com\/wp-content\/uploads\/2025\/05\/13.png 200w, https:\/\/jinzho.com\/wp-content\/uploads\/2025\/05\/13-150x150.png 150w, https:\/\/jinzho.com\/wp-content\/uploads\/2025\/05\/13-100x100.png 100w\" sizes=\"(max-width: 154px) 100vw, 154px\" \/>\u00a0 \u00a0 \u00a0 \u00a0 \u00a0 \u00a0 \u00a0 \u00a0 \u00a0 \u00a0 \u00a0 \u00a0 \u00a0 \u00a0 \u00a0 \u00a0 \u00a0 \u00a0 \u00a0 \u00a0 \u00a0 \u00a0 \u00a0 \u00a0 \u00a0 \u00a0<img loading=\"lazy\" decoding=\"async\" class=\"alignnone wp-image-4015\" src=\"http:\/\/jinzho.com\/wp-content\/uploads\/2025\/05\/14.png\" alt=\"\" width=\"159\" height=\"159\" title=\"\" srcset=\"https:\/\/jinzho.com\/wp-content\/uploads\/2025\/05\/14.png 200w, https:\/\/jinzho.com\/wp-content\/uploads\/2025\/05\/14-150x150.png 150w, https:\/\/jinzho.com\/wp-content\/uploads\/2025\/05\/14-100x100.png 100w\" sizes=\"(max-width: 159px) 100vw, 159px\" \/>\u00a0 \u00a0 \u00a0 \u00a0 \u00a0 \u00a0 \u00a0\u00a0 \u00a0 \u00a0 \u00a0 \u00a0 \u00a0 \u00a0 \u00a0 \u00a0 \u00a0 \u00a0 \u00a0 \u00a0 \u00a0 \u00a0 \u00a0 \u00a0 \u00a0 \u00a0 <img loading=\"lazy\" decoding=\"async\" class=\"alignnone wp-image-4016\" src=\"http:\/\/jinzho.com\/wp-content\/uploads\/2025\/05\/33.png\" alt=\"\" width=\"159\" height=\"159\" title=\"\" srcset=\"https:\/\/jinzho.com\/wp-content\/uploads\/2025\/05\/33.png 200w, https:\/\/jinzho.com\/wp-content\/uploads\/2025\/05\/33-150x150.png 150w, https:\/\/jinzho.com\/wp-content\/uploads\/2025\/05\/33-100x100.png 100w\" sizes=\"(max-width: 159px) 100vw, 159px\" \/><\/p>\n<h3>\u00a0 \u00a0 DIY-Formgebung \u00a0 \u00a0 \u00a0 \u00a0 \u00a0 \u00a0 \u00a0 \u00a0 \u00a0 \u00a0 \u00a0 \u00a0 \u00a0 Intelligente Lichtsteuerung \u00a0 \u00a0 \u00a0 \u00a0 \u00a0 \u00a0 \u00a0 \u00a0 \u00a0 \u00a0 \u00a0 \u00a0 \u00a0 \u00a0 \u00a0 \u00a0 \u00a0 \u00a0 \u00a0 Frei schneidbar<\/h3>\n<p>&nbsp;<\/p>\n<h2><strong>Produktmerkmale<\/strong><\/h2>\n<table width=\"1241\">\n<tbody>\n<tr>\n<td width=\"80\">Stil<\/td>\n<td width=\"251\">Bild<\/td>\n<td width=\"498\">Parameter<\/td>\n<td width=\"412\">Farbe der Kartonverpackung (mm)<\/td>\n<\/tr>\n<tr>\n<td width=\"80\">5M<\/td>\n<td><img loading=\"lazy\" decoding=\"async\" class=\"wp-image-4008\" src=\"http:\/\/jinzho.com\/wp-content\/uploads\/2025\/05\/4-183-300x300.jpg\" alt=\"LED-Solarstra\u00dfenlaterne\" width=\"204\" height=\"204\" title=\"\" srcset=\"https:\/\/jinzho.com\/wp-content\/uploads\/2025\/05\/4-183-300x300.jpg 300w, https:\/\/jinzho.com\/wp-content\/uploads\/2025\/05\/4-183-150x150.jpg 150w, https:\/\/jinzho.com\/wp-content\/uploads\/2025\/05\/4-183-600x600.jpg 600w, https:\/\/jinzho.com\/wp-content\/uploads\/2025\/05\/4-183-100x100.jpg 100w, https:\/\/jinzho.com\/wp-content\/uploads\/2025\/05\/4-183.jpg 605w\" sizes=\"(max-width: 204px) 100vw, 204px\" \/><\/p>\n<div class=\"mceTemp\"><\/div>\n<\/td>\n<td width=\"498\">Spezifikation: 3-Meter-Lichtband + 2-Meter-Kabel<br \/>\nBatterie: 3,7 V\/1200 mAh Lithiumbatterie<br \/>\nPhotovoltaikmodul: 5 V\/1,2 W<br \/>\nPhotovoltaikmodulgr\u00f6\u00dfe: 100 * 80 mm<br \/>\nMaterial: ABS-Kunststoff + PVC<br \/>\nBeleuchtungsdauer: 12 h<br \/>\nLadezeit: 3\u20135 Stunden<br \/>\nArbeitstemperatur: \u201335 \u00b0C<\/td>\n<td width=\"412\">Packmenge: 40 St\u00fcck pro St\u00fcck<\/p>\n<p>Au\u00dfenkartongr\u00f6\u00dfe: 53 * 35 * 36 mm<\/td>\n<\/tr>\n<tr>\n<td width=\"80\">7M<\/td>\n<td><img loading=\"lazy\" decoding=\"async\" class=\"wp-image-4008\" src=\"http:\/\/jinzho.com\/wp-content\/uploads\/2025\/05\/4-183-300x300.jpg\" alt=\"LED-Solarstra\u00dfenlaterne\" width=\"204\" height=\"204\" title=\"\" srcset=\"https:\/\/jinzho.com\/wp-content\/uploads\/2025\/05\/4-183-300x300.jpg 300w, https:\/\/jinzho.com\/wp-content\/uploads\/2025\/05\/4-183-150x150.jpg 150w, https:\/\/jinzho.com\/wp-content\/uploads\/2025\/05\/4-183-600x600.jpg 600w, https:\/\/jinzho.com\/wp-content\/uploads\/2025\/05\/4-183-100x100.jpg 100w, https:\/\/jinzho.com\/wp-content\/uploads\/2025\/05\/4-183.jpg 605w\" sizes=\"(max-width: 204px) 100vw, 204px\" \/><\/td>\n<td width=\"498\">Spezifikation: 5-Meter-Lichtband + 2-Meter-Kabel<br \/>\nBatterie: 3,7 V\/1200 mAh Lithiumbatterie<br \/>\nPhotovoltaikmodul: 5 V\/1,2 W<br \/>\nPhotovoltaikmodulgr\u00f6\u00dfe: 100 * 80 mm<br \/>\nMaterial: ABS-Kunststoff + PVC<br \/>\nBeleuchtungsdauer: 12 h<br \/>\nLadezeit: 3\u20135 Stunden<br \/>\nArbeitstemperatur: \u201335 \u00b0C<\/td>\n<td width=\"412\">Packmenge: 40 St\u00fcck pro St\u00fcck<\/p>\n<p>Au\u00dfenkartongr\u00f6\u00dfe: 53 * 35 * 36 mm<\/td>\n<\/tr>\n<tr>\n<td width=\"80\">10M<\/td>\n<td><img loading=\"lazy\" decoding=\"async\" class=\"wp-image-4008\" src=\"http:\/\/jinzho.com\/wp-content\/uploads\/2025\/05\/4-183-300x300.jpg\" alt=\"LED-Solarstra\u00dfenlaterne\" width=\"205\" height=\"205\" title=\"\" srcset=\"https:\/\/jinzho.com\/wp-content\/uploads\/2025\/05\/4-183-300x300.jpg 300w, https:\/\/jinzho.com\/wp-content\/uploads\/2025\/05\/4-183-150x150.jpg 150w, https:\/\/jinzho.com\/wp-content\/uploads\/2025\/05\/4-183-600x600.jpg 600w, https:\/\/jinzho.com\/wp-content\/uploads\/2025\/05\/4-183-100x100.jpg 100w, https:\/\/jinzho.com\/wp-content\/uploads\/2025\/05\/4-183.jpg 605w\" sizes=\"(max-width: 205px) 100vw, 205px\" \/><\/td>\n<td width=\"498\">Spezifikation: 10-Meter-Lichtband + 2-Meter-Kabel<br \/>\nBatterie: 3,7 V\/1800 mAh Lithiumbatterie<br \/>\nPhotovoltaikmodul: 5 V\/1,8 W<br \/>\nPhotovoltaikmodulgr\u00f6\u00dfe: 135 * 80 mm<br \/>\nMaterial: ABS-Kunststoff + PVC<br \/>\nBeleuchtungsdauer: 12 h<br \/>\nLadezeit: 3\u20135 Stunden<br \/>\nArbeitstemperatur: \u201335 \u00b0C<\/td>\n<td width=\"412\">Packmenge: 30 St\u00fcck pro St\u00fcck<\/p>\n<p>Au\u00dfenkartongr\u00f6\u00dfe: 68 * 27 * 47 mm<\/td>\n<\/tr>\n<tr>\n<td width=\"80\">15M<\/td>\n<td><img loading=\"lazy\" decoding=\"async\" class=\"wp-image-4008\" src=\"http:\/\/jinzho.com\/wp-content\/uploads\/2025\/05\/4-183-300x300.jpg\" alt=\"LED-Solarstra\u00dfenlaterne\" width=\"206\" height=\"206\" title=\"\" srcset=\"https:\/\/jinzho.com\/wp-content\/uploads\/2025\/05\/4-183-300x300.jpg 300w, https:\/\/jinzho.com\/wp-content\/uploads\/2025\/05\/4-183-150x150.jpg 150w, https:\/\/jinzho.com\/wp-content\/uploads\/2025\/05\/4-183-600x600.jpg 600w, https:\/\/jinzho.com\/wp-content\/uploads\/2025\/05\/4-183-100x100.jpg 100w, https:\/\/jinzho.com\/wp-content\/uploads\/2025\/05\/4-183.jpg 605w\" sizes=\"(max-width: 206px) 100vw, 206px\" \/><\/td>\n<td width=\"498\">Spezifikation: 15-Meter-Lichtband + 2-Meter-Kabel<br \/>\nBatterie: 3,7 V\/1800 mAh Lithiumbatterie<br \/>\nPhotovoltaikmodul: 5 V\/1,8 W<br \/>\nPhotovoltaikmodulgr\u00f6\u00dfe: 135 * 80 mm<br \/>\nMaterial: ABS-Kunststoff + PVC<br \/>\nBeleuchtungsdauer: 12 h<br \/>\nLadezeit: 3\u20135 Stunden<br \/>\nArbeitstemperatur: \u201335 \u00b0C<\/td>\n<td width=\"412\">Packmenge: 10 St\u00fcck pro St\u00fcck<\/p>\n<p>Au\u00dfenkartongr\u00f6\u00dfe: 54 * 32 * 28 mm<\/td>\n<\/tr>\n<\/tbody>\n<\/table>\n<p>&nbsp;<\/p>","protected":false},"excerpt":{"rendered":"<p>Solar LED-Lichtb\u00e4nder sind Au\u00dfenbeleuchtungsger\u00e4te, die Photovoltaik-Stromerzeugung und flexible LED-Lichtquellen integrieren. Sie unterst\u00fctzen flexible Biegung und intelligente Lichtsteuerung und eignen sich f\u00fcr Szenen wie Gartenwege und Geb\u00e4udekonturen. Produktvorteile: Flexible Schaltungen geeignet f\u00fcr gekr\u00fcmmte Oberfl\u00e4chenmontage; eigenstromversorgt und verkabelungsfrei, IP65 wasser- und staubdicht; lichtempfindliche automatische Dimmung, energiesparend und lange Akkulaufzeit.<\/p>\n<p>Mindestbestellmenge: 500<br \/>\nLieferfrist: 15-25 Tage<br \/>\nStandort der Fabrik: Zhongshan, Guangdong, China<\/p>","protected":false},"featured_media":4006,"comment_status":"closed","ping_status":"closed","template":"","meta":[],"product_brand":[],"product_cat":[2763],"product_tag":[168,171,181,182,183],"class_list":{"0":"post-1054","1":"product","2":"type-product","3":"status-publish","4":"has-post-thumbnail","6":"product_cat-solar-lamp","7":"product_tag-solar-led-lights","8":"product_tag-solar-led-strip-lights-outdoor","9":"product_tag-led-solar-street-light","10":"product_tag-led-light-strips-solar","11":"product_tag-outdoor-solar-flood-light-fixtures","13":"first","14":"instock","15":"shipping-taxable","16":"product-type-simple"},"_links":{"self":[{"href":"https:\/\/jinzho.com\/de\/wp-json\/wp\/v2\/product\/1054","targetHints":{"allow":["GET"]}}],"collection":[{"href":"https:\/\/jinzho.com\/de\/wp-json\/wp\/v2\/product"}],"about":[{"href":"https:\/\/jinzho.com\/de\/wp-json\/wp\/v2\/types\/product"}],"replies":[{"embeddable":true,"href":"https:\/\/jinzho.com\/de\/wp-json\/wp\/v2\/comments?post=1054"}],"wp:featuredmedia":[{"embeddable":true,"href":"https:\/\/jinzho.com\/de\/wp-json\/wp\/v2\/media\/4006"}],"wp:attachment":[{"href":"https:\/\/jinzho.com\/de\/wp-json\/wp\/v2\/media?parent=1054"}],"wp:term":[{"taxonomy":"product_brand","embeddable":true,"href":"https:\/\/jinzho.com\/de\/wp-json\/wp\/v2\/product_brand?post=1054"},{"taxonomy":"product_cat","embeddable":true,"href":"https:\/\/jinzho.com\/de\/wp-json\/wp\/v2\/product_cat?post=1054"},{"taxonomy":"product_tag","embeddable":true,"href":"https:\/\/jinzho.com\/de\/wp-json\/wp\/v2\/product_tag?post=1054"}],"curies":[{"name":"wp","href":"https:\/\/api.w.org\/{rel}","templated":true}]}}