{"id":1044,"date":"2025-05-12T03:35:39","date_gmt":"2025-05-12T03:35:39","guid":{"rendered":"https:\/\/jinzho.com\/?post_type=product&#038;p=1044"},"modified":"2025-06-11T15:01:58","modified_gmt":"2025-06-11T15:01:58","slug":"direct-heating-radiator","status":"publish","type":"product","link":"https:\/\/jinzho.com\/de\/product\/direct-heating-radiator\/","title":{"rendered":"Direktheizungsradiator"},"content":{"rendered":"<h3>1. Produkt Beschreibung<\/h3>\n<p>Unsere elektrische Heizung des Typs Direct Heat ist eine kompakte, leistungsstarke W\u00e4rmel\u00f6sung, die f\u00fcr eine sofortige und effiziente Raumbeheizung konzipiert ist. Durch die Technologie der direkten Umwandlung von Strom in W\u00e4rme entf\u00e4llt die Zwischenspeicherung von Energie, so dass innerhalb von Sekunden nach der Aktivierung sofortige W\u00e4rme zur Verf\u00fcgung steht. Erh\u00e4ltlich in zwei Modellen - SL-0201 (einphasig, 1000 W) und SL-0202 (zweistufig, 1000 W\/2000 W) - erf\u00fcllt er flexible Heizanforderungen, von kleinen Wohnr\u00e4umen bis hin zu kompakten Gewerbefl\u00e4chen. Das robuste Metallgeh\u00e4use und das optimierte Heizelement sorgen f\u00fcr eine stabile Leistung bei minimalem W\u00e4rmeverlust. Er ist ideal f\u00fcr eine schnelle Temperatureinstellung und verf\u00fcgt \u00fcber ein schlankes Profil (z. B. 150\u00d7300\u00d7600 mm) f\u00fcr eine einfache Installation in engen R\u00e4umen.<\/p>\n<h3>2. Schl\u00fcsselparameter (Referenz)<\/h3>\n<div class=\"hyc-common-markdown__table-wrapper\">\n<table>\n<thead>\n<tr>\n<th>Modell<\/th>\n<th>Nennleistung (W)<\/th>\n<th>Nennspannung (V)<\/th>\n<th>Nennstrom (A)<\/th>\n<th>Verdrahtung (mm\u00b2)<\/th>\n<th>Steckdose Nennwert (A)<\/th>\n<th>Abmessungen (mm)<\/th>\n<th>Heizfl\u00e4che (m\u00b2)<\/th>\n<\/tr>\n<\/thead>\n<tbody>\n<tr>\n<td>SL-0201-1000<\/td>\n<td>1000<\/td>\n<td>220<\/td>\n<td>4.5<\/td>\n<td>3\u00d72.5<\/td>\n<td>10<\/td>\n<td>150\u00d7300\u00d7600<\/td>\n<td>8-10<\/td>\n<\/tr>\n<tr>\n<td>SL-0202-2000<\/td>\n<td>1000\/2000<\/td>\n<td>220<\/td>\n<td>4.5\/9.0<\/td>\n<td>3\u00d72.5<\/td>\n<td>10<\/td>\n<td>50\u00d7400\u00d7800<\/td>\n<td>12-15<\/td>\n<\/tr>\n<\/tbody>\n<\/table>\n<\/div>\n<h3>3. Zentrale Vorteile<\/h3>\n<ul>\n<li>\u200b<strong>Sofortige W\u00e4rme<\/strong>: Keine Vorw\u00e4rmzeit, sofortige W\u00e4rmeabgabe bei Aktivierung.<\/li>\n<li>\u200b<strong>Dual-Mode-Flexibilit\u00e4t<\/strong>: Der SL-0202 unterst\u00fctzt die 1000W\/2000W-Umschaltung f\u00fcr eine adaptive Temperaturregelung.<\/li>\n<li>\u200b<strong>Platzsparendes Design<\/strong>: Die kompakten Abmessungen (z. B. 50\u00d7400\u00d7800 mm) passen in kleine R\u00e4ume oder B\u00fcros.<\/li>\n<li>\u200b<strong>Energieeffizient<\/strong>: Direkte Umwandlung minimiert die Energieverschwendung; 98%+ thermischer Wirkungsgrad.<\/li>\n<li>\u200b<strong>Sicher und stabil<\/strong>: Das robuste Geh\u00e4use und der \u00dcberhitzungsschutz gew\u00e4hrleisten einen zuverl\u00e4ssigen Langzeitbetrieb.<\/li>\n<\/ul>\n<p><img fetchpriority=\"high\" decoding=\"async\" class=\"aligncenter size-full wp-image-3643\" src=\"http:\/\/jinzho.com\/wp-content\/uploads\/2025\/05\/heating-element-factory-9-1.jpg\" alt=\"\" width=\"1254\" height=\"600\" title=\"\" srcset=\"https:\/\/jinzho.com\/wp-content\/uploads\/2025\/05\/heating-element-factory-9-1.jpg 1254w, https:\/\/jinzho.com\/wp-content\/uploads\/2025\/05\/heating-element-factory-9-1-300x144.jpg 300w, https:\/\/jinzho.com\/wp-content\/uploads\/2025\/05\/heating-element-factory-9-1-1024x490.jpg 1024w, https:\/\/jinzho.com\/wp-content\/uploads\/2025\/05\/heating-element-factory-9-1-768x367.jpg 768w, https:\/\/jinzho.com\/wp-content\/uploads\/2025\/05\/heating-element-factory-9-1-600x287.jpg 600w\" sizes=\"(max-width: 1254px) 100vw, 1254px\" \/><\/p>","protected":false},"excerpt":{"rendered":"<p>Der direkt heizende Heizk\u00f6rper verwendet ein integriertes Formverfahren aus einer hochreinen Aluminiumlegierung oder Edelstahlschale und einem Heizelement aus Nickel-Chrom-Legierung\/Siliziumkarbid, mit eloxierter oder keramischer Beschichtung auf der Oberfl\u00e4che, W\u00e4rmeleitf\u00e4higkeit \u2265230W\/m-K, unterst\u00fctzt die direkte Kontaktw\u00e4rme\u00fcbertragung, eine Heizrate von 10\u2103\/Sekunde und eine Energieeffizienz \u226595%. Er integriert ein PID-Temperaturregelungsmodul und einen NTC-Sensor, passt sich an eine breite Spannungspalette (110V-480V) und Leistungsanpassung (1kW-20kW) an, ist staub- und wasserdicht nach IP67, sch\u00fctzt vor Trockenbrand und \u00dcbertemperatur, ist hochtemperaturbest\u00e4ndig gegen Oxidation (-40\u2103-500\u2103), hat eine Lebensdauer von mehr als 100.000 Stunden, erf\u00fcllt die CE-, UL- und AEC-Q200-Zertifizierung f\u00fcr die Automobilindustrie und eignet sich f\u00fcr Hochfrequenz- und Hochlast-W\u00e4rmeableitungsszenarien.<\/p>\n<p>Mindestbestellmenge: 100<br \/>\nLieferfrist: 15-25 Tage<br \/>\nStandort der Fabrik: Wuhu, Anhui, China<\/p>","protected":false},"featured_media":3234,"comment_status":"closed","ping_status":"closed","template":"","meta":[],"product_brand":[],"product_cat":[2761],"product_tag":[144,146,148,149,151],"class_list":{"0":"post-1044","1":"product","2":"type-product","3":"status-publish","4":"has-post-thumbnail","6":"product_cat-electrical-heating-products","7":"product_tag-industrial-heaters","8":"product_tag-big-industrial-heaters","9":"product_tag-storage-heater","10":"product_tag-indoor-industrial-heaters","11":"product_tag-industrial-heating-equipment","13":"first","14":"instock","15":"shipping-taxable","16":"product-type-simple"},"_links":{"self":[{"href":"https:\/\/jinzho.com\/de\/wp-json\/wp\/v2\/product\/1044","targetHints":{"allow":["GET"]}}],"collection":[{"href":"https:\/\/jinzho.com\/de\/wp-json\/wp\/v2\/product"}],"about":[{"href":"https:\/\/jinzho.com\/de\/wp-json\/wp\/v2\/types\/product"}],"replies":[{"embeddable":true,"href":"https:\/\/jinzho.com\/de\/wp-json\/wp\/v2\/comments?post=1044"}],"wp:featuredmedia":[{"embeddable":true,"href":"https:\/\/jinzho.com\/de\/wp-json\/wp\/v2\/media\/3234"}],"wp:attachment":[{"href":"https:\/\/jinzho.com\/de\/wp-json\/wp\/v2\/media?parent=1044"}],"wp:term":[{"taxonomy":"product_brand","embeddable":true,"href":"https:\/\/jinzho.com\/de\/wp-json\/wp\/v2\/product_brand?post=1044"},{"taxonomy":"product_cat","embeddable":true,"href":"https:\/\/jinzho.com\/de\/wp-json\/wp\/v2\/product_cat?post=1044"},{"taxonomy":"product_tag","embeddable":true,"href":"https:\/\/jinzho.com\/de\/wp-json\/wp\/v2\/product_tag?post=1044"}],"curies":[{"name":"wp","href":"https:\/\/api.w.org\/{rel}","templated":true}]}}