{"id":1043,"date":"2025-05-12T03:35:39","date_gmt":"2025-05-12T03:35:39","guid":{"rendered":"https:\/\/jinzho.com\/?post_type=product&#038;p=1043"},"modified":"2025-06-11T15:00:31","modified_gmt":"2025-06-11T15:00:31","slug":"warmespeicherkessel","status":"publish","type":"product","link":"https:\/\/jinzho.com\/de\/product\/thermal-storage-boiler\/","title":{"rendered":"W\u00e4rmespeicherkessel"},"content":{"rendered":"<h3>1. Produkt Beschreibung<\/h3>\n<p>Unser W\u00e4rmespeicherkessel ist ein leistungsstarkes W\u00e4rmespeichersystem f\u00fcr gro\u00dfe Heizanwendungen, das effiziente W\u00e4rmespeicherung und pr\u00e4zise Temperaturregelung vereint. Dank fortschrittlicher W\u00e4rmespeichertechnologie l\u00e4dt er sich au\u00dferhalb der Spitzenzeiten auf (unter Nutzung zeitabh\u00e4ngiger Tarifierung) und gibt die gespeicherte W\u00e4rme w\u00e4hrend der Spitzenlast frei. So werden die Energiekosten optimiert und gleichzeitig eine kontinuierliche W\u00e4rmeversorgung gew\u00e4hrleistet. Dank seiner robusten Stahlkonstruktion und des optimierten W\u00e4rmeaustauschsystems bietet er eine stabile, hocheffiziente Leistung. Erh\u00e4ltlich in zwei Modellen (Serie SL-0301\/SL-0302) deckt er unterschiedliche industrielle und gewerbliche Heizanforderungen ab und eignet sich f\u00fcr Heizfl\u00e4chen von 1.558 m\u00b2 bis 4.000 m\u00b2. Zu den wichtigsten Merkmalen geh\u00f6ren ein W\u00e4rmewirkungsgrad von 98%+, einstellbare Heiztemperaturen (25\u201390 \u00b0C) und ein kompaktes und dennoch ger\u00e4umiges Design f\u00fcr eine einfache Installation.<\/p>\n<h3>2. Schl\u00fcsselparameter (Referenz)<\/h3>\n<div class=\"hyc-common-markdown__table-wrapper\">\n<table>\n<thead>\n<tr>\n<th>Modell<\/th>\n<th>Nennleistung (W)<\/th>\n<th>Nennspannung (V)<\/th>\n<th>Nennstrom (A)<\/th>\n<th>Thermischer Wirkungsgrad (%)<\/th>\n<th>Max. Wasserauslasstemperatur (\u00b0C)<\/th>\n<th>Durchmesser Einlass-\/Auslassrohr (DN)<\/th>\n<th>Abmessungen (mm)<\/th>\n<th>Heizfl\u00e4che (m\u00b2)<\/th>\n<th>Heiztemperatur (\u00b0C)<\/th>\n<th>Produktgewicht (kg)<\/th>\n<\/tr>\n<\/thead>\n<tbody>\n<tr>\n<td>SL-0301-100000<\/td>\n<td>100,000<\/td>\n<td>380<\/td>\n<td>150<\/td>\n<td>98<\/td>\n<td>95<\/td>\n<td>50<\/td>\n<td>1490\u00d71220\u00d72200<\/td>\n<td>1.558\u20133.000<\/td>\n<td>25\u201390<\/td>\n<td>850<\/td>\n<\/tr>\n<tr>\n<td>SL-0302-200000<\/td>\n<td>200,000<\/td>\n<td>380<\/td>\n<td>300<\/td>\n<td>98<\/td>\n<td>95<\/td>\n<td>65<\/td>\n<td>1590\u00d71220\u00d72400<\/td>\n<td>2.858\u20134.000<\/td>\n<td>25\u201390<\/td>\n<td>900<\/td>\n<\/tr>\n<\/tbody>\n<\/table>\n<\/div>\n<h3>3. Zentrale Vorteile<\/h3>\n<ul>\n<li>\u200b<strong>\u200bHocheffiziente Energiespeicherung\u200b<\/strong>\u200b: Die thermische Effizienz des 98%+ minimiert Energieverschwendung; ideal f\u00fcr zeitabh\u00e4ngige Strompreise.<\/li>\n<li>\u200b<strong>\u200bGro\u00dfe Heizkapazit\u00e4t\u200b<\/strong>\u200b: Deckt 1.558\u20134.000 m\u00b2 ab, geeignet f\u00fcr Industrieparks, Gewerbekomplexe oder gro\u00dfe Wohngebiete.<\/li>\n<li>\u200b<strong>\u200bFlexible Temperaturregelung\u200b<\/strong>\u200b: Einstellbarer Heizbereich (25\u201390 \u00b0C) passt sich an unterschiedliche Umgebungen an (z. B. Werkst\u00e4tten, Lagerhallen).<\/li>\n<li>\u200b<strong>Langlebiges Design<\/strong>\u200b: Robuste Konstruktion mit langer Lebensdauer; geringer Wartungsaufwand im Dauerbetrieb.<\/li>\n<li>\u200b<strong>Kosteng\u00fcnstiger Betrieb<\/strong>\u200b: Ein niedriger Stromverbrauch w\u00e4hrend der Spitzenzeiten senkt die Stromkosten durch die Nutzung von Tarifen au\u00dferhalb der Spitzenzeiten.<\/li>\n<\/ul>\n<p><img fetchpriority=\"high\" decoding=\"async\" class=\"aligncenter size-full wp-image-3644\" src=\"http:\/\/jinzho.com\/wp-content\/uploads\/2025\/05\/heating-element-factory-10-1.jpg\" alt=\"\" width=\"1254\" height=\"600\" title=\"\" srcset=\"https:\/\/jinzho.com\/wp-content\/uploads\/2025\/05\/heating-element-factory-10-1.jpg 1254w, https:\/\/jinzho.com\/wp-content\/uploads\/2025\/05\/heating-element-factory-10-1-300x144.jpg 300w, https:\/\/jinzho.com\/wp-content\/uploads\/2025\/05\/heating-element-factory-10-1-1024x490.jpg 1024w, https:\/\/jinzho.com\/wp-content\/uploads\/2025\/05\/heating-element-factory-10-1-768x367.jpg 768w, https:\/\/jinzho.com\/wp-content\/uploads\/2025\/05\/heating-element-factory-10-1-600x287.jpg 600w\" sizes=\"(max-width: 1254px) 100vw, 1254px\" \/><\/p>","protected":false},"excerpt":{"rendered":"<p>Ein elektrischer W\u00e4rmespeicherkessel ist eine Heizmethode, die den W\u00e4rmespeicher au\u00dferhalb der Saison um Mitternacht mit Strom auf eine bestimmte Temperatur erw\u00e4rmt und so die Heizlast des Geb\u00e4udes in der Nebensaison deckt. Er nutzt die Restw\u00e4rme nach dem Aufheizen des W\u00e4rmespeichers, um in der Nebensaison und zu Spitzenzeiten des Stromverbrauchs f\u00fcr W\u00e4rme zu sorgen.<\/p>\n<p>Mindestbestellmenge: 100<br \/>\nLieferfrist: 15-25 Tage<br \/>\nStandort der Fabrik: Wuhu, Anhui, China<\/p>","protected":false},"featured_media":3230,"comment_status":"closed","ping_status":"closed","template":"","meta":[],"product_brand":[],"product_cat":[2761],"product_tag":[144,146,147,149,150],"class_list":{"0":"post-1043","1":"product","2":"type-product","3":"status-publish","4":"has-post-thumbnail","6":"product_cat-electrical-heating-products","7":"product_tag-industrial-heaters","8":"product_tag-big-industrial-heaters","9":"product_tag-electric-thermal-storage-heater","10":"product_tag-indoor-industrial-heaters","11":"product_tag-storage-boiler","13":"first","14":"instock","15":"shipping-taxable","16":"product-type-simple"},"_links":{"self":[{"href":"https:\/\/jinzho.com\/de\/wp-json\/wp\/v2\/product\/1043","targetHints":{"allow":["GET"]}}],"collection":[{"href":"https:\/\/jinzho.com\/de\/wp-json\/wp\/v2\/product"}],"about":[{"href":"https:\/\/jinzho.com\/de\/wp-json\/wp\/v2\/types\/product"}],"replies":[{"embeddable":true,"href":"https:\/\/jinzho.com\/de\/wp-json\/wp\/v2\/comments?post=1043"}],"wp:featuredmedia":[{"embeddable":true,"href":"https:\/\/jinzho.com\/de\/wp-json\/wp\/v2\/media\/3230"}],"wp:attachment":[{"href":"https:\/\/jinzho.com\/de\/wp-json\/wp\/v2\/media?parent=1043"}],"wp:term":[{"taxonomy":"product_brand","embeddable":true,"href":"https:\/\/jinzho.com\/de\/wp-json\/wp\/v2\/product_brand?post=1043"},{"taxonomy":"product_cat","embeddable":true,"href":"https:\/\/jinzho.com\/de\/wp-json\/wp\/v2\/product_cat?post=1043"},{"taxonomy":"product_tag","embeddable":true,"href":"https:\/\/jinzho.com\/de\/wp-json\/wp\/v2\/product_tag?post=1043"}],"curies":[{"name":"wp","href":"https:\/\/api.w.org\/{rel}","templated":true}]}}