{"id":1042,"date":"2025-05-12T03:35:39","date_gmt":"2025-05-12T03:35:39","guid":{"rendered":"https:\/\/jinzho.com\/?post_type=product&#038;p=1042"},"modified":"2025-06-11T14:57:55","modified_gmt":"2025-06-11T14:57:55","slug":"thermal-storage-heater","status":"publish","type":"product","link":"https:\/\/jinzho.com\/de\/product\/thermal-storage-heater\/","title":{"rendered":"W\u00e4rmespeicher-Heizung"},"content":{"rendered":"<h3>1. Produkt Beschreibung<\/h3>\n<p>Unser Regenerativer Elektroheizer ist eine hocheffiziente W\u00e4rmespeicherl\u00f6sung, die f\u00fcr Wohn- und Gewerbeheizungsanwendungen konzipiert ist. Durch den Einsatz fortschrittlicher W\u00e4rmespeichertechnologie arbeitet er, indem er w\u00e4hrend der Schwachlastzeiten (\u00fcber zeitvariable Stromtarife) kosteng\u00fcnstigen Strom aufnimmt und die gespeicherte W\u00e4rme w\u00e4hrend der Spitzenlastzeiten abgibt. Dies gew\u00e4hrleistet gleichm\u00e4\u00dfige W\u00e4rme bei optimierten Energiekosten. Der Heizer integriert sowohl konvektive als auch radiative W\u00e4rme\u00fcbertragungsmechanismen: Nat\u00fcrliche Konvektion zirkuliert Warmluft gleichm\u00e4\u00dfig, w\u00e4hrend Strahlungsw\u00e4rme Objekte und Personen direkt erw\u00e4rmt und so eine komfortable, gleichm\u00e4\u00dfige Temperaturumgebung schafft. Erh\u00e4ltlich in mehreren Modellen (SL-0103\/SL-0104 Serie), deckt er mit einstellbaren Nennleistungen (1600W\u20133200W) und Beheizungsfl\u00e4chen (8\u201320 m\u00b2) verschiedene Heizanforderungen ab. F\u00fcr Langlebigkeit konstruiert, erfordert er nach der Installation minimalen Wartungsaufwand.<\/p>\n<h3>2. Schl\u00fcsselparameter (Referenz)<\/h3>\n<div class=\"hyc-common-markdown__table-wrapper\">\n<table>\n<thead>\n<tr>\n<th>Modell<\/th>\n<th>Nennleistung (W)<\/th>\n<th>Nennspannung (V)<\/th>\n<th>Nennstrom (A)<\/th>\n<th>Verdrahtung (mm\u00b2)<\/th>\n<th>Steckdose Nennwert (A)<\/th>\n<th>Abmessungen (mm)<\/th>\n<th>Nennspeicherinhalt (kWh)<\/th>\n<th>Nennspeicherzeit (h)<\/th>\n<th>Heizfl\u00e4che (m\u00b2)<\/th>\n<\/tr>\n<\/thead>\n<tbody>\n<tr>\n<td>SL-0103-1600<\/td>\n<td>1600<\/td>\n<td>220<\/td>\n<td>7.3<\/td>\n<td>3\u00d72.5<\/td>\n<td>16<\/td>\n<td>215\u00d7600\u00d7595<\/td>\n<td>16\u201317,6<\/td>\n<td>10<\/td>\n<td>8-10<\/td>\n<\/tr>\n<tr>\n<td>SL-0103-2400<\/td>\n<td>2400<\/td>\n<td>220<\/td>\n<td>10.9<\/td>\n<td>3\u00d72.5<\/td>\n<td>16<\/td>\n<td>215\u00d7600\u00d7725<\/td>\n<td>24\u201326,4<\/td>\n<td>10<\/td>\n<td>12-15<\/td>\n<\/tr>\n<tr>\n<td>SL-0103-3200<\/td>\n<td>3200<\/td>\n<td>220<\/td>\n<td>14.5<\/td>\n<td>3\u00d72.5<\/td>\n<td>16<\/td>\n<td>215\u00d7600\u00d71055<\/td>\n<td>32\u201335,2<\/td>\n<td>10<\/td>\n<td>16\u201320<\/td>\n<\/tr>\n<tr>\n<td>SL-0104-1600<\/td>\n<td>1600<\/td>\n<td>220<\/td>\n<td>7.3<\/td>\n<td>3\u00d72.5<\/td>\n<td>16<\/td>\n<td>170\u00d7600\u00d7595<\/td>\n<td>16\u201317,6<\/td>\n<td>10<\/td>\n<td>8-10<\/td>\n<\/tr>\n<tr>\n<td>SL-0104-2400<\/td>\n<td>2400<\/td>\n<td>220<\/td>\n<td>10.9<\/td>\n<td>3\u00d72.5<\/td>\n<td>16<\/td>\n<td>170\u00d7600\u00d7725<\/td>\n<td>24\u201326,4<\/td>\n<td>10<\/td>\n<td>12-15<\/td>\n<\/tr>\n<tr>\n<td>SL-0104-3200<\/td>\n<td>3200<\/td>\n<td>220<\/td>\n<td>14.5<\/td>\n<td>3\u00d72.5<\/td>\n<td>16<\/td>\n<td>170\u00d7600\u00d71055<\/td>\n<td>32\u201335,2<\/td>\n<td>10<\/td>\n<td>16\u201320<\/td>\n<\/tr>\n<\/tbody>\n<\/table>\n<\/div>\n<h3>3. Zentrale Vorteile<\/h3>\n<ul>\n<li>\u200b<strong>\u200bLeise &amp; umweltfreundlich\u200b<\/strong>\u200b: Ger\u00e4uschloser Betrieb ohne direkte Emissionen; reduziert die Netzbelastung beim Start\/Stopp.<\/li>\n<li>\u200b<strong>\u200bKosteneffizient\u200b<\/strong>\u200b: Integriert zeitvariable Stromtarife f\u00fcr optimierte Energiekosten; 75%+ W\u00e4rmespeicherwirkungsgrad.<\/li>\n<li>\u200b<strong>\u200bVielseitige Beheizung\u200b<\/strong>\u200b: Kombiniert konvektiven und strahlenden W\u00e4rme\u00fcbergang; unterst\u00fctzt Mehrbetriebsarten f\u00fcr verschiedene Umgebungen.<\/li>\n<li>\u200b<strong>Langlebiges Design<\/strong>\u200b: Minimaler Wartungsaufwand nach der Installation; lange Lebensdauer bei bestimmungsgem\u00e4\u00dfem Gebrauch.<\/li>\n<li>\u200b<strong>\u200bPlatzsparend\u200b<\/strong>\u200b: Kompakte Abmessungen (z.B. 170\u00d7600\u00d7595 mm) passen auch in enge R\u00e4ume ohne Leistungseinbu\u00dfen.<\/li>\n<\/ul>\n<p><img fetchpriority=\"high\" decoding=\"async\" class=\"aligncenter size-full wp-image-3645\" src=\"http:\/\/jinzho.com\/wp-content\/uploads\/2025\/05\/heating-element-factory-11-1.jpg\" alt=\"\" width=\"1254\" height=\"600\" title=\"\" srcset=\"https:\/\/jinzho.com\/wp-content\/uploads\/2025\/05\/heating-element-factory-11-1.jpg 1254w, https:\/\/jinzho.com\/wp-content\/uploads\/2025\/05\/heating-element-factory-11-1-300x144.jpg 300w, https:\/\/jinzho.com\/wp-content\/uploads\/2025\/05\/heating-element-factory-11-1-1024x490.jpg 1024w, https:\/\/jinzho.com\/wp-content\/uploads\/2025\/05\/heating-element-factory-11-1-768x367.jpg 768w, https:\/\/jinzho.com\/wp-content\/uploads\/2025\/05\/heating-element-factory-11-1-600x287.jpg 600w\" sizes=\"(max-width: 1254px) 100vw, 1254px\" \/><\/p>","protected":false},"excerpt":{"rendered":"<p>Ein W\u00e4rmespeicher-Elektroheizger\u00e4t ist eine Vorrichtung, die nachts g\u00fcnstigen Strom aus dem Niedriglastzeitraum des Stromnetzes nutzt,<br \/>\num innerhalb von 6-8 Stunden die Umwandlung und Speicherung von elektrischer in thermische Energie zu vollenden. W\u00e4hrend der Spitzenlastzeit<br \/>\ndes Stromnetzes wird die gespeicherte W\u00e4rme durch Strahlung und Konvektion abgegeben, wodurch eine 24-st\u00fcndige Raumheizung \u00fcber den<br \/>\ngesamten Tag erreicht wird.<\/p>\n<p>Mindestbestellmenge: 100<br \/>\nLieferfrist: 15-25 Tage<br \/>\nStandort der Fabrik: Wuhu, Anhui, China<\/p>","protected":false},"featured_media":3228,"comment_status":"closed","ping_status":"closed","template":"","meta":[],"product_brand":[],"product_cat":[2761],"product_tag":[144,145,146,147,148],"class_list":{"0":"post-1042","1":"product","2":"type-product","3":"status-publish","4":"has-post-thumbnail","6":"product_cat-electrical-heating-products","7":"product_tag-industrial-heaters","8":"product_tag-electric-industrial-heaters","9":"product_tag-big-industrial-heaters","10":"product_tag-electric-thermal-storage-heater","11":"product_tag-storage-heater","13":"first","14":"instock","15":"shipping-taxable","16":"product-type-simple"},"_links":{"self":[{"href":"https:\/\/jinzho.com\/de\/wp-json\/wp\/v2\/product\/1042","targetHints":{"allow":["GET"]}}],"collection":[{"href":"https:\/\/jinzho.com\/de\/wp-json\/wp\/v2\/product"}],"about":[{"href":"https:\/\/jinzho.com\/de\/wp-json\/wp\/v2\/types\/product"}],"replies":[{"embeddable":true,"href":"https:\/\/jinzho.com\/de\/wp-json\/wp\/v2\/comments?post=1042"}],"wp:featuredmedia":[{"embeddable":true,"href":"https:\/\/jinzho.com\/de\/wp-json\/wp\/v2\/media\/3228"}],"wp:attachment":[{"href":"https:\/\/jinzho.com\/de\/wp-json\/wp\/v2\/media?parent=1042"}],"wp:term":[{"taxonomy":"product_brand","embeddable":true,"href":"https:\/\/jinzho.com\/de\/wp-json\/wp\/v2\/product_brand?post=1042"},{"taxonomy":"product_cat","embeddable":true,"href":"https:\/\/jinzho.com\/de\/wp-json\/wp\/v2\/product_cat?post=1042"},{"taxonomy":"product_tag","embeddable":true,"href":"https:\/\/jinzho.com\/de\/wp-json\/wp\/v2\/product_tag?post=1042"}],"curies":[{"name":"wp","href":"https:\/\/api.w.org\/{rel}","templated":true}]}}