{"id":1038,"date":"2025-05-12T03:35:39","date_gmt":"2025-05-12T03:35:39","guid":{"rendered":"https:\/\/jinzho.com\/?post_type=product&#038;p=1038"},"modified":"2025-06-11T14:33:09","modified_gmt":"2025-06-11T14:33:09","slug":"air-fryer-accessories","status":"publish","type":"product","link":"https:\/\/jinzho.com\/de\/product\/air-fryer-accessories\/","title":{"rendered":"Zubeh\u00f6r f\u00fcr Hei\u00dfluftfritteusen"},"content":{"rendered":"<h3>1. Produktanwendungs\u00fcbersicht<\/h3>\n<p>Unser Hei\u00dfluftfritteuse-Zubeh\u00f6r, haupts\u00e4chlich aus Edelstahl gefertigt, dient als strukturelle und funktionale Komponente in Hei\u00dfluftfritteusen, einschlie\u00dflich K\u00f6rbe, Geh\u00e4use oder Trennplatten. Es bietet Hitzebest\u00e4ndigkeit, Korrosionsschutz und strukturelle Unterst\u00fctzung f\u00fcr interne Heizelemente, gew\u00e4hrleistet gleichm\u00e4\u00dfige W\u00e4rmeverteilung, einfaches Einlegen\/Entnehmen von Lebensmitteln und sicheren Betrieb w\u00e4hrend des Hochtemperaturkochens.<\/p>\n<h3>2. Produktmerkmale (marktgerecht und werkseitig)<\/h3>\n<p>Markt\u00fcbliche Edelstahl-Zubeh\u00f6rteile f\u00fcr Hei\u00dfluftfritteusen legen Wert auf lebensmittelechte Sicherheit (z.B. 304 Edelstahl f\u00fcr direkten Lebensmittelkontakt), Hitzebest\u00e4ndigkeit und leicht zu reinigende Oberfl\u00e4chen. Unser Werk nutzt: 304 Edelstahl, konform mit GB 4806.9 (Norm f\u00fcr Lebensmittelkontaktmaterialien); eigene Stanz-, Schwei\u00df- und Polierprozesse f\u00fcr pr\u00e4zise Abmessungen und glatte Oberfl\u00e4chen; und Produkte, die nach CE und RoHS zertifiziert sind. Anpassungen von Abmessungen, Lochmustern oder Schnittstellen f\u00fcr spezifische Fritteusenmodelle werden unterst\u00fctzt.<\/p>\n<h3>3. Hauptvorteile<\/h3>\n<ul>\n<li>\u200b<strong>Eigenproduktion<\/strong>\u200b: Integrierte Stanz-, Schwei\u00df- und Polierwerkst\u00e4tten gew\u00e4hrleisten eine durchg\u00e4ngige Qualit\u00e4tskontrolle.<\/li>\n<li>\u200b<strong>Lebensmittelkonformit\u00e4t<\/strong>\u200b: Verwendet Edelstahl 304, der den Sicherheitsstandards f\u00fcr Haushaltsger\u00e4te entspricht (GB 4806.9).<\/li>\n<li>\u200b<strong>Anpassbares Design<\/strong>: Anpassbare Abmessungen, Lochanordnungen oder Schnittstellen f\u00fcr verschiedene Fritteusenmodelle.<\/li>\n<li>\u200b<strong>Stabile Kapazit\u00e4t<\/strong>: Serienfertigung von Standardzubeh\u00f6r (5.00000+ Einheiten\/Monat) mit zuverl\u00e4ssiger Lieferung.<\/li>\n<li>\u200b<strong>\u200bStrenge Qualit\u00e4tskontrolle\u200b<\/strong>: Strenge Kontrollen der Materialreinheit, Oberfl\u00e4chengl\u00e4tte und Hitzebest\u00e4ndigkeit.<\/li>\n<\/ul>\n<p><img fetchpriority=\"high\" decoding=\"async\" class=\"aligncenter size-full wp-image-3641\" src=\"http:\/\/jinzho.com\/wp-content\/uploads\/2025\/05\/heating-element-factory-7-1.jpg\" alt=\"\" width=\"1254\" height=\"600\" title=\"\" srcset=\"https:\/\/jinzho.com\/wp-content\/uploads\/2025\/05\/heating-element-factory-7-1.jpg 1254w, https:\/\/jinzho.com\/wp-content\/uploads\/2025\/05\/heating-element-factory-7-1-300x144.jpg 300w, https:\/\/jinzho.com\/wp-content\/uploads\/2025\/05\/heating-element-factory-7-1-1024x490.jpg 1024w, https:\/\/jinzho.com\/wp-content\/uploads\/2025\/05\/heating-element-factory-7-1-768x367.jpg 768w, https:\/\/jinzho.com\/wp-content\/uploads\/2025\/05\/heating-element-factory-7-1-600x287.jpg 600w\" sizes=\"(max-width: 1254px) 100vw, 1254px\" \/><\/p>","protected":false},"excerpt":{"rendered":"<p>Hei\u00dfluftfritteuse-Zubeh\u00f6r ist f\u00fcr effiziente Kochger\u00e4te konzipiert. Es wird aus lebensmittelechtem Edelstahl 304\/316L oder eloxiertem Aluminium hergestellt. Die Fertigung erfolgt durch pr\u00e4zises Stanzen oder Druckgussverfahren. Die Oberfl\u00e4che wird mit Nano-Keramikbeschichtung oder Fingerprint-Schutz behandelt. Es ist best\u00e4ndig gegen hohe Temperaturen (200\u2103\u2013250\u2103) und \u00d6lkorrosion und eignet sich f\u00fcr den Einsatz in Hochfrequenz-Brat- und Backszenarien. Das integrierte PID-Temperaturregelmodul und der NTC-Temperatursensor unterst\u00fctzen ein 360\u00b0-Hei\u00dfluftzirkulationssystem, um eine schnelle und gleichm\u00e4\u00dfige Erw\u00e4rmung zu erreichen (Erw\u00e4rmung auf 200\u2103 in 3 Minuten). Es verf\u00fcgt \u00fcber Trockenbrandschutz, \u00dcberhitzungsabschaltung und Selbstreinigungsfunktionen, entspricht der EU-CE-Zertifizierung und hat eine Lebensdauer von \u00fcber 30.000 Stunden, wodurch die hohen Stabilit\u00e4tsanforderungen f\u00fcr den privaten und gewerblichen Einsatz erf\u00fcllt werden.<\/p>\n<p>Mindestbestellmenge: 1000<br \/>\nLieferfrist: 15-25 Tage<br \/>\nStandort der Fabrik: Zhongshan, Guangdong, China<\/p>","protected":false},"featured_media":1861,"comment_status":"closed","ping_status":"closed","template":"","meta":[],"product_brand":[],"product_cat":[2760],"product_tag":[53,77,102,109,141],"class_list":{"0":"post-1038","1":"product","2":"type-product","3":"status-publish","4":"has-post-thumbnail","6":"product_cat-stainless-steel-parts","7":"product_tag-electric-heating-element","8":"product_tag-stainless-steel-heat-exchanger","9":"product_tag-small-appliance-heating-element","10":"product_tag-heating-plates-in-microwave-oven","11":"product_tag-electric-heater-parts","13":"first","14":"instock","15":"shipping-taxable","16":"product-type-simple"},"_links":{"self":[{"href":"https:\/\/jinzho.com\/de\/wp-json\/wp\/v2\/product\/1038","targetHints":{"allow":["GET"]}}],"collection":[{"href":"https:\/\/jinzho.com\/de\/wp-json\/wp\/v2\/product"}],"about":[{"href":"https:\/\/jinzho.com\/de\/wp-json\/wp\/v2\/types\/product"}],"replies":[{"embeddable":true,"href":"https:\/\/jinzho.com\/de\/wp-json\/wp\/v2\/comments?post=1038"}],"wp:featuredmedia":[{"embeddable":true,"href":"https:\/\/jinzho.com\/de\/wp-json\/wp\/v2\/media\/1861"}],"wp:attachment":[{"href":"https:\/\/jinzho.com\/de\/wp-json\/wp\/v2\/media?parent=1038"}],"wp:term":[{"taxonomy":"product_brand","embeddable":true,"href":"https:\/\/jinzho.com\/de\/wp-json\/wp\/v2\/product_brand?post=1038"},{"taxonomy":"product_cat","embeddable":true,"href":"https:\/\/jinzho.com\/de\/wp-json\/wp\/v2\/product_cat?post=1038"},{"taxonomy":"product_tag","embeddable":true,"href":"https:\/\/jinzho.com\/de\/wp-json\/wp\/v2\/product_tag?post=1038"}],"curies":[{"name":"wp","href":"https:\/\/api.w.org\/{rel}","templated":true}]}}