{"id":1010,"date":"2025-05-12T03:35:19","date_gmt":"2025-05-12T03:35:19","guid":{"rendered":"https:\/\/jinzho.com\/?post_type=product&#038;p=1010"},"modified":"2025-06-07T05:29:22","modified_gmt":"2025-06-07T05:29:22","slug":"dampfbugeleisen-heizplatte","status":"publish","type":"product","link":"https:\/\/jinzho.com\/de\/product\/steam-iron-heating-plate\/","title":{"rendered":"Dampfb\u00fcgeleisen-Heizplatte"},"content":{"rendered":"<h2>Produktanwendungen<\/h2>\n<p>Haushalts-Dampfb\u00fcgeleisen (z. B. Philips\/Panasonic\/Dyson), gewerbliche Industrie-Dampfb\u00fcgeleisen (schwere industrielle Stoffpressung), Hotel-gewerbliche elektrische B\u00fcgelausr\u00fcstung, Labor-Hochtemperatur-B\u00fcgelwerkzeuge, medizinische Schutzanzug-Sterilisationsb\u00fcgeleisen, Bekleidungsfabrik-Serienb\u00fcgelsysteme, Dampf-H\u00e4ngemaschinen-Kernheizmodule (z. B. Bosch\/Midea), B\u00fcgeleisen-Reparatur und Austausch-Heizplatten, intelligente temperaturgesteuerte B\u00fcgelausr\u00fcstung (Internet der Dinge\/APP-Steuerung), elektrische Dampfbox\/B\u00fcgelmaschinen-Heizkomponenten.<\/p>\n<h2>Dampfb\u00fcgeleisen-Heizplatten-Spezifikationen (Kernparameter)<\/h2>\n<div class=\"hyc-common-markdown__table-wrapper\">\n<table>\n<thead>\n<tr>\n<th>\u200b<strong>\u200bParameter\u200b<\/strong>\u200b<\/th>\n<th>\u200b<strong>Spezifikationsbereich<\/strong>\u200b<\/th>\n<\/tr>\n<\/thead>\n<tbody>\n<tr>\n<td>Leistungsbereich<\/td>\n<td>800W\u20133000W (abdeckt Haushalts- bis gewerbliche Dampfb\u00fcgeleisen und -pressen)<\/td>\n<\/tr>\n<tr>\n<td>Betriebsspannung<\/td>\n<td>220 V (einphasig, Haushaltsstandard); 380 V (dreiphasig, gewerblich optional)<\/td>\n<\/tr>\n<tr>\n<td>Widerstandswert<\/td>\n<td>15\u03a9\u201360\u03a9 (angepasst an Leistung\/Spannung; Einzel- oder Mehrfachkonfiguration)<\/td>\n<\/tr>\n<tr>\n<td>Betriebstemperatur<\/td>\n<td>Oberfl\u00e4che: 150\u2103\u2013220\u2103 (normale Dampferzeugung); Max. Belastbarkeit: 250\u2103 (Kurzzeit-\u00dcberlastschutz)<\/td>\n<\/tr>\n<tr>\n<td>Material<\/td>\n<td>Heizelement: Nickel-Chrom-Legierung (Cr20Ni80, \u03a60,6mm\u2013\u03a61,8mm, hoher spezifischer Widerstand &amp; W\u00e4rmeleitf\u00e4higkeit); Geh\u00e4use: 304\/316 Edelstahl (korrosionsbest\u00e4ndig, St\u00e4rke 1,0mm\u20132,5mm)<\/td>\n<\/tr>\n<tr>\n<td>Ma\u00dfe<\/td>\n<td>L\u00e4nge: 100mm\u2013400mm; Breite: 40mm\u2013120mm; Dicke: 15mm\u201350mm (schlankes, konturiertes Design f\u00fcr Dampfb\u00fcgeleisen\/-pressen-Heizschlitze)<\/td>\n<\/tr>\n<tr>\n<td>Lebensdauer<\/td>\n<td>6000h\u201312000h (Normalbetrieb, kein Trockenbrand\/Kalkablagerung unter typischen Dampfbedingungen)<\/td>\n<\/tr>\n<\/tbody>\n<\/table>\n<\/div>\n<h2>Produkteigenschaften (Kernfunktionen)<\/h2>\n<ul>\n<li>\u200b<strong>Schnelle &amp; effiziente Erw\u00e4rmung<\/strong>: Hochleitf\u00e4higer Nickel-Chrom-Legierungskern erw\u00e4rmt sich auf 180\u2103 (optimale Dampftemperatur) in \u22643 Minuten f\u00fcr 1500W-Modelle, minimiert Wartezeit beim B\u00fcgeln oder D\u00e4mpfen.<\/li>\n<li>\u200b<strong>Gleichm\u00e4\u00dfige W\u00e4rmeverteilung<\/strong>: Pr\u00e4zisionsgegossenes Edelstahlgeh\u00e4use gew\u00e4hrleistet gleichm\u00e4\u00dfige W\u00e4rme\u00fcbertragung \u00fcber die Plattenoberfl\u00e4che, reduziert Kaltstellen und lokale Kalkablagerungen \u2013 entscheidend f\u00fcr konstante Dampfabgabe.<\/li>\n<li>\u200b<strong>Korrosions- &amp; Kalkbest\u00e4ndigkeit<\/strong>: 304\/316 Edelstahlgeh\u00e4use widersteht Wasser, Dampf und Mineralablagerungen (Kalk), w\u00e4hrend die optimierte Oberfl\u00e4chenbeschaffenheit die Anhaftung von R\u00fcckst\u00e4nden verringert und die Lebensdauer in feuchten Umgebungen verl\u00e4ngert.<\/li>\n<li>\u200b<strong>Pr\u00e4zise Temperaturkontrolle<\/strong>: Widerstandsabgleich erm\u00f6glicht \u00b13\u2103 Temperaturstabilit\u00e4t, erm\u00f6glicht Einstellung f\u00fcr empfindliche Stoffe (Seide, Wolle) zum Schutz vor Versengen und f\u00fcr optimale B\u00fcgelergebnisse.<\/li>\n<li>\u200b<strong>Multi-Ger\u00e4te-Anpassungsf\u00e4higkeit<\/strong>: Anpassbare Abmessungen (L\u00e4nge: 100\u2013400mm) und Schlitzgeometrie passen zu Mainstream-Dampfb\u00fcgeleisen (z. B. Rowenta, Philips, Jiffy) und -pressen, erm\u00f6glichen direkten Austausch ohne Modifikation.<\/li>\n<li>\u200b<strong>Sicherer &amp; Zuverl\u00e4ssiger Betrieb<\/strong>: Isolierte Edelstahloberfl\u00e4che verhindert Stromlecks; integrierter \u00dcberhitzungsschutz (Automatik-Abschaltung bei &gt;250\u2103) sch\u00fctzt vor Trockenbrennen oder \u00dcberhitzung w\u00e4hrend des Gebrauchs.<\/li>\n<li>\u200b<strong>Wartungsarmes Design<\/strong>: Reduzierte thermische Spannung und gleichm\u00e4\u00dfige W\u00e4rmeverteilung minimieren Plattenverzug, w\u00e4hrend die Anti-Kalk-Beschichtung die Reinigungsh\u00e4ufigkeit senkt \u2013 ideal f\u00fcr t\u00e4glichen oder gewerblichen Einsatz (z. B. 30-min\u00fctiges t\u00e4gliches B\u00fcgeln).<\/li>\n<\/ul>\n<p><img fetchpriority=\"high\" decoding=\"async\" class=\"aligncenter size-full wp-image-3366\" src=\"http:\/\/jinzho.com\/wp-content\/uploads\/2025\/05\/heating-element-factory-11.jpg\" alt=\"\" width=\"1254\" height=\"600\" title=\"\" srcset=\"https:\/\/jinzho.com\/wp-content\/uploads\/2025\/05\/heating-element-factory-11.jpg 1254w, https:\/\/jinzho.com\/wp-content\/uploads\/2025\/05\/heating-element-factory-11-300x144.jpg 300w, https:\/\/jinzho.com\/wp-content\/uploads\/2025\/05\/heating-element-factory-11-1024x490.jpg 1024w, https:\/\/jinzho.com\/wp-content\/uploads\/2025\/05\/heating-element-factory-11-768x367.jpg 768w, https:\/\/jinzho.com\/wp-content\/uploads\/2025\/05\/heating-element-factory-11-600x287.jpg 600w\" sizes=\"(max-width: 1254px) 100vw, 1254px\" \/><\/p>","protected":false},"excerpt":{"rendered":"<p>Die Heizplatte f\u00fcr Dampfb\u00fcgeleisen verwendet ein Substrat aus Druckguss-Aluminiumlegierung und Dickschichtwiderstandstechnologie, integriert mit einem PID-Temperaturregelmodul und einem NTC-Temperatursensor. Sie erreicht 3-Sekunden-Aufheizzeit, einen Energieeffizienzwert \u2265 96%, einen Arbeitstemperaturbereich von 80\u2103-250\u2103 und eignet sich f\u00fcr Hochfrequenz-Dampfabgabe und Hochtemperatur-B\u00fcgelanforderungen. Sie verf\u00fcgt \u00fcber IPX7 Wasserschutz, Schutz vor Kalkkorrosion und Trockenbrand, unterst\u00fctzt 500W-2000W Leistungsanpassung, und die Oberfl\u00e4cheneloxierung verbessert Hochtemperaturoxidationsbest\u00e4ndigkeit, gleichm\u00e4\u00dfige W\u00e4rmeleitung sowie eine Lebensdauer von \u00fcber 30.000 Stunden. Entspricht der EU-CE-Zertifizierung und erf\u00fcllt die Anforderungen an pr\u00e4zise Temperaturregelung und hohe Stabilit\u00e4t f\u00fcr Dampfb\u00fcgeleisen.<\/p>\n<p>Mindestbestellmenge: 1000<br \/>\nLieferfrist: 15-25 Tage<br \/>\nStandort der Fabrik: Zhongshan, Guangdong, China<\/p>","protected":false},"featured_media":2022,"comment_status":"closed","ping_status":"closed","template":"","meta":[],"product_brand":[],"product_cat":[2739],"product_tag":[43,53,73,105,108],"class_list":{"0":"post-1010","1":"product","2":"type-product","3":"status-publish","4":"has-post-thumbnail","6":"product_cat-heated-die-casting-parts","7":"product_tag-water-heating-element","8":"product_tag-electric-heating-element","9":"product_tag-appliance-heating-elements","10":"product_tag-heater-element-plate","11":"product_tag-electric-heating-element-with-plate","13":"first","14":"instock","15":"shipping-taxable","16":"product-type-simple"},"_links":{"self":[{"href":"https:\/\/jinzho.com\/de\/wp-json\/wp\/v2\/product\/1010","targetHints":{"allow":["GET"]}}],"collection":[{"href":"https:\/\/jinzho.com\/de\/wp-json\/wp\/v2\/product"}],"about":[{"href":"https:\/\/jinzho.com\/de\/wp-json\/wp\/v2\/types\/product"}],"replies":[{"embeddable":true,"href":"https:\/\/jinzho.com\/de\/wp-json\/wp\/v2\/comments?post=1010"}],"wp:featuredmedia":[{"embeddable":true,"href":"https:\/\/jinzho.com\/de\/wp-json\/wp\/v2\/media\/2022"}],"wp:attachment":[{"href":"https:\/\/jinzho.com\/de\/wp-json\/wp\/v2\/media?parent=1010"}],"wp:term":[{"taxonomy":"product_brand","embeddable":true,"href":"https:\/\/jinzho.com\/de\/wp-json\/wp\/v2\/product_brand?post=1010"},{"taxonomy":"product_cat","embeddable":true,"href":"https:\/\/jinzho.com\/de\/wp-json\/wp\/v2\/product_cat?post=1010"},{"taxonomy":"product_tag","embeddable":true,"href":"https:\/\/jinzho.com\/de\/wp-json\/wp\/v2\/product_tag?post=1010"}],"curies":[{"name":"wp","href":"https:\/\/api.w.org\/{rel}","templated":true}]}}